{"id":15522,"date":"2020-10-15T13:45:38","date_gmt":"2020-10-15T12:45:38","guid":{"rendered":"https:\/\/evora2.int.skilltech.pt\/susProjects\/wp_evora2_suite\/?page_id=15522"},"modified":"2023-02-13T10:17:02","modified_gmt":"2023-02-13T10:17:02","slug":"loja-trocar-e-o-que-esta-a-dar","status":"publish","type":"page","link":"https:\/\/www.cm-evora.pt\/en\/municipe\/areas-de-acao\/acao-social\/centro-de-convivio-da-cme\/loja-trocar-e-o-que-esta-a-dar\/","title":{"rendered":"(Portugu\u00eas) Loja &#8220;Trocar \u00e9 o que est\u00e1 a dar&#8221;"},"content":{"rendered":"<p class=\"qtranxs-available-languages-message qtranxs-available-languages-message-en\">Sorry, this entry is only available in <a href=\"https:\/\/www.cm-evora.pt\/pt\/wp-json\/wp\/v2\/pages\/15522\" class=\"qtranxs-available-language-link qtranxs-available-language-link-pt\" title=\"Portugu\u00eas\">Portugu\u00eas<\/a>.<\/p><p><strong>Todas as segundas segunda-feira de cada m\u00eas (antes do mercado) \u2013 Loja das Trocas<\/strong><\/p>\n<p style=\"text-align: center\"><a href=\"https:\/\/www.cm-evora.pt\/wp-content\/uploads\/2020\/10\/639x362_lojatrocas.jpg\" target=\"_blank\" rel=\"noopener\"><img loading=\"lazy\" decoding=\"async\" class=\"alignnone wp-image-15549 size-full\" src=\"https:\/\/www.cm-evora.pt\/wp-content\/uploads\/2020\/10\/639x362_lojatrocas.jpg\" alt=\"\" width=\"639\" height=\"362\" srcset=\"https:\/\/www.cm-evora.pt\/wp-content\/uploads\/2020\/10\/639x362_lojatrocas.jpg 639w, https:\/\/www.cm-evora.pt\/wp-content\/uploads\/2020\/10\/639x362_lojatrocas-300x170.jpg 300w\" sizes=\"auto, (max-width: 639px) 100vw, 639px\" \/><\/a><\/p>\n<div>\n<p>&nbsp;<\/p>\n<p><u>Data<\/u>: todas as segundas, segunda-feira de cada m\u00eas (antes do mercado)<\/p>\n<p><u>Hor\u00e1rio<\/u>: todo o dia<\/p>\n<p><u>P\u00fablico<\/u>: toda a comunidade<\/p>\n<p><u>Objetivo<\/u>: Troca de roupa\/cal\u00e7ado, brinquedos, bijuterias, etc.<\/p>\n<p>&nbsp;<\/p>\n<p>Dando resposta a uma das necessidades mais urgentes dos utentes do Centro de Conv\u00edvio, identificadas aquando do servi\u00e7o de proximidade, surge a Loja \u201c<strong>Trocar \u00e9 o que est\u00e1 a dar<\/strong>\u201d, em parceria com o Banco do Tempo.<\/p>\n<p>A Loja \u201cTrocar \u00e9 o que est\u00e1 a Dar\u201d abre oficialmente 1 vez por m\u00eas. No entanto, sempre que solicitado, poder\u00e1 abrir excecionalmente de forma a dar apoio a quem mais necessita.<\/p>\n<p>&nbsp;<\/p>\n<p><strong>Para mais informa\u00e7\u00e3o<\/strong>:<\/p>\n<ul>\n<li style=\"list-style-type: none\">\n<ul>\n<li>Centro de Conv\u00edvio da C\u00e2mara Municipal de \u00c9vora,\u00a0Rua do Fragoso, n\u00ba 8, 1\u00ba andar<\/li>\n<li><u>Telefone<\/u>: <a href=\"tel:+351266777067\" target=\"_blank\" rel=\"noopener\">+351 266 777 067<\/a> \u00abChamada para a rede fixa nacional\u00bb<\/li>\n<li><u>Email<\/u>: <u><a href=\"mailto:cconvivio@cm-evora.pt\" target=\"_blank\" rel=\"noopener\">cconvivio@cm-evora.pt<\/a><\/u><\/li>\n<\/ul>\n<\/li>\n<\/ul>\n<p>&nbsp;<\/p>\n<p><u>Organiza\u00e7\u00e3o<\/u>: C\u00e2mara Municipal de \u00c9vora\/Centro de Conv\u00edvio da C\u00e2mara Municipal de \u00c9vora<\/p>\n<p><u>Parceria<\/u>: Banco do Tempo<\/p>\n<p>&nbsp;<\/p>\n<\/div>\n<p><\/p>","protected":false},"excerpt":{"rendered":"<p>Sorry, this entry is only available in Portugu\u00eas.Todas as segundas segunda-feira de cada m\u00eas (antes do mercado) \u2013 Loja das Trocas &nbsp; Data: todas as segundas, segunda-feira de cada m\u00eas (antes do mercado) Hor\u00e1rio: todo o dia P\u00fablico: toda a comunidade Objetivo: Troca de roupa\/cal\u00e7ado, brinquedos, bijuterias, etc. &nbsp; Dando resposta a uma das necessidades [&hellip;]<\/p>\n","protected":false},"author":38,"featured_media":0,"parent":15491,"menu_order":5,"comment_status":"closed","ping_status":"closed","template":"templates-map\/component-text-layout1.php","meta":{"_acf_changed":false,"footnotes":""},"categories":[],"class_list":["post-15522","page","type-page","status-publish","hentry"],"acf":{"imagens":"","titulo_docs_seccao":"","documentos":""},"_links":{"self":[{"href":"https:\/\/www.cm-evora.pt\/en\/wp-json\/wp\/v2\/pages\/15522","targetHints":{"allow":["GET"]}}],"collection":[{"href":"https:\/\/www.cm-evora.pt\/en\/wp-json\/wp\/v2\/pages"}],"about":[{"href":"https:\/\/www.cm-evora.pt\/en\/wp-json\/wp\/v2\/types\/page"}],"author":[{"embeddable":true,"href":"https:\/\/www.cm-evora.pt\/en\/wp-json\/wp\/v2\/users\/38"}],"replies":[{"embeddable":true,"href":"https:\/\/www.cm-evora.pt\/en\/wp-json\/wp\/v2\/comments?post=15522"}],"version-history":[{"count":12,"href":"https:\/\/www.cm-evora.pt\/en\/wp-json\/wp\/v2\/pages\/15522\/revisions"}],"predecessor-version":[{"id":45524,"href":"https:\/\/www.cm-evora.pt\/en\/wp-json\/wp\/v2\/pages\/15522\/revisions\/45524"}],"up":[{"embeddable":true,"href":"https:\/\/www.cm-evora.pt\/en\/wp-json\/wp\/v2\/pages\/15491"}],"wp:attachment":[{"href":"https:\/\/www.cm-evora.pt\/en\/wp-json\/wp\/v2\/media?parent=15522"}],"wp:term":[{"taxonomy":"category","embeddable":true,"href":"https:\/\/www.cm-evora.pt\/en\/wp-json\/wp\/v2\/categories?post=15522"}],"curies":[{"name":"wp","href":"https:\/\/api.w.org\/{rel}","templated":true}]}}