{"id":15562,"date":"2020-10-16T10:37:03","date_gmt":"2020-10-16T09:37:03","guid":{"rendered":"https:\/\/evora2.int.skilltech.pt\/susProjects\/wp_evora2_suite\/?page_id=15562"},"modified":"2023-01-09T10:51:07","modified_gmt":"2023-01-09T10:51:07","slug":"o-que-e","status":"publish","type":"page","link":"https:\/\/www.cm-evora.pt\/en\/municipe\/areas-de-acao\/acao-social\/plano-de-desenvolvimento-social-de-evora\/o-que-e\/","title":{"rendered":"O que \u00e9?"},"content":{"rendered":"<p><a href=\"https:\/\/www.cm-evora.pt\/wp-content\/uploads\/2020\/10\/PlanoDesenvolvimentoSocial_atual-1.pdf\" target=\"_blank\" rel=\"noopener noreferrer\"><img loading=\"lazy\" decoding=\"async\" class=\"alignnone wp-image-15577 size-full\" src=\"https:\/\/www.cm-evora.pt\/wp-content\/uploads\/2020\/10\/planoDesenvolvimentoSocial_img_capa_639.jpg\" alt=\"\" width=\"639\" height=\"362\" srcset=\"https:\/\/www.cm-evora.pt\/wp-content\/uploads\/2020\/10\/planoDesenvolvimentoSocial_img_capa_639.jpg 639w, https:\/\/www.cm-evora.pt\/wp-content\/uploads\/2020\/10\/planoDesenvolvimentoSocial_img_capa_639-300x170.jpg 300w\" sizes=\"auto, (max-width: 639px) 100vw, 639px\" \/><\/a><\/p>\n<div>\u200b\u200bO\u00a0<strong>Plano de Desenvolvimento Social<\/strong> (PDS) \u00e9 um instrumento orientador de toda a estrat\u00e9gia de interven\u00e7\u00e3o social do concelho. Visa, sobretudo, conhecer as necessidades sentidas e recursos e potencialidades existentes, gerando a\u00e7\u00f5es que permitam reduzir a pobreza, o desemprego e a exclus\u00e3o social e apostar na sua preven\u00e7\u00e3o.<\/div>\n<div><\/div>\n<div>O\u00a0 PDS \u00e9 um documento\u00a0 din\u00e2mico, em cont\u00ednua adapta\u00e7\u00e3o \u00e0 realidade identificada, monitorizada atrav\u00e9s dos agentes que integram o CLASE. A monitoriza\u00e7\u00e3o do PDS permite uma reflex\u00e3o sobre a sua execu\u00e7\u00e3o, para avaliar a sua efic\u00e1cia e efici\u00eancia.<\/div>\n<div><\/div>\n<div>\u00c9 definido, negociado e aprovado entre os diversos parceiros do Conselho Local de A\u00e7\u00e3o de\u00a0 \u00c9vora (CLASE) e vigora por tri\u00e9nio.<\/div>\n<p><\/p>","protected":false},"excerpt":{"rendered":"<p>\u200b\u200bO\u00a0Plano de Desenvolvimento Social (PDS) \u00e9 um instrumento orientador de toda a estrat\u00e9gia de interven\u00e7\u00e3o social do concelho. Visa, sobretudo, conhecer as necessidades sentidas e recursos e potencialidades existentes, gerando a\u00e7\u00f5es que permitam reduzir a pobreza, o desemprego e a exclus\u00e3o social e apostar na sua preven\u00e7\u00e3o. O\u00a0 PDS \u00e9 um documento\u00a0 din\u00e2mico, em cont\u00ednua [&hellip;]<\/p>\n","protected":false},"author":38,"featured_media":0,"parent":15552,"menu_order":0,"comment_status":"closed","ping_status":"closed","template":"templates-map\/component-text-layout1.php","meta":{"_acf_changed":false,"footnotes":""},"categories":[],"class_list":["post-15562","page","type-page","status-publish","hentry"],"acf":{"imagens":"","titulo_docs_seccao":"","documentos":[15579]},"_links":{"self":[{"href":"https:\/\/www.cm-evora.pt\/en\/wp-json\/wp\/v2\/pages\/15562","targetHints":{"allow":["GET"]}}],"collection":[{"href":"https:\/\/www.cm-evora.pt\/en\/wp-json\/wp\/v2\/pages"}],"about":[{"href":"https:\/\/www.cm-evora.pt\/en\/wp-json\/wp\/v2\/types\/page"}],"author":[{"embeddable":true,"href":"https:\/\/www.cm-evora.pt\/en\/wp-json\/wp\/v2\/users\/38"}],"replies":[{"embeddable":true,"href":"https:\/\/www.cm-evora.pt\/en\/wp-json\/wp\/v2\/comments?post=15562"}],"version-history":[{"count":8,"href":"https:\/\/www.cm-evora.pt\/en\/wp-json\/wp\/v2\/pages\/15562\/revisions"}],"predecessor-version":[{"id":44440,"href":"https:\/\/www.cm-evora.pt\/en\/wp-json\/wp\/v2\/pages\/15562\/revisions\/44440"}],"up":[{"embeddable":true,"href":"https:\/\/www.cm-evora.pt\/en\/wp-json\/wp\/v2\/pages\/15552"}],"acf:post":[{"embeddable":true,"href":"https:\/\/www.cm-evora.pt\/en\/wp-json\/wp\/v2\/listas_ficheiros\/15579"}],"wp:attachment":[{"href":"https:\/\/www.cm-evora.pt\/en\/wp-json\/wp\/v2\/media?parent=15562"}],"wp:term":[{"taxonomy":"category","embeddable":true,"href":"https:\/\/www.cm-evora.pt\/en\/wp-json\/wp\/v2\/categories?post=15562"}],"curies":[{"name":"wp","href":"https:\/\/api.w.org\/{rel}","templated":true}]}}