{"id":15611,"date":"2020-10-19T10:51:35","date_gmt":"2020-10-19T09:51:35","guid":{"rendered":"https:\/\/evora2.int.skilltech.pt\/susProjects\/wp_evora2_suite\/?page_id=15611"},"modified":"2023-01-09T11:33:06","modified_gmt":"2023-01-09T11:33:06","slug":"o-que-e","status":"publish","type":"page","link":"https:\/\/www.cm-evora.pt\/en\/municipe\/areas-de-acao\/acao-social\/programa-municipal-de-envelhecimento-positivo\/o-que-e\/","title":{"rendered":"O que \u00e9"},"content":{"rendered":"<p><a href=\"https:\/\/www.cm-evora.pt\/wp-content\/uploads\/2020\/10\/banner-639x362_PMEA-2018.jpg\"><img loading=\"lazy\" decoding=\"async\" class=\"alignnone size-full wp-image-15627\" src=\"https:\/\/www.cm-evora.pt\/wp-content\/uploads\/2020\/10\/banner-639x362_PMEA-2018.jpg\" alt=\"\" width=\"639\" height=\"362\" srcset=\"https:\/\/www.cm-evora.pt\/wp-content\/uploads\/2020\/10\/banner-639x362_PMEA-2018.jpg 639w, https:\/\/www.cm-evora.pt\/wp-content\/uploads\/2020\/10\/banner-639x362_PMEA-2018-300x170.jpg 300w\" sizes=\"auto, (max-width: 639px) 100vw, 639px\" \/><\/a><\/p>\n<div>O Programa Municipal de Envelhecimento Positivo \u00e9 um documento sistematizador das principais estrat\u00e9gias e a\u00e7\u00f5es a desenvolver na \u00e1rea do envelhecimento positivo, ativo e saud\u00e1vel.<\/div>\n<div>Este programa municipal com vista \u00e0 melhoria da qualidade de vida dos idosos, procura dar uma resposta v\u00e1lida e estruturante a esta faixa populacional, potenciando as respostas sociais j\u00e1 existentes e desenvolvendo outras consideradas oportunas para a prossecu\u00e7\u00e3o dos objetivos tra\u00e7ados. Pretende-se dinamizar um conjunto de a\u00e7\u00f5es, que visam promover junto da terceira idade uma vida mais saud\u00e1vel, de conv\u00edvio, cultura e bem-estar, proporcionando uma ampla integra\u00e7\u00e3o e socializa\u00e7\u00e3o, de forma a combater a solid\u00e3o e a exclus\u00e3o social, inerente \u00e0 progressiva diminui\u00e7\u00e3o da capacidade f\u00edsica, \u00e0 sua condi\u00e7\u00e3o econ\u00f3mica e afastamento geogr\u00e1fico.<\/div>\n<div>O Programa Municipal de Envelhecimento Positivo conta com a participa\u00e7\u00e3o da Unidade de Rede de Envelhecimento Positivo.\u200b<\/div>\n<div><\/div>\n<p><\/p>","protected":false},"excerpt":{"rendered":"<p>O Programa Municipal de Envelhecimento Positivo \u00e9 um documento sistematizador das principais estrat\u00e9gias e a\u00e7\u00f5es a desenvolver na \u00e1rea do envelhecimento positivo, ativo e saud\u00e1vel. Este programa municipal com vista \u00e0 melhoria da qualidade de vida dos idosos, procura dar uma resposta v\u00e1lida e estruturante a esta faixa populacional, potenciando as respostas sociais j\u00e1 existentes [&hellip;]<\/p>\n","protected":false},"author":38,"featured_media":0,"parent":15597,"menu_order":0,"comment_status":"closed","ping_status":"closed","template":"templates-map\/component-text-layout1.php","meta":{"_acf_changed":false,"footnotes":""},"categories":[],"class_list":["post-15611","page","type-page","status-publish","hentry"],"acf":{"imagens":"","titulo_docs_seccao":"","documentos":[15628]},"_links":{"self":[{"href":"https:\/\/www.cm-evora.pt\/en\/wp-json\/wp\/v2\/pages\/15611","targetHints":{"allow":["GET"]}}],"collection":[{"href":"https:\/\/www.cm-evora.pt\/en\/wp-json\/wp\/v2\/pages"}],"about":[{"href":"https:\/\/www.cm-evora.pt\/en\/wp-json\/wp\/v2\/types\/page"}],"author":[{"embeddable":true,"href":"https:\/\/www.cm-evora.pt\/en\/wp-json\/wp\/v2\/users\/38"}],"replies":[{"embeddable":true,"href":"https:\/\/www.cm-evora.pt\/en\/wp-json\/wp\/v2\/comments?post=15611"}],"version-history":[{"count":6,"href":"https:\/\/www.cm-evora.pt\/en\/wp-json\/wp\/v2\/pages\/15611\/revisions"}],"predecessor-version":[{"id":44442,"href":"https:\/\/www.cm-evora.pt\/en\/wp-json\/wp\/v2\/pages\/15611\/revisions\/44442"}],"up":[{"embeddable":true,"href":"https:\/\/www.cm-evora.pt\/en\/wp-json\/wp\/v2\/pages\/15597"}],"acf:post":[{"embeddable":true,"href":"https:\/\/www.cm-evora.pt\/en\/wp-json\/wp\/v2\/listas_ficheiros\/15628"}],"wp:attachment":[{"href":"https:\/\/www.cm-evora.pt\/en\/wp-json\/wp\/v2\/media?parent=15611"}],"wp:term":[{"taxonomy":"category","embeddable":true,"href":"https:\/\/www.cm-evora.pt\/en\/wp-json\/wp\/v2\/categories?post=15611"}],"curies":[{"name":"wp","href":"https:\/\/api.w.org\/{rel}","templated":true}]}}