{"id":15623,"date":"2020-10-19T11:57:11","date_gmt":"2020-10-19T10:57:11","guid":{"rendered":"https:\/\/evora2.int.skilltech.pt\/susProjects\/wp_evora2_suite\/?page_id=15623"},"modified":"2023-02-10T15:00:27","modified_gmt":"2023-02-10T15:00:27","slug":"contactos-para-pmep","status":"publish","type":"page","link":"https:\/\/www.cm-evora.pt\/en\/municipe\/areas-de-acao\/acao-social\/programa-municipal-de-envelhecimento-positivo\/contactos-para-pmep\/","title":{"rendered":"Contatos"},"content":{"rendered":"<p class=\"qtranxs-available-languages-message qtranxs-available-languages-message-en\">Sorry, this entry is only available in <a href=\"https:\/\/www.cm-evora.pt\/pt\/wp-json\/wp\/v2\/pages\/15623\" class=\"qtranxs-available-language-link qtranxs-available-language-link-pt\" title=\"Portugu\u00eas\">Portugu\u00eas<\/a>.<\/p><p><strong>Divis\u00e3o de Educa\u00e7\u00e3o e Interven\u00e7\u00e3o Social | Divis\u00e3o de Juventude e Desporto<\/strong><\/p>\n<p>Edif\u00edcio de S. Pedro, P\u00e1teo do Salema, Rua Diogo C\u00e3o, n\u00ba 19<\/p>\n<p><u>Email<\/u>: <u><a href=\"mailto:cme.deis@cm-evora.pt\" target=\"_blank\" rel=\"noopener\">cme.deis@cm-evora.pt<\/a><\/u> | <u>Telefone<\/u>: <a href=\"tel:+351266777108\" target=\"_blank\" rel=\"noopener\">+351 266 777\u00a0108<\/a> \u00abChamada para a rede fixa nacional\u00bb<\/p>\n<p>&nbsp;<\/p>","protected":false},"excerpt":{"rendered":"<p>Sorry, this entry is only available in Portugu\u00eas.Divis\u00e3o de Educa\u00e7\u00e3o e Interven\u00e7\u00e3o Social | Divis\u00e3o de Juventude e Desporto Edif\u00edcio de S. Pedro, P\u00e1teo do Salema, Rua Diogo C\u00e3o, n\u00ba 19 Email: cme.deis@cm-evora.pt | Telefone: +351 266 777\u00a0108 \u00abChamada para a rede fixa nacional\u00bb &nbsp;<\/p>\n","protected":false},"author":38,"featured_media":0,"parent":15597,"menu_order":4,"comment_status":"closed","ping_status":"closed","template":"templates-map\/component-text-layout1.php","meta":{"_acf_changed":false,"footnotes":""},"categories":[],"class_list":["post-15623","page","type-page","status-publish","hentry"],"acf":{"imagens":"","titulo_docs_seccao":"","documentos":""},"_links":{"self":[{"href":"https:\/\/www.cm-evora.pt\/en\/wp-json\/wp\/v2\/pages\/15623","targetHints":{"allow":["GET"]}}],"collection":[{"href":"https:\/\/www.cm-evora.pt\/en\/wp-json\/wp\/v2\/pages"}],"about":[{"href":"https:\/\/www.cm-evora.pt\/en\/wp-json\/wp\/v2\/types\/page"}],"author":[{"embeddable":true,"href":"https:\/\/www.cm-evora.pt\/en\/wp-json\/wp\/v2\/users\/38"}],"replies":[{"embeddable":true,"href":"https:\/\/www.cm-evora.pt\/en\/wp-json\/wp\/v2\/comments?post=15623"}],"version-history":[{"count":8,"href":"https:\/\/www.cm-evora.pt\/en\/wp-json\/wp\/v2\/pages\/15623\/revisions"}],"predecessor-version":[{"id":45498,"href":"https:\/\/www.cm-evora.pt\/en\/wp-json\/wp\/v2\/pages\/15623\/revisions\/45498"}],"up":[{"embeddable":true,"href":"https:\/\/www.cm-evora.pt\/en\/wp-json\/wp\/v2\/pages\/15597"}],"wp:attachment":[{"href":"https:\/\/www.cm-evora.pt\/en\/wp-json\/wp\/v2\/media?parent=15623"}],"wp:term":[{"taxonomy":"category","embeddable":true,"href":"https:\/\/www.cm-evora.pt\/en\/wp-json\/wp\/v2\/categories?post=15623"}],"curies":[{"name":"wp","href":"https:\/\/api.w.org\/{rel}","templated":true}]}}