{"id":15907,"date":"2020-11-05T09:38:29","date_gmt":"2020-11-05T09:38:29","guid":{"rendered":"https:\/\/evora2.int.skilltech.pt\/susProjects\/wp_evora2_suite\/?page_id=15907"},"modified":"2023-05-16T15:13:31","modified_gmt":"2023-05-16T14:13:31","slug":"a-cidade-educadora-afirma-se-em-nos","status":"publish","type":"page","link":"https:\/\/www.cm-evora.pt\/en\/municipe\/projetos-municipais\/evora-cidade-educadora\/a-cidade-educadora-afirma-se-em-nos\/","title":{"rendered":"A Cidade Educadora afirma-se em N\u00f3s!"},"content":{"rendered":"<div style=\"text-align: left\"><a href=\"https:\/\/www.cm-evora.pt\/wp-content\/uploads\/2021\/02\/CidadeGeral1-2.jpg\" target=\"_blank\" rel=\"noopener\"><img loading=\"lazy\" decoding=\"async\" class=\"alignleft wp-image-20602 size-thumbnail\" src=\"https:\/\/www.cm-evora.pt\/wp-content\/uploads\/2021\/02\/CidadeGeral1-2-150x150.jpg\" alt=\"\" width=\"150\" height=\"150\" \/><\/a> <a href=\"https:\/\/www.cm-evora.pt\/wp-content\/uploads\/2021\/02\/CidadeGeral2-1.jpg\" target=\"_blank\" rel=\"noopener\"><img loading=\"lazy\" decoding=\"async\" class=\"alignleft wp-image-20603 size-thumbnail\" src=\"https:\/\/www.cm-evora.pt\/wp-content\/uploads\/2021\/02\/CidadeGeral2-1-150x150.jpg\" alt=\"\" width=\"150\" height=\"150\" \/><\/a> <a href=\"https:\/\/www.cm-evora.pt\/wp-content\/uploads\/2021\/02\/CidadeGeral3-1.jpg\" target=\"_blank\" rel=\"noopener\"><img loading=\"lazy\" decoding=\"async\" class=\"alignleft wp-image-20604 size-thumbnail\" src=\"https:\/\/www.cm-evora.pt\/wp-content\/uploads\/2021\/02\/CidadeGeral3-1-150x150.jpg\" alt=\"\" width=\"150\" height=\"150\" \/><\/a><\/div>\n<div style=\"text-align: left\"><\/div>\n<div style=\"text-align: left\"><\/div>\n<p>&nbsp;<\/p>\n<p>&nbsp;<\/p>\n<p>&nbsp;<\/p>\n<p>&nbsp;<\/p>\n<p>&nbsp;<\/p>\n<p>&nbsp;<\/p>\n<p><a href=\"https:\/\/www.cm-evora.pt\/wp-content\/uploads\/2021\/02\/RuasEvora1_3.jpg\" target=\"_blank\" rel=\"noopener\"><img loading=\"lazy\" decoding=\"async\" class=\"alignleft wp-image-21070\" src=\"https:\/\/www.cm-evora.pt\/wp-content\/uploads\/2021\/02\/RuasEvora1_3.jpg\" alt=\"\" width=\"225\" height=\"300\" srcset=\"https:\/\/www.cm-evora.pt\/wp-content\/uploads\/2021\/02\/RuasEvora1_3.jpg 960w, https:\/\/www.cm-evora.pt\/wp-content\/uploads\/2021\/02\/RuasEvora1_3-225x300.jpg 225w, https:\/\/www.cm-evora.pt\/wp-content\/uploads\/2021\/02\/RuasEvora1_3-768x1024.jpg 768w\" sizes=\"auto, (max-width: 225px) 100vw, 225px\" \/><\/a><\/p>\n<p>&nbsp;<\/p>\n<p>\u00c9vora Cidade Educadora vai para l\u00e1 do que se pode ler. A cidade \u00e9 essa for\u00e7a viva que envolve as pessoas e, saindo das suas m\u00e3os, das suas a\u00e7\u00f5es, e da identidade coletiva, traduz o que somos e o que fazemos.<\/p>\n<p>&nbsp;<\/p>\n<p>&nbsp;<\/p>\n<p>Temos na nossa g\u00e9nese a for\u00e7a dos que amam, defendem, valorizam e fazem prosperar o seu territ\u00f3rio, a hist\u00f3ria das suas vidas, o seu tempo, e que assim preparam um legado para o tempo que vir\u00e1. A Cidade Educadora \u00e9 a afirma\u00e7\u00e3o de que todos contam e de que, em todo o tempo, a oportunidade de fazer melhor \u00e9 a oportunidade de fazer mais cidade, de deixar marca que engrandece, que mobiliza, que faz avan\u00e7ar.<\/p>\n<p>Todos, s\u00f3 podemos querer fazer melhor. N\u00e3o nos bastar\u00e1 o que est\u00e1 escrito, n\u00e3o nos contentaremos com o que est\u00e1 bom. Queremos fazer, num movimento de conjunto mas na velocidade de cada um, mais Cidade, mais \u00c9vora Cidade Educadora.<\/p>\n<p>&nbsp;<\/p>\n<p>&nbsp;<\/p>\n<p><a href=\"https:\/\/www.cm-evora.pt\/wp-content\/uploads\/2021\/02\/Ambiente3.jpg\" target=\"_blank\" rel=\"noopener\"><img loading=\"lazy\" decoding=\"async\" class=\"alignleft wp-image-20638 size-thumbnail\" src=\"https:\/\/www.cm-evora.pt\/wp-content\/uploads\/2021\/02\/Ambiente3-150x150.jpg\" alt=\"\" width=\"150\" height=\"150\" \/><\/a> <a href=\"https:\/\/www.cm-evora.pt\/wp-content\/uploads\/2021\/02\/Cidadania1.jpg\" target=\"_blank\" rel=\"noopener\"><img loading=\"lazy\" decoding=\"async\" class=\"alignleft wp-image-20639 size-thumbnail\" src=\"https:\/\/www.cm-evora.pt\/wp-content\/uploads\/2021\/02\/Cidadania1-150x150.jpg\" alt=\"\" width=\"150\" height=\"150\" \/><\/a> <a href=\"https:\/\/www.cm-evora.pt\/wp-content\/uploads\/2021\/02\/Patrimonio1.jpg\" target=\"_blank\" rel=\"noopener\"><img loading=\"lazy\" decoding=\"async\" class=\"alignleft wp-image-20640 size-thumbnail\" src=\"https:\/\/www.cm-evora.pt\/wp-content\/uploads\/2021\/02\/Patrimonio1-150x150.jpg\" alt=\"\" width=\"150\" height=\"150\" \/><\/a><\/p>\n<div><\/div>\n<p>&nbsp;<\/p>\n<div><\/div>\n<p>&nbsp;<\/p>\n<div><\/div>\n<p>&nbsp;<\/p>\n<div><\/div>\n<p>&nbsp;<\/p>\n<div><\/div>\n<p>&nbsp;<\/p>\n<div><\/div>\n<p>&nbsp;<\/p>\n<div><\/div>\n<p>&nbsp;<\/p>\n<div><\/div>\n<div>A cidade \u00e9 uma rede que conta connosco, e n\u00f3s contamos consigo!<\/div>\n<div><\/div>\n<p>&nbsp;<\/p>\n<div>Acompanhe os nossos canais:<\/div>\n<ul>\n<li style=\"list-style-type: none\">\n<ul>\n<li>P\u00e1gina Facebook \u00c9vora, Cidade Educadora <a href=\"https:\/\/www.facebook.com\/EvoraCidadeEducadora\" target=\"_blank\" rel=\"https:\/\/www.facebook.com\/EvoraCidadeEducadora noopener noreferrer\"><img loading=\"lazy\" decoding=\"async\" class=\"alignnone wp-image-15952\" src=\"https:\/\/www.cm-evora.pt\/wp-content\/uploads\/2020\/11\/LogoFacebook01-150x150.png\" alt=\"\" width=\"25\" height=\"25\" srcset=\"https:\/\/www.cm-evora.pt\/wp-content\/uploads\/2020\/11\/LogoFacebook01-150x150.png 150w, https:\/\/www.cm-evora.pt\/wp-content\/uploads\/2020\/11\/LogoFacebook01-300x300.png 300w, https:\/\/www.cm-evora.pt\/wp-content\/uploads\/2020\/11\/LogoFacebook01-768x768.png 768w, https:\/\/www.cm-evora.pt\/wp-content\/uploads\/2020\/11\/LogoFacebook01-220x230.png 220w, https:\/\/www.cm-evora.pt\/wp-content\/uploads\/2020\/11\/LogoFacebook01.png 900w\" sizes=\"auto, (max-width: 25px) 100vw, 25px\" \/><\/a><\/li>\n<\/ul>\n<\/li>\n<\/ul>\n<ul>\n<li style=\"list-style-type: none\">\n<ul>\n<li>Newsletter \u00c9vora, Cidade Educadora. Subscreva <a href=\"http:\/\/www2.cm-evora.pt\/evoracidadeeducadora\/subscricao.htm\" target=\"_blank\" rel=\"http:\/\/www2.cm-evora.pt\/evoracidadeeducadora\/subscricao.htm noopener noreferrer\"><img loading=\"lazy\" decoding=\"async\" class=\"alignnone wp-image-15954 \" src=\"https:\/\/www.cm-evora.pt\/wp-content\/uploads\/2020\/11\/Newsletter.svg\" alt=\"\" width=\"21\" height=\"21\" \/><\/a><\/li>\n<\/ul>\n<\/li>\n<\/ul>\n<ul>\n<li style=\"list-style-type: none\">\n<ul>\n<li>Site da Associa\u00e7\u00e3o Internacional das Cidades Educadoras <a href=\"https:\/\/www.edcities.org\/pt\/\" target=\"_blank\" rel=\"noopener\"><img loading=\"lazy\" decoding=\"async\" class=\"alignnone wp-image-42664\" src=\"https:\/\/www.cm-evora.pt\/wp-content\/uploads\/2022\/11\/Evora-01-e1668522897947.png\" alt=\"\" width=\"21\" height=\"21\" srcset=\"https:\/\/www.cm-evora.pt\/wp-content\/uploads\/2022\/11\/Evora-01-e1668522897947.png 482w, https:\/\/www.cm-evora.pt\/wp-content\/uploads\/2022\/11\/Evora-01-e1668522897947-300x294.png 300w, https:\/\/www.cm-evora.pt\/wp-content\/uploads\/2022\/11\/Evora-01-e1668522897947-150x150.png 150w, https:\/\/www.cm-evora.pt\/wp-content\/uploads\/2022\/11\/Evora-01-e1668522897947-220x230.png 220w\" sizes=\"auto, (max-width: 21px) 100vw, 21px\" \/><\/a><\/li>\n<\/ul>\n<\/li>\n<\/ul>\n<ul>\n<li style=\"list-style-type: none\">\n<ul>\n<li>Site da Rede Territorial Portuguesa das Cidades Educadoras (RTPCE) <a href=\"https:\/\/www.edcities.org\/rede-portuguesa\/\" target=\"_blank\" rel=\"noopener\"><img loading=\"lazy\" decoding=\"async\" class=\"alignnone wp-image-42664\" src=\"https:\/\/www.cm-evora.pt\/wp-content\/uploads\/2022\/11\/Evora-01-e1668522897947.png\" alt=\"\" width=\"21\" height=\"21\" srcset=\"https:\/\/www.cm-evora.pt\/wp-content\/uploads\/2022\/11\/Evora-01-e1668522897947.png 482w, https:\/\/www.cm-evora.pt\/wp-content\/uploads\/2022\/11\/Evora-01-e1668522897947-300x294.png 300w, https:\/\/www.cm-evora.pt\/wp-content\/uploads\/2022\/11\/Evora-01-e1668522897947-150x150.png 150w, https:\/\/www.cm-evora.pt\/wp-content\/uploads\/2022\/11\/Evora-01-e1668522897947-220x230.png 220w\" sizes=\"auto, (max-width: 21px) 100vw, 21px\" \/><\/a><\/li>\n<\/ul>\n<\/li>\n<\/ul>\n<ul>\n<li style=\"list-style-type: none\">\n<ul>\n<li>P\u00e1gina Facebook da Rede Territorial Portuguesa das Cidades Educadoras <a href=\"https:\/\/www.facebook.com\/RTPCE\/?ref=page_internal\" target=\"_blank\" rel=\"https:\/\/www.facebook.com\/RTPCE\/?ref=page_internal noopener noreferrer\"><img loading=\"lazy\" decoding=\"async\" class=\"alignnone wp-image-15953 \" src=\"https:\/\/www.cm-evora.pt\/wp-content\/uploads\/2020\/11\/LogoFacebook02-150x150.png\" alt=\"\" width=\"26\" height=\"26\" srcset=\"https:\/\/www.cm-evora.pt\/wp-content\/uploads\/2020\/11\/LogoFacebook02-150x150.png 150w, https:\/\/www.cm-evora.pt\/wp-content\/uploads\/2020\/11\/LogoFacebook02-300x300.png 300w, https:\/\/www.cm-evora.pt\/wp-content\/uploads\/2020\/11\/LogoFacebook02-768x768.png 768w, https:\/\/www.cm-evora.pt\/wp-content\/uploads\/2020\/11\/LogoFacebook02-220x230.png 220w, https:\/\/www.cm-evora.pt\/wp-content\/uploads\/2020\/11\/LogoFacebook02.png 900w\" sizes=\"auto, (max-width: 26px) 100vw, 26px\" \/><\/a><\/li>\n<\/ul>\n<\/li>\n<\/ul>\n<p>&nbsp;<\/p>\n<p>Consulte aqui a <a href=\"https:\/\/www.edcities.org\/wp-content\/uploads\/2020\/11\/PT_Carta.pdf\" target=\"_blank\" rel=\"noopener\">Carta de Princ\u00edpios<\/a>.<\/p>\n<p>&nbsp;<\/p>\n","protected":false},"excerpt":{"rendered":"<p>&nbsp; &nbsp; &nbsp; &nbsp; &nbsp; &nbsp; &nbsp; \u00c9vora Cidade Educadora vai para l\u00e1 do que se pode ler. A cidade \u00e9 essa for\u00e7a viva que envolve as pessoas e, saindo das suas m\u00e3os, das suas a\u00e7\u00f5es, e da identidade coletiva, traduz o que somos e o que fazemos. &nbsp; &nbsp; Temos na nossa g\u00e9nese a [&hellip;]<\/p>\n","protected":false},"author":38,"featured_media":0,"parent":10391,"menu_order":0,"comment_status":"closed","ping_status":"closed","template":"templates-map\/component-photo-gallery-list-layout1.php","meta":{"_acf_changed":false,"footnotes":""},"categories":[],"class_list":["post-15907","page","type-page","status-publish","hentry"],"acf":[],"_links":{"self":[{"href":"https:\/\/www.cm-evora.pt\/en\/wp-json\/wp\/v2\/pages\/15907","targetHints":{"allow":["GET"]}}],"collection":[{"href":"https:\/\/www.cm-evora.pt\/en\/wp-json\/wp\/v2\/pages"}],"about":[{"href":"https:\/\/www.cm-evora.pt\/en\/wp-json\/wp\/v2\/types\/page"}],"author":[{"embeddable":true,"href":"https:\/\/www.cm-evora.pt\/en\/wp-json\/wp\/v2\/users\/38"}],"replies":[{"embeddable":true,"href":"https:\/\/www.cm-evora.pt\/en\/wp-json\/wp\/v2\/comments?post=15907"}],"version-history":[{"count":50,"href":"https:\/\/www.cm-evora.pt\/en\/wp-json\/wp\/v2\/pages\/15907\/revisions"}],"predecessor-version":[{"id":49164,"href":"https:\/\/www.cm-evora.pt\/en\/wp-json\/wp\/v2\/pages\/15907\/revisions\/49164"}],"up":[{"embeddable":true,"href":"https:\/\/www.cm-evora.pt\/en\/wp-json\/wp\/v2\/pages\/10391"}],"wp:attachment":[{"href":"https:\/\/www.cm-evora.pt\/en\/wp-json\/wp\/v2\/media?parent=15907"}],"wp:term":[{"taxonomy":"category","embeddable":true,"href":"https:\/\/www.cm-evora.pt\/en\/wp-json\/wp\/v2\/categories?post=15907"}],"curies":[{"name":"wp","href":"https:\/\/api.w.org\/{rel}","templated":true}]}}