{"id":15910,"date":"2020-11-05T09:40:05","date_gmt":"2020-11-05T09:40:05","guid":{"rendered":"https:\/\/evora2.int.skilltech.pt\/susProjects\/wp_evora2_suite\/?page_id=15910"},"modified":"2025-11-12T11:02:21","modified_gmt":"2025-11-12T11:02:21","slug":"o-que-e-a-cidade-educadora","status":"publish","type":"page","link":"https:\/\/www.cm-evora.pt\/en\/municipe\/projetos-municipais\/evora-cidade-educadora\/o-que-e-a-cidade-educadora\/","title":{"rendered":"O que \u00e9 a Cidade Educadora"},"content":{"rendered":"<p><a href=\"https:\/\/www.cm-evora.pt\/wp-content\/uploads\/2021\/01\/DSC_0021-scaled.jpg\" target=\"_blank\" rel=\"noopener\"><img loading=\"lazy\" decoding=\"async\" class=\"alignnone wp-image-19152 size-full\" src=\"https:\/\/www.cm-evora.pt\/wp-content\/uploads\/2021\/01\/DSC_0021-scaled.jpg\" alt=\"\" width=\"2560\" height=\"1707\" srcset=\"https:\/\/www.cm-evora.pt\/wp-content\/uploads\/2021\/01\/DSC_0021-scaled.jpg 2560w, https:\/\/www.cm-evora.pt\/wp-content\/uploads\/2021\/01\/DSC_0021-300x200.jpg 300w, https:\/\/www.cm-evora.pt\/wp-content\/uploads\/2021\/01\/DSC_0021-1024x683.jpg 1024w, https:\/\/www.cm-evora.pt\/wp-content\/uploads\/2021\/01\/DSC_0021-768x512.jpg 768w, https:\/\/www.cm-evora.pt\/wp-content\/uploads\/2021\/01\/DSC_0021-1536x1024.jpg 1536w, https:\/\/www.cm-evora.pt\/wp-content\/uploads\/2021\/01\/DSC_0021-2048x1365.jpg 2048w, https:\/\/www.cm-evora.pt\/wp-content\/uploads\/2021\/01\/DSC_0021-1320x880.jpg 1320w\" sizes=\"auto, (max-width: 2560px) 100vw, 2560px\" \/><\/a><\/p>\n<p>A Cidade Educadora n\u00e3o \u00e9 um programa ou projeto. \u00c9 um caminho que a Cidade decide percorrer, no sentido de permitir \u00e0s pessoas que a constituem a forma\u00e7\u00e3o necess\u00e1ria para uma adapta\u00e7\u00e3o cr\u00edtica e uma &#8220;participa\u00e7\u00e3o ativa face aos desafios e possibilidades que se abrem gra\u00e7as \u00e0 globaliza\u00e7\u00e3o dos processos econ\u00f3micos e sociais, a fim de poderem intervir, a partir do mundo local, na complexidade mundial, mantendo a sua autonomia face a uma informa\u00e7\u00e3o transbordante e controlada por certos centros de poder econ\u00f3mico e pol\u00edtico&#8221;.<\/p>\n<p>O conceito de Cidade Educadora nasceu em Barcelona, nos anos noventa do s\u00e9culo passado, assente na ideia de que a cidade \u00e9, per se, um agente educador.<\/p>\n<p>Assim sendo, todos os espa\u00e7os da cidade, bem como todas as a\u00e7\u00f5es que nela decorrem t\u00eam potencialidade educadora, uma vez que \u00e9 um espa\u00e7o de opini\u00e3o e de liberdade, pluralismo e multiculturalidade.<\/p>\n<p>Neste sentido, a Cidade \u00e9, necessariamente, educadora: a planifica\u00e7\u00e3o urbana; a cultura; os centros educativos; as quest\u00f5es ambientais, desportivas e de sa\u00fade, as econ\u00f3micas, as que se referem \u00e0 mobilidade e seguran\u00e7a; a cidadania e a participa\u00e7\u00e3o; os diferentes servi\u00e7os como a comunica\u00e7\u00e3o, a cultura, o patrim\u00f3nio, t\u00eam, todos eles, uma potencialidade educadora permanente.<\/p>\n<p>Na Cidade Educadora, todas as estrat\u00e9gias de desenvolvimento devem ser orientadas para a forma\u00e7\u00e3o de cidad\u00e3os conscientes, atentos e cr\u00edticos. Nela, os \u00f3rg\u00e3os de poder local definem pol\u00edticas que promovam um crescimento sustentado, fazendo emergir uma sociedade mais justa, melhor formada e mais empenhada e participativa em todas as causas p\u00fablicas.<\/p>\n<p>Em 1990, um conjunto de cidades de diversos pa\u00edses reuniu-se em Barcelona, naquele que foi o I Congresso Internacional das Cidades Educadoras, com o objetivo comum de trabalhar conjuntamente em projetos e atividades para melhorar a qualidade de vida dos seus habitantes. Nesse ano foi inaugurado o movimento que deu origem \u00e0 Associa\u00e7\u00e3o Internacional das Cidades Educadoras (AICE), criada em 1994.<\/p>\n<p>&nbsp;<\/p>\n<p>&nbsp;<\/p>\n<p style=\"text-align: center\"><a href=\"https:\/\/www.youtube.com\/watch?v=qySZwtTosp8\" target=\"_blank\" rel=\"noopener\">https:\/\/www.youtube.com\/watch?v=qySZwtTosp8<\/a><\/p>\n<p style=\"text-align: center\">Conceito de Cidade Educadora \u2013 Associa\u00e7\u00e3o Internacional das Cidades Educadoras<\/p>\n<p>&nbsp;<\/p>\n<p style=\"text-align: center\"><a href=\"https:\/\/www.youtube.com\/watch?v=LBfT4FlEKtE\" target=\"_blank\" rel=\"noopener\">https:\/\/www.youtube.com\/watch?v=LBfT4FlEKtE<\/a><\/p>\n<div style=\"text-align: center\">De que forma educam as cidades? &#8211; Associa\u00e7\u00e3o Internacional das Cidades Educadoras<\/div>\n<p><\/p>","protected":false},"excerpt":{"rendered":"<p>A Cidade Educadora n\u00e3o \u00e9 um programa ou projeto. \u00c9 um caminho que a Cidade decide percorrer, no sentido de permitir \u00e0s pessoas que a constituem a forma\u00e7\u00e3o necess\u00e1ria para uma adapta\u00e7\u00e3o cr\u00edtica e uma &#8220;participa\u00e7\u00e3o ativa face aos desafios e possibilidades que se abrem gra\u00e7as \u00e0 globaliza\u00e7\u00e3o dos processos econ\u00f3micos e sociais, a fim [&hellip;]<\/p>\n","protected":false},"author":38,"featured_media":0,"parent":10391,"menu_order":1,"comment_status":"closed","ping_status":"closed","template":"templates-map\/component-text-layout1.php","meta":{"_acf_changed":false,"footnotes":""},"categories":[],"class_list":["post-15910","page","type-page","status-publish","hentry"],"acf":{"imagens":"","titulo_docs_seccao":"","documentos":""},"_links":{"self":[{"href":"https:\/\/www.cm-evora.pt\/en\/wp-json\/wp\/v2\/pages\/15910","targetHints":{"allow":["GET"]}}],"collection":[{"href":"https:\/\/www.cm-evora.pt\/en\/wp-json\/wp\/v2\/pages"}],"about":[{"href":"https:\/\/www.cm-evora.pt\/en\/wp-json\/wp\/v2\/types\/page"}],"author":[{"embeddable":true,"href":"https:\/\/www.cm-evora.pt\/en\/wp-json\/wp\/v2\/users\/38"}],"replies":[{"embeddable":true,"href":"https:\/\/www.cm-evora.pt\/en\/wp-json\/wp\/v2\/comments?post=15910"}],"version-history":[{"count":12,"href":"https:\/\/www.cm-evora.pt\/en\/wp-json\/wp\/v2\/pages\/15910\/revisions"}],"predecessor-version":[{"id":79214,"href":"https:\/\/www.cm-evora.pt\/en\/wp-json\/wp\/v2\/pages\/15910\/revisions\/79214"}],"up":[{"embeddable":true,"href":"https:\/\/www.cm-evora.pt\/en\/wp-json\/wp\/v2\/pages\/10391"}],"wp:attachment":[{"href":"https:\/\/www.cm-evora.pt\/en\/wp-json\/wp\/v2\/media?parent=15910"}],"wp:term":[{"taxonomy":"category","embeddable":true,"href":"https:\/\/www.cm-evora.pt\/en\/wp-json\/wp\/v2\/categories?post=15910"}],"curies":[{"name":"wp","href":"https:\/\/api.w.org\/{rel}","templated":true}]}}