{"id":15913,"date":"2020-11-05T09:43:41","date_gmt":"2020-11-05T09:43:41","guid":{"rendered":"https:\/\/evora2.int.skilltech.pt\/susProjects\/wp_evora2_suite\/?page_id=15913"},"modified":"2022-02-21T10:40:36","modified_gmt":"2022-02-21T10:40:36","slug":"rede-das-cidades-educadoras","status":"publish","type":"page","link":"https:\/\/www.cm-evora.pt\/en\/municipe\/projetos-municipais\/evora-cidade-educadora\/rede-das-cidades-educadoras\/","title":{"rendered":"(Portugu\u00eas) Rede das Cidades Educadoras"},"content":{"rendered":"<p class=\"qtranxs-available-languages-message qtranxs-available-languages-message-en\">Sorry, this entry is only available in <a href=\"https:\/\/www.cm-evora.pt\/pt\/wp-json\/wp\/v2\/pages\/15913\" class=\"qtranxs-available-language-link qtranxs-available-language-link-pt\" title=\"Portugu\u00eas\">Portugu\u00eas<\/a>.<\/p><p><\/p>\n<div id=\"MSOZoneCell_WebPartWPQ2\" class=\"s4-wpcell-plain ms-webpartzone-cell ms-webpart-cell-vertical ms-fullWidth \">\n<div class=\"ms-webpart-chrome ms-webpart-chrome-vertical ms-webpart-chrome-fullWidth \">\n<div id=\"WebPartWPQ2\" class=\"ms-WPBody ms-WPBorder ms-wpContentDivSpace \">\n<div class=\"ms-rtestate-field\">\n<div><\/div>\n<div><span class=\"ms-rteThemeForeColor-4-5\">A\u00a0<strong>Rede Territorial Portuguesa das Cidades Educadoras<\/strong>\u00a0(RTPCE) e a\u00a0<strong>Associa\u00e7\u00e3o Internacional das Cidades Educadoras\u00a0<\/strong>(AICE) s\u00e3o plataformas colaborativas de escala nacional e global. S\u00e3o teto deste mundo da Educa\u00e7\u00e3o Territorial que se faz pelo exemplo, pela integra\u00e7\u00e3o, pela identidade, pela inclus\u00e3o, pela inova\u00e7\u00e3o, pela criatividade e pelo arriscar fazer diferente, mas sobretudo com solu\u00e7\u00f5es ganhadoras. A educa\u00e7\u00e3o \u00e9 exemplo, o territ\u00f3rio \u00e9 rede. Educar com Territ\u00f3rios \u00e9 fazer Cidades Educadoras com a participa\u00e7\u00e3o de todos, \u00e9 abrir as portas e as janelas das cidades e deixar renovar o ar da cidadania e da participa\u00e7\u00e3o, sem qualquer receio, em rede.<br \/>\n<\/span><\/div>\n<div><span class=\"ms-rteThemeForeColor-4-5\">\u00a0<\/span><\/div>\n<div><\/div>\n<p><span style=\"color: #0000ff\"><em class=\"ms-rteForeColor-8\">A cidade educadora tem personalidade pr\u00f3pria, integrada no pa\u00eds onde se situa \u00e9, por consequ\u00eancia, interdependente da do territ\u00f3rio do qual faz parte. \u00c9 igualmente uma cidade que se relaciona com o seu meio envolvente, outros centros urbanos do seu territ\u00f3rio e cidades de outros pa\u00edses. O seu objetivo permanente ser\u00e1 o de aprender, trocar, partilhar e, por consequ\u00eancia, enriquecer a vida dos seus habitantes.<\/em><\/span><\/p>\n<p style=\"text-align: right\"><em class=\"ms-rteForeColor-8\"><span class=\"ms-rteThemeForeColor-4-5\">(Pre\u00e2mbulo da &#8220;<a href=\"https:\/\/www.cm-evora.pt\/municipe\/projetos-municipais\/evora-cidade-educadora\/carta-das-cidades-educadoras\/\" target=\"_blank\" rel=\"noopener noreferrer\">Carta das Cidades Educadoras<\/a>&#8220;).<\/span><\/em><\/p>\n<p>&nbsp;<\/p>\n<\/div>\n<\/div>\n<\/div>\n<\/div>\n<p><\/p>","protected":false},"excerpt":{"rendered":"<p>Sorry, this entry is only available in Portugu\u00eas. A\u00a0Rede Territorial Portuguesa das Cidades Educadoras\u00a0(RTPCE) e a\u00a0Associa\u00e7\u00e3o Internacional das Cidades Educadoras\u00a0(AICE) s\u00e3o plataformas colaborativas de escala nacional e global. S\u00e3o teto deste mundo da Educa\u00e7\u00e3o Territorial que se faz pelo exemplo, pela integra\u00e7\u00e3o, pela identidade, pela inclus\u00e3o, pela inova\u00e7\u00e3o, pela criatividade e pelo arriscar fazer diferente, [&hellip;]<\/p>\n","protected":false},"author":38,"featured_media":0,"parent":10391,"menu_order":5,"comment_status":"closed","ping_status":"closed","template":"templates-map\/component-text-list-layout1.php","meta":{"_acf_changed":false,"footnotes":""},"categories":[],"class_list":["post-15913","page","type-page","status-publish","hentry"],"acf":[],"_links":{"self":[{"href":"https:\/\/www.cm-evora.pt\/en\/wp-json\/wp\/v2\/pages\/15913","targetHints":{"allow":["GET"]}}],"collection":[{"href":"https:\/\/www.cm-evora.pt\/en\/wp-json\/wp\/v2\/pages"}],"about":[{"href":"https:\/\/www.cm-evora.pt\/en\/wp-json\/wp\/v2\/types\/page"}],"author":[{"embeddable":true,"href":"https:\/\/www.cm-evora.pt\/en\/wp-json\/wp\/v2\/users\/38"}],"replies":[{"embeddable":true,"href":"https:\/\/www.cm-evora.pt\/en\/wp-json\/wp\/v2\/comments?post=15913"}],"version-history":[{"count":9,"href":"https:\/\/www.cm-evora.pt\/en\/wp-json\/wp\/v2\/pages\/15913\/revisions"}],"predecessor-version":[{"id":21246,"href":"https:\/\/www.cm-evora.pt\/en\/wp-json\/wp\/v2\/pages\/15913\/revisions\/21246"}],"up":[{"embeddable":true,"href":"https:\/\/www.cm-evora.pt\/en\/wp-json\/wp\/v2\/pages\/10391"}],"wp:attachment":[{"href":"https:\/\/www.cm-evora.pt\/en\/wp-json\/wp\/v2\/media?parent=15913"}],"wp:term":[{"taxonomy":"category","embeddable":true,"href":"https:\/\/www.cm-evora.pt\/en\/wp-json\/wp\/v2\/categories?post=15913"}],"curies":[{"name":"wp","href":"https:\/\/api.w.org\/{rel}","templated":true}]}}