{"id":15915,"date":"2020-11-05T09:45:17","date_gmt":"2020-11-05T09:45:17","guid":{"rendered":"https:\/\/evora2.int.skilltech.pt\/susProjects\/wp_evora2_suite\/?page_id=15915"},"modified":"2022-12-07T09:51:38","modified_gmt":"2022-12-07T09:51:38","slug":"de-onde-viemos","status":"publish","type":"page","link":"https:\/\/www.cm-evora.pt\/en\/municipe\/projetos-municipais\/evora-cidade-educadora\/de-onde-viemos\/","title":{"rendered":"(Portugu\u00eas) De onde viemos"},"content":{"rendered":"<p class=\"qtranxs-available-languages-message qtranxs-available-languages-message-en\">Sorry, this entry is only available in <a href=\"https:\/\/www.cm-evora.pt\/pt\/wp-json\/wp\/v2\/pages\/15915\" class=\"qtranxs-available-language-link qtranxs-available-language-link-pt\" title=\"Portugu\u00eas\">Portugu\u00eas<\/a>.<\/p><p><\/p>\n<p style=\"text-align: center\"><a href=\"https:\/\/www.cm-evora.pt\/wp-content\/uploads\/2020\/11\/mapaEvoraCidadeEducadora-banner639.jpg\" target=\"_blank\" rel=\"noopener\"><img loading=\"lazy\" decoding=\"async\" class=\"alignnone wp-image-15982 size-full\" src=\"https:\/\/www.cm-evora.pt\/wp-content\/uploads\/2020\/11\/mapaEvoraCidadeEducadora-banner639.jpg\" alt=\"\" width=\"639\" height=\"362\" srcset=\"https:\/\/www.cm-evora.pt\/wp-content\/uploads\/2020\/11\/mapaEvoraCidadeEducadora-banner639.jpg 639w, https:\/\/www.cm-evora.pt\/wp-content\/uploads\/2020\/11\/mapaEvoraCidadeEducadora-banner639-300x170.jpg 300w\" sizes=\"auto, (max-width: 639px) 100vw, 639px\" \/><\/a><\/p>\n<p>&nbsp;<\/p>\n<h4><strong class=\"ms-rteThemeForeColor-4-5\">Percurso<\/strong><\/h4>\n<div><span class=\"ms-rteThemeForeColor-4-5\">O percurso de uma cidade educadora! Como em todos os percursos que se fazem com entrega e com sentido de constru\u00e7\u00e3o, o interessante n\u00e3o \u00e9 s\u00f3 onde nos pode levar o caminho, n\u00e3o \u00e9 s\u00f3 onde chegamos, nem onde termina a jornada. O valor, a vida, a descoberta e a mudan\u00e7a, acontecem sempre enquanto caminhamos, enquanto fazemos percurso. \u00c9 na viv\u00eancia de todas as coisas que v\u00e3o surgindo ao longo do percurso, que nos transformamos, que a cidade se transforma.<\/span><\/div>\n<div><span class=\"ms-rteThemeForeColor-4-5\">\u00a0<\/span><\/div>\n<div><span class=\"ms-rteThemeForeColor-4-5\">\u00c9vora Cidade Educadora iniciou este percurso no ano de 2001. Mais de 20 anos volvidos h\u00e1 ainda muito caminho para ser feito. A cidade cresceu, amadureceu, viveu a vida dos seus habitantes e com ele foi transformando o territ\u00f3rio, as gera\u00e7\u00f5es, as fam\u00edlias, as gentes, as vidas. A cidade foi-se tamb\u00e9m deixando educar com a for\u00e7a dos que querem sempre mudar o mundo, um dia de cada vez, uma a\u00e7\u00e3o de cada vez, uma adapta\u00e7\u00e3o de cada vez.<\/span><\/div>\n<div><span class=\"ms-rteThemeForeColor-4-5\">\u00a0<\/span><\/div>\n<p><span class=\"ms-rteThemeForeColor-4-5\">A cidade evolui e com ela a sua din\u00e2mica pr\u00f3pria, social, econ\u00f3mica, demogr\u00e1fica, espacial. O territ\u00f3rio vai sendo transformado pelas atividades desenvolvidas pelas pessoas, e as pessoas, criam, recriam e conquistam espa\u00e7o e tempo. Uma cidade Educadora conta com esse tempo, e com esse tempo de constante aprendizagem para transformar e adaptar o espa\u00e7o de todos os dias e ao longo das gera\u00e7\u00f5es. Cidade Educadora, \u00c9vora Cidade Educadora \u00e9 essa conquista de um tempo novo, no nosso tempo de todos os dias.<\/span><\/p>\n<p>&nbsp;<\/p>\n<p><span class=\"ms-rteThemeForeColor-4-5\">Conhe\u00e7a o\u00a0<strong>hist\u00f3rico<\/strong>:<\/span><\/p>","protected":false},"excerpt":{"rendered":"<p>Sorry, this entry is only available in Portugu\u00eas. &nbsp; Percurso O percurso de uma cidade educadora! Como em todos os percursos que se fazem com entrega e com sentido de constru\u00e7\u00e3o, o interessante n\u00e3o \u00e9 s\u00f3 onde nos pode levar o caminho, n\u00e3o \u00e9 s\u00f3 onde chegamos, nem onde termina a jornada. O valor, a [&hellip;]<\/p>\n","protected":false},"author":38,"featured_media":0,"parent":10391,"menu_order":4,"comment_status":"closed","ping_status":"closed","template":"templates-map\/component-text-list-layout1.php","meta":{"_acf_changed":false,"footnotes":""},"categories":[],"class_list":["post-15915","page","type-page","status-publish","hentry"],"acf":[],"_links":{"self":[{"href":"https:\/\/www.cm-evora.pt\/en\/wp-json\/wp\/v2\/pages\/15915","targetHints":{"allow":["GET"]}}],"collection":[{"href":"https:\/\/www.cm-evora.pt\/en\/wp-json\/wp\/v2\/pages"}],"about":[{"href":"https:\/\/www.cm-evora.pt\/en\/wp-json\/wp\/v2\/types\/page"}],"author":[{"embeddable":true,"href":"https:\/\/www.cm-evora.pt\/en\/wp-json\/wp\/v2\/users\/38"}],"replies":[{"embeddable":true,"href":"https:\/\/www.cm-evora.pt\/en\/wp-json\/wp\/v2\/comments?post=15915"}],"version-history":[{"count":16,"href":"https:\/\/www.cm-evora.pt\/en\/wp-json\/wp\/v2\/pages\/15915\/revisions"}],"predecessor-version":[{"id":43566,"href":"https:\/\/www.cm-evora.pt\/en\/wp-json\/wp\/v2\/pages\/15915\/revisions\/43566"}],"up":[{"embeddable":true,"href":"https:\/\/www.cm-evora.pt\/en\/wp-json\/wp\/v2\/pages\/10391"}],"wp:attachment":[{"href":"https:\/\/www.cm-evora.pt\/en\/wp-json\/wp\/v2\/media?parent=15915"}],"wp:term":[{"taxonomy":"category","embeddable":true,"href":"https:\/\/www.cm-evora.pt\/en\/wp-json\/wp\/v2\/categories?post=15915"}],"curies":[{"name":"wp","href":"https:\/\/api.w.org\/{rel}","templated":true}]}}