{"id":15917,"date":"2020-11-05T09:51:49","date_gmt":"2020-11-05T09:51:49","guid":{"rendered":"https:\/\/evora2.int.skilltech.pt\/susProjects\/wp_evora2_suite\/?page_id=15917"},"modified":"2025-11-26T14:37:47","modified_gmt":"2025-11-26T14:37:47","slug":"destaques","status":"publish","type":"page","link":"https:\/\/www.cm-evora.pt\/en\/municipe\/projetos-municipais\/evora-cidade-educadora\/destaques\/","title":{"rendered":"Destaques"},"content":{"rendered":"<p><\/p>\n<p style=\"text-align: center\"><a href=\"https:\/\/www.cm-evora.pt\/wp-content\/uploads\/2021\/02\/CidadeGeral2-2.jpg\" target=\"_blank\" rel=\"noopener\"><img loading=\"lazy\" decoding=\"async\" class=\"alignnone wp-image-21247 size-medium\" src=\"https:\/\/www.cm-evora.pt\/wp-content\/uploads\/2021\/02\/CidadeGeral2-2-200x300.jpg\" alt=\"\" width=\"200\" height=\"300\" srcset=\"https:\/\/www.cm-evora.pt\/wp-content\/uploads\/2021\/02\/CidadeGeral2-2-200x300.jpg 200w, https:\/\/www.cm-evora.pt\/wp-content\/uploads\/2021\/02\/CidadeGeral2-2-682x1024.jpg 682w, https:\/\/www.cm-evora.pt\/wp-content\/uploads\/2021\/02\/CidadeGeral2-2-768x1152.jpg 768w, https:\/\/www.cm-evora.pt\/wp-content\/uploads\/2021\/02\/CidadeGeral2-2.jpg 853w\" sizes=\"auto, (max-width: 200px) 100vw, 200px\" \/><\/a><\/p>\n<p>Procuramos sempre perpetuar no tempo o que fazemos de positivo com impacto na vida dos outros, que promove, congrega, aproxima, refor\u00e7a a identidade local e a coes\u00e3o territorial. Procuramos aqui dar o devido destaque \u00e0 comunica\u00e7\u00e3o do que importa sobre a vida de \u00c9vora Cidade Educadora. A Cidade Educadora faz e importa que todos possamos saber isso. Neste sentido, a equipa da Cidade Educadora criou uma newsletter que pretende contribuir para informar a popula\u00e7\u00e3o sobre os passos dados nesta mat\u00e9ria. \u00c9vora tem, ainda, partilhado v\u00e1rias das suas experi\u00eancias em Boletins da Rede Territorial Portuguesa das Cidades Educadoras (RTPCE).<\/p>\n<p>&nbsp;<\/p>\n<p>Conhe\u00e7a, tamb\u00e9m, algumas das iniciativas que v\u00e3o sendo organizadas.<\/p>\n<p>&nbsp;<\/p>\n<p><strong>X Congresso Nacional da RTPCE<\/strong><\/p>\n<p>\u00c9vora participou no X Congresso Nacional da Rede Territorial Portuguesa das Cidades Educadoras (RTPCE), realizado em Santo Tirso de 21 a 23 de maio de 2025, sob o tema &#8220;Territ\u00f3rios inteligentes: inova\u00e7\u00e3o, inclus\u00e3o e sustentabilidade\u201d. Durante o evento, o munic\u00edpio apresentou dois projetos emblem\u00e1ticos: a Cromoneta e a Ludoteca, refor\u00e7ando o seu compromisso com a educa\u00e7\u00e3o inclusiva e a valoriza\u00e7\u00e3o do patrim\u00f3nio local.<\/p>\n\n\t\t<style type=\"text\/css\">\n\t\t\t#gallery-2 {\n\t\t\t\tmargin: auto;\n\t\t\t}\n\t\t\t#gallery-2 .gallery-item {\n\t\t\t\tfloat: left;\n\t\t\t\tmargin-top: 10px;\n\t\t\t\ttext-align: center;\n\t\t\t\twidth: 33%;\n\t\t\t}\n\t\t\t#gallery-2 img {\n\t\t\t\tborder: 2px solid #cfcfcf;\n\t\t\t}\n\t\t\t#gallery-2 .gallery-caption {\n\t\t\t\tmargin-left: 0;\n\t\t\t}\n\t\t\t\/* see gallery_shortcode() in wp-includes\/media.php *\/\n\t\t<\/style>\n\t\t<div id='gallery-2' class='gallery galleryid-15917 gallery-columns-3 gallery-size-full'><dl class='gallery-item'>\n\t\t\t<dt class='gallery-icon landscape'>\n\t\t\t\t<a href='https:\/\/www.cm-evora.pt\/wp-content\/uploads\/2025\/05\/Imagem-1.jpg'><img loading=\"lazy\" decoding=\"async\" width=\"2048\" height=\"1365\" src=\"https:\/\/www.cm-evora.pt\/wp-content\/uploads\/2025\/05\/Imagem-1.jpg\" class=\"attachment-full size-full\" alt=\"\" srcset=\"https:\/\/www.cm-evora.pt\/wp-content\/uploads\/2025\/05\/Imagem-1.jpg 2048w, https:\/\/www.cm-evora.pt\/wp-content\/uploads\/2025\/05\/Imagem-1-300x200.jpg 300w, https:\/\/www.cm-evora.pt\/wp-content\/uploads\/2025\/05\/Imagem-1-1024x683.jpg 1024w, https:\/\/www.cm-evora.pt\/wp-content\/uploads\/2025\/05\/Imagem-1-768x512.jpg 768w, https:\/\/www.cm-evora.pt\/wp-content\/uploads\/2025\/05\/Imagem-1-1536x1024.jpg 1536w, https:\/\/www.cm-evora.pt\/wp-content\/uploads\/2025\/05\/Imagem-1-1320x880.jpg 1320w\" sizes=\"auto, (max-width: 2048px) 100vw, 2048px\" \/><\/a>\n\t\t\t<\/dt><\/dl><dl class='gallery-item'>\n\t\t\t<dt class='gallery-icon landscape'>\n\t\t\t\t<a href='https:\/\/www.cm-evora.pt\/wp-content\/uploads\/2025\/05\/Imagem-2.jpg'><img loading=\"lazy\" decoding=\"async\" width=\"2048\" height=\"1365\" src=\"https:\/\/www.cm-evora.pt\/wp-content\/uploads\/2025\/05\/Imagem-2.jpg\" class=\"attachment-full size-full\" alt=\"\" srcset=\"https:\/\/www.cm-evora.pt\/wp-content\/uploads\/2025\/05\/Imagem-2.jpg 2048w, https:\/\/www.cm-evora.pt\/wp-content\/uploads\/2025\/05\/Imagem-2-300x200.jpg 300w, https:\/\/www.cm-evora.pt\/wp-content\/uploads\/2025\/05\/Imagem-2-1024x683.jpg 1024w, https:\/\/www.cm-evora.pt\/wp-content\/uploads\/2025\/05\/Imagem-2-768x512.jpg 768w, https:\/\/www.cm-evora.pt\/wp-content\/uploads\/2025\/05\/Imagem-2-1536x1024.jpg 1536w, https:\/\/www.cm-evora.pt\/wp-content\/uploads\/2025\/05\/Imagem-2-1320x880.jpg 1320w\" sizes=\"auto, (max-width: 2048px) 100vw, 2048px\" \/><\/a>\n\t\t\t<\/dt><\/dl><dl class='gallery-item'>\n\t\t\t<dt class='gallery-icon landscape'>\n\t\t\t\t<a href='https:\/\/www.cm-evora.pt\/wp-content\/uploads\/2025\/05\/Noticia-Elsa-Congresso.jpeg'><img loading=\"lazy\" decoding=\"async\" width=\"1600\" height=\"1196\" src=\"https:\/\/www.cm-evora.pt\/wp-content\/uploads\/2025\/05\/Noticia-Elsa-Congresso.jpeg\" class=\"attachment-full size-full\" alt=\"\" srcset=\"https:\/\/www.cm-evora.pt\/wp-content\/uploads\/2025\/05\/Noticia-Elsa-Congresso.jpeg 1600w, https:\/\/www.cm-evora.pt\/wp-content\/uploads\/2025\/05\/Noticia-Elsa-Congresso-300x224.jpeg 300w, https:\/\/www.cm-evora.pt\/wp-content\/uploads\/2025\/05\/Noticia-Elsa-Congresso-1024x765.jpeg 1024w, https:\/\/www.cm-evora.pt\/wp-content\/uploads\/2025\/05\/Noticia-Elsa-Congresso-768x574.jpeg 768w, https:\/\/www.cm-evora.pt\/wp-content\/uploads\/2025\/05\/Noticia-Elsa-Congresso-1536x1148.jpeg 1536w, https:\/\/www.cm-evora.pt\/wp-content\/uploads\/2025\/05\/Noticia-Elsa-Congresso-1320x987.jpeg 1320w\" sizes=\"auto, (max-width: 1600px) 100vw, 1600px\" \/><\/a>\n\t\t\t<\/dt><\/dl><br style=\"clear: both\" \/><dl class='gallery-item'>\n\t\t\t<dt class='gallery-icon landscape'>\n\t\t\t\t<a href='https:\/\/www.cm-evora.pt\/wp-content\/uploads\/2025\/05\/WhatsApp-Image-2025-05-22-at-16.39.55.jpeg'><img loading=\"lazy\" decoding=\"async\" width=\"1600\" height=\"1196\" src=\"https:\/\/www.cm-evora.pt\/wp-content\/uploads\/2025\/05\/WhatsApp-Image-2025-05-22-at-16.39.55.jpeg\" class=\"attachment-full size-full\" alt=\"\" srcset=\"https:\/\/www.cm-evora.pt\/wp-content\/uploads\/2025\/05\/WhatsApp-Image-2025-05-22-at-16.39.55.jpeg 1600w, https:\/\/www.cm-evora.pt\/wp-content\/uploads\/2025\/05\/WhatsApp-Image-2025-05-22-at-16.39.55-300x224.jpeg 300w, https:\/\/www.cm-evora.pt\/wp-content\/uploads\/2025\/05\/WhatsApp-Image-2025-05-22-at-16.39.55-1024x765.jpeg 1024w, https:\/\/www.cm-evora.pt\/wp-content\/uploads\/2025\/05\/WhatsApp-Image-2025-05-22-at-16.39.55-768x574.jpeg 768w, https:\/\/www.cm-evora.pt\/wp-content\/uploads\/2025\/05\/WhatsApp-Image-2025-05-22-at-16.39.55-1536x1148.jpeg 1536w, https:\/\/www.cm-evora.pt\/wp-content\/uploads\/2025\/05\/WhatsApp-Image-2025-05-22-at-16.39.55-1320x987.jpeg 1320w\" sizes=\"auto, (max-width: 1600px) 100vw, 1600px\" \/><\/a>\n\t\t\t<\/dt><\/dl><dl class='gallery-item'>\n\t\t\t<dt class='gallery-icon landscape'>\n\t\t\t\t<a href='https:\/\/www.cm-evora.pt\/wp-content\/uploads\/2025\/05\/WhatsApp-Image-2025-05-22-at-16.39.56.jpeg'><img loading=\"lazy\" decoding=\"async\" width=\"1600\" height=\"1196\" src=\"https:\/\/www.cm-evora.pt\/wp-content\/uploads\/2025\/05\/WhatsApp-Image-2025-05-22-at-16.39.56.jpeg\" class=\"attachment-full size-full\" alt=\"\" srcset=\"https:\/\/www.cm-evora.pt\/wp-content\/uploads\/2025\/05\/WhatsApp-Image-2025-05-22-at-16.39.56.jpeg 1600w, https:\/\/www.cm-evora.pt\/wp-content\/uploads\/2025\/05\/WhatsApp-Image-2025-05-22-at-16.39.56-300x224.jpeg 300w, https:\/\/www.cm-evora.pt\/wp-content\/uploads\/2025\/05\/WhatsApp-Image-2025-05-22-at-16.39.56-1024x765.jpeg 1024w, https:\/\/www.cm-evora.pt\/wp-content\/uploads\/2025\/05\/WhatsApp-Image-2025-05-22-at-16.39.56-768x574.jpeg 768w, https:\/\/www.cm-evora.pt\/wp-content\/uploads\/2025\/05\/WhatsApp-Image-2025-05-22-at-16.39.56-1536x1148.jpeg 1536w, https:\/\/www.cm-evora.pt\/wp-content\/uploads\/2025\/05\/WhatsApp-Image-2025-05-22-at-16.39.56-1320x987.jpeg 1320w\" sizes=\"auto, (max-width: 1600px) 100vw, 1600px\" \/><\/a>\n\t\t\t<\/dt><\/dl><dl class='gallery-item'>\n\t\t\t<dt class='gallery-icon landscape'>\n\t\t\t\t<a href='https:\/\/www.cm-evora.pt\/wp-content\/uploads\/2025\/05\/WhatsApp-Image-2025-05-22-at-16.39.57.jpeg'><img loading=\"lazy\" decoding=\"async\" width=\"1600\" height=\"1196\" src=\"https:\/\/www.cm-evora.pt\/wp-content\/uploads\/2025\/05\/WhatsApp-Image-2025-05-22-at-16.39.57.jpeg\" class=\"attachment-full size-full\" alt=\"\" srcset=\"https:\/\/www.cm-evora.pt\/wp-content\/uploads\/2025\/05\/WhatsApp-Image-2025-05-22-at-16.39.57.jpeg 1600w, https:\/\/www.cm-evora.pt\/wp-content\/uploads\/2025\/05\/WhatsApp-Image-2025-05-22-at-16.39.57-300x224.jpeg 300w, https:\/\/www.cm-evora.pt\/wp-content\/uploads\/2025\/05\/WhatsApp-Image-2025-05-22-at-16.39.57-1024x765.jpeg 1024w, https:\/\/www.cm-evora.pt\/wp-content\/uploads\/2025\/05\/WhatsApp-Image-2025-05-22-at-16.39.57-768x574.jpeg 768w, https:\/\/www.cm-evora.pt\/wp-content\/uploads\/2025\/05\/WhatsApp-Image-2025-05-22-at-16.39.57-1536x1148.jpeg 1536w, https:\/\/www.cm-evora.pt\/wp-content\/uploads\/2025\/05\/WhatsApp-Image-2025-05-22-at-16.39.57-1320x987.jpeg 1320w\" sizes=\"auto, (max-width: 1600px) 100vw, 1600px\" \/><\/a>\n\t\t\t<\/dt><\/dl><br style=\"clear: both\" \/><dl class='gallery-item'>\n\t\t\t<dt class='gallery-icon landscape'>\n\t\t\t\t<a href='https:\/\/www.cm-evora.pt\/wp-content\/uploads\/2025\/05\/WhatsApp-Image-2025-05-22-at-16.39.58.jpeg'><img loading=\"lazy\" decoding=\"async\" width=\"1600\" height=\"1196\" src=\"https:\/\/www.cm-evora.pt\/wp-content\/uploads\/2025\/05\/WhatsApp-Image-2025-05-22-at-16.39.58.jpeg\" class=\"attachment-full size-full\" alt=\"\" srcset=\"https:\/\/www.cm-evora.pt\/wp-content\/uploads\/2025\/05\/WhatsApp-Image-2025-05-22-at-16.39.58.jpeg 1600w, https:\/\/www.cm-evora.pt\/wp-content\/uploads\/2025\/05\/WhatsApp-Image-2025-05-22-at-16.39.58-300x224.jpeg 300w, https:\/\/www.cm-evora.pt\/wp-content\/uploads\/2025\/05\/WhatsApp-Image-2025-05-22-at-16.39.58-1024x765.jpeg 1024w, https:\/\/www.cm-evora.pt\/wp-content\/uploads\/2025\/05\/WhatsApp-Image-2025-05-22-at-16.39.58-768x574.jpeg 768w, https:\/\/www.cm-evora.pt\/wp-content\/uploads\/2025\/05\/WhatsApp-Image-2025-05-22-at-16.39.58-1536x1148.jpeg 1536w, https:\/\/www.cm-evora.pt\/wp-content\/uploads\/2025\/05\/WhatsApp-Image-2025-05-22-at-16.39.58-1320x987.jpeg 1320w\" sizes=\"auto, (max-width: 1600px) 100vw, 1600px\" \/><\/a>\n\t\t\t<\/dt><\/dl>\n\t\t\t<br style='clear: both' \/>\n\t\t<\/div>\n\n<p>&nbsp;<\/p>\n<p>&nbsp;<\/p>\n<h4 style=\"text-align: center\"><strong>Semana da Cidade Educadora 2024<a href=\"https:\/\/www.cm-evora.pt\/wp-content\/uploads\/2025\/01\/EvoraCidadeEducadora2024-scaled.jpg\"><img loading=\"lazy\" decoding=\"async\" class=\"alignnone size-full wp-image-70033\" src=\"https:\/\/www.cm-evora.pt\/wp-content\/uploads\/2025\/01\/EvoraCidadeEducadora2024-scaled.jpg\" alt=\"\" width=\"2560\" height=\"1440\" srcset=\"https:\/\/www.cm-evora.pt\/wp-content\/uploads\/2025\/01\/EvoraCidadeEducadora2024-scaled.jpg 2560w, https:\/\/www.cm-evora.pt\/wp-content\/uploads\/2025\/01\/EvoraCidadeEducadora2024-300x169.jpg 300w, https:\/\/www.cm-evora.pt\/wp-content\/uploads\/2025\/01\/EvoraCidadeEducadora2024-1024x576.jpg 1024w, https:\/\/www.cm-evora.pt\/wp-content\/uploads\/2025\/01\/EvoraCidadeEducadora2024-768x432.jpg 768w, https:\/\/www.cm-evora.pt\/wp-content\/uploads\/2025\/01\/EvoraCidadeEducadora2024-1536x864.jpg 1536w, https:\/\/www.cm-evora.pt\/wp-content\/uploads\/2025\/01\/EvoraCidadeEducadora2024-2048x1152.jpg 2048w, https:\/\/www.cm-evora.pt\/wp-content\/uploads\/2025\/01\/EvoraCidadeEducadora2024-1320x743.jpg 1320w\" sizes=\"auto, (max-width: 2560px) 100vw, 2560px\" \/><\/a><\/strong><\/h4>\n<p style=\"text-align: center\"><a href=\"https:\/\/www.cm-evora.pt\/wp-content\/uploads\/2025\/01\/cidadeeducadora_programa.pdf\" target=\"_blank\" rel=\"noopener\">Semana da Cidade Educadora 2024 &#8211; Programa.pdf<\/a><\/p>\n<p>&nbsp;<\/p>\n<p><strong>\ud83c\udf0dDia Internacional da Cidade Educadora<\/strong><\/p>\n<p style=\"text-align: center\"><a href=\"https:\/\/www.cm-evora.pt\/wp-content\/uploads\/2023\/11\/PORT.jpg\"><img loading=\"lazy\" decoding=\"async\" class=\"alignnone size-full wp-image-55858\" src=\"https:\/\/www.cm-evora.pt\/wp-content\/uploads\/2023\/11\/PORT.jpg\" alt=\"\" width=\"1260\" height=\"630\" srcset=\"https:\/\/www.cm-evora.pt\/wp-content\/uploads\/2023\/11\/PORT.jpg 1260w, https:\/\/www.cm-evora.pt\/wp-content\/uploads\/2023\/11\/PORT-300x150.jpg 300w, https:\/\/www.cm-evora.pt\/wp-content\/uploads\/2023\/11\/PORT-1024x512.jpg 1024w, https:\/\/www.cm-evora.pt\/wp-content\/uploads\/2023\/11\/PORT-768x384.jpg 768w, https:\/\/www.cm-evora.pt\/wp-content\/uploads\/2023\/11\/PORT-420x210.jpg 420w\" sizes=\"auto, (max-width: 1260px) 100vw, 1260px\" \/><\/a><\/p>\n<p><strong>O que \u00e9 o Dia Internacional da Cidade Educadora?<\/strong> A 30 de novembro comemora-se o Dia Internacional da Cidade Educadora, uma comemora\u00e7\u00e3o internacional para destacar a import\u00e2ncia da educa\u00e7\u00e3o em todos os aspetos da vida urbana. \u00c9 um compromisso global com a aprendizagem ao longo da vida, a inclus\u00e3o social e a valoriza\u00e7\u00e3o da diversidade cultural.<\/p>\n<p>&nbsp;<\/p>\n<p><strong>Sabia que<\/strong> \u2026<\/p>\n<p>Foi nesta mesma data, a 30 de novembro de 1990, que a Carta das Cidades Educadoras foi proclamada durante o primeiro Congresso Internacional das Cidades Educadoras, realizado em Barcelona (link para a Carta em portugu\u00eas <a href=\"https:\/\/www.edcities.org\/pt\/carta-das-cidades-educadoras\/\">https:\/\/www.edcities.org\/pt\/carta-das-cidades-educadoras\/<\/a>).<\/p>\n<p><strong>Vamos construir juntos uma \u00c9vora mais educadora e inspiradora! <\/strong><strong>\ud83d\udcda<\/strong><\/p>\n<table width=\"100%\">\n<tbody>\n<tr>\n<td style=\"text-align: center\" colspan=\"5\" width=\"100%\"><strong>Cidade Vivida, Cidade Mais Limpa<\/strong><\/td>\n<\/tr>\n<tr>\n<td style=\"text-align: center\" width=\"15%\"><strong>Sess\u00f5es<\/strong><\/td>\n<td style=\"text-align: center\" width=\"16%\"><strong>Intervenientes<\/strong><\/td>\n<td style=\"text-align: center\" width=\"16%\"><strong>Data<\/strong><\/td>\n<td style=\"text-align: center\" width=\"17%\"><strong>Local<\/strong><\/td>\n<td style=\"text-align: center\" width=\"35%\"><strong>\u00a0<\/strong><\/td>\n<\/tr>\n<tr>\n<td style=\"text-align: center\" width=\"15%\"><strong>Sess\u00e3o 1<\/strong><\/td>\n<td width=\"16%\">Servi\u00e7os Internos do Munic\u00edpio<\/td>\n<td width=\"16%\">30 novembro 2023<\/td>\n<td width=\"17%\">Teatro Garcia de Resende<\/td>\n<td width=\"35%\">Diagn\u00f3stico, Possibilidades de a\u00e7\u00e3o concertada para prever problemas a jusante.<\/td>\n<\/tr>\n<tr>\n<td style=\"text-align: center\" width=\"15%\"><strong>Sess\u00e3o 2<\/strong><\/td>\n<td width=\"16%\">Servi\u00e7os Internos do Munic\u00edpio<\/td>\n<td width=\"16%\">19 fevereiro 2024<\/td>\n<td width=\"17%\">Aer\u00f3dromo Municipal de \u00c9vora<\/td>\n<td width=\"35%\">Diagn\u00f3stico, Possibilidades de a\u00e7\u00e3o concertada para prever problemas a jusante.<\/td>\n<\/tr>\n<\/tbody>\n<\/table>\n<p><strong>Veja as fotos<\/strong>:<\/p>\n<ul>\n<li style=\"list-style-type: none\">\n<ul>\n<li><a href=\"https:\/\/www.cm-evora.pt\/dia-internacional-da-cidade-educadora-celebrado-em-evora-evora-cidade-educadora-cidade-vivida-cidade-mais-limpa\/\" target=\"_blank\" rel=\"noopener\">Sess\u00e3o 1<\/a><\/li>\n<li><a href=\"https:\/\/www.cm-evora.pt\/evora-cidade-educadora-cidade-vivida-cidade-mais-limpa-sessao-ii\/\" target=\"_blank\" rel=\"noopener\">Sess\u00e3o 2<\/a><\/li>\n<\/ul>\n<\/li>\n<\/ul>\n<p>&nbsp;<\/p>\n<div style=\"width: 1920px;\" class=\"wp-video\"><video class=\"wp-video-shortcode\" id=\"video-15917-2\" width=\"1920\" height=\"1080\" preload=\"metadata\" controls=\"controls\"><source type=\"video\/mp4\" src=\"https:\/\/www.cm-evora.pt\/wp-content\/uploads\/2023\/11\/Portugues.mp4?_=2\" \/><a href=\"https:\/\/www.cm-evora.pt\/wp-content\/uploads\/2023\/11\/Portugues.mp4\">https:\/\/www.cm-evora.pt\/wp-content\/uploads\/2023\/11\/Portugues.mp4<\/a><\/video><\/div>\n<p>&nbsp;<\/p>\n<p>#\u00c9voraEducadora #DiaInternacionaldaCidadeEducadora #Educa\u00e7\u00e3oTransformadora<\/p>\n<p>&nbsp;<\/p>\n<p>&nbsp;<\/p>\n<p style=\"text-align: center\"><strong>2\u00ba Encontro \u00c9vora, Cidade Educadora<\/strong><\/p>\n<p><iframe loading=\"lazy\" title=\"2\u00ba Encontro \u00c9vora Cidade Educadora - MANH\u00c3 (30 de novembro de 2022)\" width=\"500\" height=\"281\" src=\"https:\/\/www.youtube.com\/embed\/agZP4pR9eY4?feature=oembed\" frameborder=\"0\" allow=\"accelerometer; autoplay; clipboard-write; encrypted-media; gyroscope; picture-in-picture; web-share\" referrerpolicy=\"strict-origin-when-cross-origin\" allowfullscreen><\/iframe><\/p>\n<p><iframe loading=\"lazy\" title=\"2\u00ba Encontro \u00c9vora Cidade Educadora - TARDE (30 de novembro de 2022)\" width=\"500\" height=\"281\" src=\"https:\/\/www.youtube.com\/embed\/6Ol8BrzWikw?feature=oembed\" frameborder=\"0\" allow=\"accelerometer; autoplay; clipboard-write; encrypted-media; gyroscope; picture-in-picture; web-share\" referrerpolicy=\"strict-origin-when-cross-origin\" allowfullscreen><\/iframe><\/p>\n<p>&nbsp;<\/p>\n<p>&nbsp;<\/p>\n<p>&nbsp;<\/p>\n<h4 style=\"text-align: center\"><strong>Sess\u00e3o comemorativa do Dia Internacional da Cidade Educadora 2021<\/strong><\/h4>\n<p><iframe loading=\"lazy\" title=\"Dia das Cidades Educadoras\" width=\"500\" height=\"281\" src=\"https:\/\/www.youtube.com\/embed\/MtrQ50eDJNY?feature=oembed\" frameborder=\"0\" allow=\"accelerometer; autoplay; clipboard-write; encrypted-media; gyroscope; picture-in-picture; web-share\" referrerpolicy=\"strict-origin-when-cross-origin\" allowfullscreen><\/iframe><\/p>\n<p>&nbsp;<\/p>\n<p style=\"text-align: center\"><a href=\"https:\/\/www.cm-evora.pt\/wp-content\/uploads\/2021\/09\/Relatorio-2021_resumido.pdf\" target=\"_blank\" rel=\"noopener\">Relat\u00f3rio do Grupo de Trabalho Interno \u2013 vers\u00e3o sucinta.pdf<\/a><\/p>\n<p>&nbsp;<\/p>\n<h4 style=\"text-align: center\"><span style=\"color: #00ccff\"><a style=\"color: #00ccff\" href=\"http:\/\/www2.cm-evora.pt\/evoracidadeeducadora\/Encontro\/default.htm\" target=\"_blank\" rel=\"noopener\"><strong>1.\u00ba Encontro \u00c9vora Cidade Educadora<\/strong><\/a><\/span><\/h4>\n<h5 style=\"text-align: center\">12 de abril<\/h5>\n<p><iframe loading=\"lazy\" title=\"1\u00ba Encontro \u00c9vora Cidade Educadora - 1\u00ba Dia (12 de abril 2021)\" width=\"500\" height=\"281\" src=\"https:\/\/www.youtube.com\/embed\/-bQehrIa22A?feature=oembed\" frameborder=\"0\" allow=\"accelerometer; autoplay; clipboard-write; encrypted-media; gyroscope; picture-in-picture; web-share\" referrerpolicy=\"strict-origin-when-cross-origin\" allowfullscreen><\/iframe><\/p>\n<h5 style=\"text-align: center\">13 de abril<\/h5>\n<p><iframe loading=\"lazy\" title=\"1\u00ba Encontro \u00c9vora Cidade Educadora - 2\u00ba Dia (13 de abril 2021)\" width=\"500\" height=\"281\" src=\"https:\/\/www.youtube.com\/embed\/uVxj-I5qFk8?feature=oembed\" frameborder=\"0\" allow=\"accelerometer; autoplay; clipboard-write; encrypted-media; gyroscope; picture-in-picture; web-share\" referrerpolicy=\"strict-origin-when-cross-origin\" allowfullscreen><\/iframe><\/p>\n<h5 style=\"text-align: center\">14 de abril<\/h5>\n<p><iframe loading=\"lazy\" title=\"1\u00ba Encontro \u00c9vora Cidade Educadora - 3\u00ba Dia (14 de abril 2021)\" width=\"500\" height=\"281\" src=\"https:\/\/www.youtube.com\/embed\/S8G2DyzCDEk?feature=oembed\" frameborder=\"0\" allow=\"accelerometer; autoplay; clipboard-write; encrypted-media; gyroscope; picture-in-picture; web-share\" referrerpolicy=\"strict-origin-when-cross-origin\" allowfullscreen><\/iframe><\/p>\n<p>&nbsp;<\/p>\n<p>&nbsp;<\/p>","protected":false},"excerpt":{"rendered":"<p>Procuramos sempre perpetuar no tempo o que fazemos de positivo com impacto na vida dos outros, que promove, congrega, aproxima, refor\u00e7a a identidade local e a coes\u00e3o territorial. Procuramos aqui dar o devido destaque \u00e0 comunica\u00e7\u00e3o do que importa sobre a vida de \u00c9vora Cidade Educadora. A Cidade Educadora faz e importa que todos possamos [&hellip;]<\/p>\n","protected":false},"author":38,"featured_media":0,"parent":10391,"menu_order":8,"comment_status":"closed","ping_status":"closed","template":"templates-map\/component-text-layout1.php","meta":{"_acf_changed":false,"footnotes":""},"categories":[],"class_list":["post-15917","page","type-page","status-publish","hentry"],"acf":{"imagens":"","titulo_docs_seccao":"","documentos":""},"_links":{"self":[{"href":"https:\/\/www.cm-evora.pt\/en\/wp-json\/wp\/v2\/pages\/15917","targetHints":{"allow":["GET"]}}],"collection":[{"href":"https:\/\/www.cm-evora.pt\/en\/wp-json\/wp\/v2\/pages"}],"about":[{"href":"https:\/\/www.cm-evora.pt\/en\/wp-json\/wp\/v2\/types\/page"}],"author":[{"embeddable":true,"href":"https:\/\/www.cm-evora.pt\/en\/wp-json\/wp\/v2\/users\/38"}],"replies":[{"embeddable":true,"href":"https:\/\/www.cm-evora.pt\/en\/wp-json\/wp\/v2\/comments?post=15917"}],"version-history":[{"count":48,"href":"https:\/\/www.cm-evora.pt\/en\/wp-json\/wp\/v2\/pages\/15917\/revisions"}],"predecessor-version":[{"id":79679,"href":"https:\/\/www.cm-evora.pt\/en\/wp-json\/wp\/v2\/pages\/15917\/revisions\/79679"}],"up":[{"embeddable":true,"href":"https:\/\/www.cm-evora.pt\/en\/wp-json\/wp\/v2\/pages\/10391"}],"wp:attachment":[{"href":"https:\/\/www.cm-evora.pt\/en\/wp-json\/wp\/v2\/media?parent=15917"}],"wp:term":[{"taxonomy":"category","embeddable":true,"href":"https:\/\/www.cm-evora.pt\/en\/wp-json\/wp\/v2\/categories?post=15917"}],"curies":[{"name":"wp","href":"https:\/\/api.w.org\/{rel}","templated":true}]}}