{"id":15919,"date":"2020-11-05T09:52:45","date_gmt":"2020-11-05T09:52:45","guid":{"rendered":"https:\/\/evora2.int.skilltech.pt\/susProjects\/wp_evora2_suite\/?page_id=15919"},"modified":"2025-11-12T11:06:45","modified_gmt":"2025-11-12T11:06:45","slug":"cidade-para-tods","status":"publish","type":"page","link":"https:\/\/www.cm-evora.pt\/en\/municipe\/projetos-municipais\/evora-cidade-educadora\/cidade-para-tods\/","title":{"rendered":"Cidade para Tod@s"},"content":{"rendered":"<p><\/p>\n<div style=\"text-align: center\"><a href=\"https:\/\/www.cm-evora.pt\/wp-content\/uploads\/2020\/11\/mapaEvoraCidadeEducadora-banner639-1.jpg\" target=\"_blank\" rel=\"noopener\"><img loading=\"lazy\" decoding=\"async\" class=\"alignnone wp-image-16049\" src=\"https:\/\/www.cm-evora.pt\/wp-content\/uploads\/2020\/11\/mapaEvoraCidadeEducadora-banner639-1.jpg\" alt=\"\" width=\"777\" height=\"440\" srcset=\"https:\/\/www.cm-evora.pt\/wp-content\/uploads\/2020\/11\/mapaEvoraCidadeEducadora-banner639-1.jpg 639w, https:\/\/www.cm-evora.pt\/wp-content\/uploads\/2020\/11\/mapaEvoraCidadeEducadora-banner639-1-300x170.jpg 300w\" sizes=\"auto, (max-width: 777px) 100vw, 777px\" \/><\/a><\/div>\n<p>&nbsp;<\/p>\n<div style=\"text-align: center\"><span class=\"ms-rteThemeForeColor-4-5\"><strong>\u201cN\u00e3o \u00e9 a dist\u00e2ncia que mede o afastamento.\u201d\u00a0<\/strong>Antoine de Saint-Exup\u00e9ry<\/span><\/div>\n<div><\/div>\n<p>&nbsp;<\/p>\n<div>\n<div>\n<p>O tempo de crise \u00e9 um tempo de aproxima\u00e7\u00e3o de vontades. Quando privados do normal funcionamento das nossas vidas, tendencialmente damos import\u00e2ncia ao que verdadeiramente importa, procuramos viver com o essencial e canalizamos esfor\u00e7os para que tod@s possam sofrer menor impacto, durante menos tempo, com menos consequ\u00eancias negativas. O recente tempo de crise, que a todos afetou, trouxe para a rua a verdadeira ess\u00eancia de uma cidade que educa porque ajuda, apoia, socorre, zela, vigia, suporta, acolhe e promove. As m\u00e3os da Cidade Educadora respondem quase sempre mais r\u00e1pido do que a vontade de dizer que vamos fazer. O nosso territ\u00f3rio quer ser &#8220;terra&#8221; para todos e quando asseguramos Recursos para Tod@s, ficamos mais pr\u00f3ximos dessa verdade que perseguimos- fazemos para todos, n\u00e3o importa se fazemos muito, importa \u00e9 que o fa\u00e7amos com consequ\u00eancia, com propriedade, com sentido de justi\u00e7a, inclus\u00e3o e promo\u00e7\u00e3o de cada pessoa e do conjunto das suas aspira\u00e7\u00f5es.<\/p>\n<p>&nbsp;<\/p>\n<p>Os recursos ajudam a vencer barreiras, a vergar dificuldades, a encontrar respostas e a estreitar la\u00e7os. Os recursos s\u00e3o respostas \u00e0s perguntas que se colocam. Os recursos para tod@s, em todo o tempo, t\u00e3o ao estilo da Cidade Educadora s\u00e3o as respostas \u00e0s perguntas antes mesmo de elas poderem ser colocadas.<\/p>\n<p>&nbsp;<\/p>\n<p>Em todo o tempo, e n\u00e3o s\u00f3 no tempo de crise, os recursos para tod@s numa \u00c9vora Cidade Educadora, procuram dar resposta \u00e0s necessidades dos seus habitantes, nunca esquecendo os mais vulner\u00e1veis em qualquer situa\u00e7\u00e3o das suas vidas.<\/p>\n<p>&nbsp;<\/p>\n<p><em>S\u00e3o estes os grandes desafios do s\u00e9culo XXI: Primeiro, \u201cinvestir\u201d na educa\u00e7\u00e3o, em cada pessoa, para que cada vez mais seja capaz de refletir, exprimir, afirmar e desenvolver o pr\u00f3prio potencial humano (&#8230;). Em segundo lugar, promover condi\u00e7\u00f5es de plena igualdade para que todas as pessoas se sintam respeitadas e sejam respeitadoras, capazes de dialogar e escutar ativamente. Em terceiro lugar, combinar todos os fatores poss\u00edveis para que uma verdadeira sociedade do conhecimento possa ser constru\u00edda (&#8230;) sem exclus\u00f5es.<\/em><\/p>\n<\/div>\n<\/div>\n<div>\n<div style=\"text-align: right\"><em><span class=\"ms-rteThemeForeColor-4-5\">(Pre\u00e2mbulo da &#8220;<a href=\"https:\/\/www.cm-evora.pt\/municipe\/projetos-municipais\/evora-cidade-educadora\/carta-das-cidades-educadoras\/\" target=\"_blank\" rel=\"noopener noreferrer\">Carta das Cidades Educadoras<\/a>&#8220;).<\/span><\/em><\/div>\n<\/div>\n<div>\n<div><\/div>\n<p>&nbsp;<\/p>\n<div><\/div>\n<div><span class=\"ms-rteThemeForeColor-4-5\">Consulte os recursos dispon\u00edveis online:<\/span><\/div>\n<div><span class=\"ms-rteThemeForeColor-4-5\">\u00a0<\/span><\/div>\n<div>\n<div><span class=\"ms-rteThemeForeColor-4-5\"><strong>Programa de Atividades de Enriquecimento Curricular\u00a0<\/strong>(atividades de car\u00e1cter facultativo e de natureza eminentemente l\u00fadica, formativa e cultural dirigidas a alunos do 1.\u00ba CEB)<\/span><\/div>\n<div><span class=\"ms-rteThemeForeColor-4-5\">Aceda\u00a0<a href=\"https:\/\/www.cm-evora.pt\/municipe\/projetos-municipais\/pel-projeto-educativo-local\/projetos-educativos\/programa-de-atividades-de-enriquecimento-curricular-aecs\/\" target=\"_blank\" rel=\"noopener\"><span class=\"ms-rteForeColor-8\">aqui<\/span><\/a>.<\/span><\/div>\n<div><\/div>\n<div><span class=\"ms-rteThemeForeColor-4-5\">\u00a0<\/span><\/div>\n<div><span class=\"ms-rteThemeForeColor-4-5\"><strong>Inclus\u00e3o em Movimento<\/strong>\u00a0(programa de atividade f\u00edsica destinado a pessoas, de v\u00e1rias faixas et\u00e1rias, com necessidades especiais)<\/span><\/div>\n<div><span class=\"ms-rteThemeForeColor-4-5\">Aceda\u00a0<\/span><a href=\"https:\/\/www.cm-evora.pt\/municipe\/projetos-municipais\/pel-projeto-educativo-local\/projetos-educativos\/inclusao-em-movimento\/\" target=\"_blank\" rel=\"noopener\"><span class=\"ms-rteForeColor-8\">aqui<\/span><\/a>.<\/div>\n<div><\/div>\n<p>&nbsp;<\/p>\n<div><strong>Pr\u00e1tica Desportiva:<\/strong><\/div>\n<div>\n<ul>\n<li style=\"list-style-type: none\">\n<ul>\n<li><span style=\"color: #181818\"><b>Para Popula\u00e7\u00e3o Infantil<\/b><\/span><\/li>\n<\/ul>\n<\/li>\n<\/ul>\n<p style=\"padding-left: 80px\"><a href=\"https:\/\/youtu.be\/h2lYDCd7zQ8\" target=\"_blank\" rel=\"noopener noreferrer\"><span class=\"ms-rteForeColor-8\">https:\/\/youtu.be\/h2lYDCd7zQ8<\/span><\/a><\/p>\n<p style=\"padding-left: 80px\"><span class=\"ms-rteForeColor-8\"><a href=\"https:\/\/youtu.be\/KkdN-zdzjSI\" target=\"_blank\" rel=\"noopener noreferrer\">https:\/\/youtu.be\/KkdN-zdzjSI<\/a><\/span><\/p>\n<\/div>\n<div>\n<ul>\n<li style=\"list-style-type: none\">\n<ul>\n<li><strong>Para\u00a0Popula\u00e7\u00e3o Ativa<\/strong><\/li>\n<\/ul>\n<\/li>\n<\/ul>\n<p style=\"padding-left: 80px\"><span class=\"ms-rteForeColor-8\"><a href=\"https:\/\/www.facebook.com\/evoradesporto\/videos\/269367490897171\/\" target=\"_blank\" rel=\"noopener noreferrer\">Popula\u00e7\u00e3o Ativa &#8211; Aula 1<\/a><\/span><\/p>\n<p style=\"padding-left: 80px\"><span class=\"ms-rteForeColor-8\"><a href=\"https:\/\/youtu.be\/5aWjGLZJ7YA\">https:\/\/youtu.be\/5aWjGLZJ7YA<\/a><\/span><\/p>\n<ul>\n<li style=\"list-style-type: none\">\n<ul>\n<li><strong>Seniores Ativos<\/strong><\/li>\n<\/ul>\n<\/li>\n<\/ul>\n<ul>\n<li style=\"list-style-type: none\">\n<ul>\n<li style=\"list-style-type: none\">\n<ul>\n<li><span class=\"ms-rteThemeForeColor-4-5\">Aceda\u00a0<\/span><a href=\"https:\/\/www.cm-evora.pt\/municipe\/areas-de-acao\/desporto-e-lazer\/programas-desportivos\/seniores-ativos\/\" target=\"_blank\" rel=\"noopener noreferrer\"><span class=\"ms-rteForeColor-8\">aqui<\/span><\/a>.<\/li>\n<\/ul>\n<\/li>\n<\/ul>\n<\/li>\n<\/ul>\n<\/div>\n<\/div>\n<\/div>\n<p><\/p>","protected":false},"excerpt":{"rendered":"<p>&nbsp; \u201cN\u00e3o \u00e9 a dist\u00e2ncia que mede o afastamento.\u201d\u00a0Antoine de Saint-Exup\u00e9ry &nbsp; O tempo de crise \u00e9 um tempo de aproxima\u00e7\u00e3o de vontades. Quando privados do normal funcionamento das nossas vidas, tendencialmente damos import\u00e2ncia ao que verdadeiramente importa, procuramos viver com o essencial e canalizamos esfor\u00e7os para que tod@s possam sofrer menor impacto, durante menos [&hellip;]<\/p>\n","protected":false},"author":38,"featured_media":0,"parent":10391,"menu_order":9,"comment_status":"closed","ping_status":"closed","template":"templates-map\/component-text-layout1.php","meta":{"_acf_changed":false,"footnotes":""},"categories":[],"class_list":["post-15919","page","type-page","status-publish","hentry"],"acf":{"imagens":"","titulo_docs_seccao":"","documentos":""},"_links":{"self":[{"href":"https:\/\/www.cm-evora.pt\/en\/wp-json\/wp\/v2\/pages\/15919","targetHints":{"allow":["GET"]}}],"collection":[{"href":"https:\/\/www.cm-evora.pt\/en\/wp-json\/wp\/v2\/pages"}],"about":[{"href":"https:\/\/www.cm-evora.pt\/en\/wp-json\/wp\/v2\/types\/page"}],"author":[{"embeddable":true,"href":"https:\/\/www.cm-evora.pt\/en\/wp-json\/wp\/v2\/users\/38"}],"replies":[{"embeddable":true,"href":"https:\/\/www.cm-evora.pt\/en\/wp-json\/wp\/v2\/comments?post=15919"}],"version-history":[{"count":22,"href":"https:\/\/www.cm-evora.pt\/en\/wp-json\/wp\/v2\/pages\/15919\/revisions"}],"predecessor-version":[{"id":79217,"href":"https:\/\/www.cm-evora.pt\/en\/wp-json\/wp\/v2\/pages\/15919\/revisions\/79217"}],"up":[{"embeddable":true,"href":"https:\/\/www.cm-evora.pt\/en\/wp-json\/wp\/v2\/pages\/10391"}],"wp:attachment":[{"href":"https:\/\/www.cm-evora.pt\/en\/wp-json\/wp\/v2\/media?parent=15919"}],"wp:term":[{"taxonomy":"category","embeddable":true,"href":"https:\/\/www.cm-evora.pt\/en\/wp-json\/wp\/v2\/categories?post=15919"}],"curies":[{"name":"wp","href":"https:\/\/api.w.org\/{rel}","templated":true}]}}