{"id":15974,"date":"2020-11-06T14:37:04","date_gmt":"2020-11-06T14:37:04","guid":{"rendered":"https:\/\/evora2.int.skilltech.pt\/susProjects\/wp_evora2_suite\/?page_id=15974"},"modified":"2022-02-21T09:38:00","modified_gmt":"2022-02-21T09:38:00","slug":"carta-das-cidades-educadoras","status":"publish","type":"page","link":"https:\/\/www.cm-evora.pt\/en\/municipe\/projetos-municipais\/evora-cidade-educadora\/carta-das-cidades-educadoras\/","title":{"rendered":"(Portugu\u00eas) CARTA DAS CIDADES EDUCADORAS"},"content":{"rendered":"<p class=\"qtranxs-available-languages-message qtranxs-available-languages-message-en\">Sorry, this entry is only available in <a href=\"https:\/\/www.cm-evora.pt\/pt\/wp-json\/wp\/v2\/pages\/15974\" class=\"qtranxs-available-language-link qtranxs-available-language-link-pt\" title=\"Portugu\u00eas\">Portugu\u00eas<\/a>.<\/p><p><\/p>\n<div>\n<div style=\"text-align: center\">\n<h4 style=\"font-weight: 400\"><strong>Carta das Cidades Educadoras<\/strong><\/h4>\n<p style=\"font-weight: 400;text-align: left\"><strong>Os munic\u00edpios com representa\u00e7\u00e3o no Congresso Internacional das Cidades Educadoras, celebrado em Barcelona em 1990, inclu\u00edram na Carta Inicial os princ\u00edpios b\u00e1sicos pelos quais se deve reger o impulso educativo da cidade. Partiam da convic\u00e7\u00e3o de que o desenvolvimento dos seus habitantes n\u00e3o pode ser deixado ao acaso. A Carta foi revista no II Congresso Internacional (Bolonha, 1994), no VIII Congresso (G\u00e9nova, 2004) e em 2020, para adaptar as suas perspetivas aos novos desafios e necessidades sociais.<\/strong><\/p>\n<\/div>\n<\/div>\n<div><\/div>\n<p><\/p>","protected":false},"excerpt":{"rendered":"<p>Sorry, this entry is only available in Portugu\u00eas. Carta das Cidades Educadoras Os munic\u00edpios com representa\u00e7\u00e3o no Congresso Internacional das Cidades Educadoras, celebrado em Barcelona em 1990, inclu\u00edram na Carta Inicial os princ\u00edpios b\u00e1sicos pelos quais se deve reger o impulso educativo da cidade. Partiam da convic\u00e7\u00e3o de que o desenvolvimento dos seus habitantes n\u00e3o [&hellip;]<\/p>\n","protected":false},"author":38,"featured_media":0,"parent":10391,"menu_order":10,"comment_status":"closed","ping_status":"closed","template":"templates-map\/component-text-layout1.php","meta":{"_acf_changed":false,"footnotes":""},"categories":[],"class_list":["post-15974","page","type-page","status-publish","hentry"],"acf":{"imagens":"","titulo_docs_seccao":"","documentos":[18482]},"_links":{"self":[{"href":"https:\/\/www.cm-evora.pt\/en\/wp-json\/wp\/v2\/pages\/15974","targetHints":{"allow":["GET"]}}],"collection":[{"href":"https:\/\/www.cm-evora.pt\/en\/wp-json\/wp\/v2\/pages"}],"about":[{"href":"https:\/\/www.cm-evora.pt\/en\/wp-json\/wp\/v2\/types\/page"}],"author":[{"embeddable":true,"href":"https:\/\/www.cm-evora.pt\/en\/wp-json\/wp\/v2\/users\/38"}],"replies":[{"embeddable":true,"href":"https:\/\/www.cm-evora.pt\/en\/wp-json\/wp\/v2\/comments?post=15974"}],"version-history":[{"count":8,"href":"https:\/\/www.cm-evora.pt\/en\/wp-json\/wp\/v2\/pages\/15974\/revisions"}],"predecessor-version":[{"id":31842,"href":"https:\/\/www.cm-evora.pt\/en\/wp-json\/wp\/v2\/pages\/15974\/revisions\/31842"}],"up":[{"embeddable":true,"href":"https:\/\/www.cm-evora.pt\/en\/wp-json\/wp\/v2\/pages\/10391"}],"acf:post":[{"embeddable":true,"href":"https:\/\/www.cm-evora.pt\/en\/wp-json\/wp\/v2\/listas_ficheiros\/18482"}],"wp:attachment":[{"href":"https:\/\/www.cm-evora.pt\/en\/wp-json\/wp\/v2\/media?parent=15974"}],"wp:term":[{"taxonomy":"category","embeddable":true,"href":"https:\/\/www.cm-evora.pt\/en\/wp-json\/wp\/v2\/categories?post=15974"}],"curies":[{"name":"wp","href":"https:\/\/api.w.org\/{rel}","templated":true}]}}