{"id":1608,"date":"2019-10-18T15:31:19","date_gmt":"2019-10-18T14:31:19","guid":{"rendered":"https:\/\/evora2.int.skilltech.pt\/susProjects\/wp_evora2_suite\/?page_id=1608"},"modified":"2024-11-15T10:09:01","modified_gmt":"2024-11-15T10:09:01","slug":"servicos","status":"publish","type":"page","link":"https:\/\/www.cm-evora.pt\/en\/servicos\/","title":{"rendered":"SERVICES"},"content":{"rendered":"<p class=\"qtranxs-available-languages-message qtranxs-available-languages-message-en\">Sorry, this entry is only available in <a href=\"https:\/\/www.cm-evora.pt\/pt\/wp-json\/wp\/v2\/pages\/1608\" class=\"qtranxs-available-language-link qtranxs-available-language-link-pt\" title=\"Portugu\u00eas\">Portugu\u00eas<\/a>.<\/p><p><\/p>\n<p style=\"text-align: center\"><a href=\"https:\/\/www.cm-evora.pt\/wp-content\/uploads\/2021\/01\/servicos-1.jpg\" target=\"_blank\" rel=\"noopener\"><img loading=\"lazy\" decoding=\"async\" class=\"alignnone wp-image-19836\" src=\"https:\/\/www.cm-evora.pt\/wp-content\/uploads\/2021\/01\/servicos-1.jpg\" alt=\"\" width=\"835\" height=\"803\" srcset=\"https:\/\/www.cm-evora.pt\/wp-content\/uploads\/2021\/01\/servicos-1.jpg 526w, https:\/\/www.cm-evora.pt\/wp-content\/uploads\/2021\/01\/servicos-1-300x289.jpg 300w\" sizes=\"auto, (max-width: 835px) 100vw, 835px\" \/><\/a><\/p>\n<p>&nbsp;<\/p>\n<h2><strong>Modernizar a C\u00e2mara com Cultura de Servi\u00e7o P\u00fablico<\/strong><\/h2>\n<p>Tem vindo a ser implementada a nova Organiza\u00e7\u00e3o de Servi\u00e7os do Munic\u00edpio. A reestrutura\u00e7\u00e3o prosseguir\u00e1 durante o ano de 2021, assegurando mudan\u00e7as importantes e mantendo o objetivo estrat\u00e9gico mais importante: aprofundar a democracia local participada, internamente e nas rela\u00e7\u00f5es com o exterior, assegurar a moderniza\u00e7\u00e3o e a inova\u00e7\u00e3o, assumindo e interiorizando uma nova cultura de servi\u00e7o p\u00fablico.<\/p>\n<p><\/p>","protected":false},"excerpt":{"rendered":"<p>Sorry, this entry is only available in Portugu\u00eas. &nbsp; Modernizar a C\u00e2mara com Cultura de Servi\u00e7o P\u00fablico Tem vindo a ser implementada a nova Organiza\u00e7\u00e3o de Servi\u00e7os do Munic\u00edpio. A reestrutura\u00e7\u00e3o prosseguir\u00e1 durante o ano de 2021, assegurando mudan\u00e7as importantes e mantendo o objetivo estrat\u00e9gico mais importante: aprofundar a democracia local participada, internamente e nas [&hellip;]<\/p>\n","protected":false},"author":1,"featured_media":0,"parent":0,"menu_order":3,"comment_status":"closed","ping_status":"closed","template":"templates-map\/component-text-layout1.php","meta":{"_acf_changed":false,"footnotes":""},"categories":[],"class_list":["post-1608","page","type-page","status-publish","hentry"],"acf":{"imagens":"","titulo_docs_seccao":"","documentos":""},"_links":{"self":[{"href":"https:\/\/www.cm-evora.pt\/en\/wp-json\/wp\/v2\/pages\/1608","targetHints":{"allow":["GET"]}}],"collection":[{"href":"https:\/\/www.cm-evora.pt\/en\/wp-json\/wp\/v2\/pages"}],"about":[{"href":"https:\/\/www.cm-evora.pt\/en\/wp-json\/wp\/v2\/types\/page"}],"author":[{"embeddable":true,"href":"https:\/\/www.cm-evora.pt\/en\/wp-json\/wp\/v2\/users\/1"}],"replies":[{"embeddable":true,"href":"https:\/\/www.cm-evora.pt\/en\/wp-json\/wp\/v2\/comments?post=1608"}],"version-history":[{"count":12,"href":"https:\/\/www.cm-evora.pt\/en\/wp-json\/wp\/v2\/pages\/1608\/revisions"}],"predecessor-version":[{"id":68095,"href":"https:\/\/www.cm-evora.pt\/en\/wp-json\/wp\/v2\/pages\/1608\/revisions\/68095"}],"wp:attachment":[{"href":"https:\/\/www.cm-evora.pt\/en\/wp-json\/wp\/v2\/media?parent=1608"}],"wp:term":[{"taxonomy":"category","embeddable":true,"href":"https:\/\/www.cm-evora.pt\/en\/wp-json\/wp\/v2\/categories?post=1608"}],"curies":[{"name":"wp","href":"https:\/\/api.w.org\/{rel}","templated":true}]}}