{"id":16091,"date":"2020-11-13T11:05:29","date_gmt":"2020-11-13T11:05:29","guid":{"rendered":"https:\/\/evora2.int.skilltech.pt\/susProjects\/wp_evora2_suite\/?page_id=16091"},"modified":"2026-01-30T14:12:31","modified_gmt":"2026-01-30T14:12:31","slug":"reabilitacao-urbana","status":"publish","type":"page","link":"https:\/\/www.cm-evora.pt\/en\/municipe\/areas-de-acao\/habitacao-e-reabilitacao-urbana\/reabilitacao-urbana\/","title":{"rendered":"Reabilita\u00e7\u00e3o Urbana"},"content":{"rendered":"<p>A reabilita\u00e7\u00e3o urbana \u00e9 uma componente indispens\u00e1vel no Plano local de habita\u00e7\u00e3o de \u00c9vora, na medida em que nela convergem os objetivos de reabilita\u00e7\u00e3o do edificado das \u00e1reas degradadas, nomeadamente nas \u00e1reas de interven\u00e7\u00e3o priorit\u00e1ria e integrada, que se encontram disseminadas por todas as \u00e1reas urbanas no concelho \u00c9vora. Neste contexto, os per\u00edmetros urbanos definidos no concelho de \u00c9vora, como o per\u00edmetro urbano da cidade de \u00c9vora, dos bairros perif\u00e9ricos, das aglomera\u00e7\u00f5es urbanas sede de freguesia rural e das outras aglomera\u00e7\u00f5es s\u00e3o \u00e1reas de reabilita\u00e7\u00e3o urbana, com o objetivo de promover a integra\u00e7\u00e3o e a inclus\u00e3o destas \u00e1reas degradadas no processo de reabilita\u00e7\u00e3o urbana.<\/p>\n<p>&nbsp;<\/p>\n<p>Assim, pretende-se desenvolver um processo de reabilita\u00e7\u00e3o participativo com os propriet\u00e1rios (p\u00fablicos e privados) do edificado habitado e devoluto, que ser\u00e1 estruturante para coes\u00e3o social no concelho, para garantir o direito a uma habita\u00e7\u00e3o digna e promover o <em>mix<\/em> residencial, atrav\u00e9s da reabilita\u00e7\u00e3o a custos controlados.<\/p>\n<p>&nbsp;<\/p>\n<p>As \u00e1reas de reabilita\u00e7\u00e3o urbana delimitadas s\u00e3o:<\/p>","protected":false},"excerpt":{"rendered":"<p>A reabilita\u00e7\u00e3o urbana \u00e9 uma componente indispens\u00e1vel no Plano local de habita\u00e7\u00e3o de \u00c9vora, na medida em que nela convergem os objetivos de reabilita\u00e7\u00e3o do edificado das \u00e1reas degradadas, nomeadamente nas \u00e1reas de interven\u00e7\u00e3o priorit\u00e1ria e integrada, que se encontram disseminadas por todas as \u00e1reas urbanas no concelho \u00c9vora. Neste contexto, os per\u00edmetros urbanos definidos [&hellip;]<\/p>\n","protected":false},"author":38,"featured_media":0,"parent":1506,"menu_order":3,"comment_status":"closed","ping_status":"closed","template":"templates-map\/component-text-list-layout1.php","meta":{"_acf_changed":false,"footnotes":""},"categories":[],"class_list":["post-16091","page","type-page","status-publish","hentry"],"acf":[],"_links":{"self":[{"href":"https:\/\/www.cm-evora.pt\/en\/wp-json\/wp\/v2\/pages\/16091","targetHints":{"allow":["GET"]}}],"collection":[{"href":"https:\/\/www.cm-evora.pt\/en\/wp-json\/wp\/v2\/pages"}],"about":[{"href":"https:\/\/www.cm-evora.pt\/en\/wp-json\/wp\/v2\/types\/page"}],"author":[{"embeddable":true,"href":"https:\/\/www.cm-evora.pt\/en\/wp-json\/wp\/v2\/users\/38"}],"replies":[{"embeddable":true,"href":"https:\/\/www.cm-evora.pt\/en\/wp-json\/wp\/v2\/comments?post=16091"}],"version-history":[{"count":20,"href":"https:\/\/www.cm-evora.pt\/en\/wp-json\/wp\/v2\/pages\/16091\/revisions"}],"predecessor-version":[{"id":81249,"href":"https:\/\/www.cm-evora.pt\/en\/wp-json\/wp\/v2\/pages\/16091\/revisions\/81249"}],"up":[{"embeddable":true,"href":"https:\/\/www.cm-evora.pt\/en\/wp-json\/wp\/v2\/pages\/1506"}],"wp:attachment":[{"href":"https:\/\/www.cm-evora.pt\/en\/wp-json\/wp\/v2\/media?parent=16091"}],"wp:term":[{"taxonomy":"category","embeddable":true,"href":"https:\/\/www.cm-evora.pt\/en\/wp-json\/wp\/v2\/categories?post=16091"}],"curies":[{"name":"wp","href":"https:\/\/api.w.org\/{rel}","templated":true}]}}