{"id":16189,"date":"2020-11-16T17:40:26","date_gmt":"2020-11-16T17:40:26","guid":{"rendered":"https:\/\/evora2.int.skilltech.pt\/susProjects\/wp_evora2_suite\/?page_id=16189"},"modified":"2025-08-21T16:11:44","modified_gmt":"2025-08-21T15:11:44","slug":"alteracoes-de-toponimia","status":"publish","type":"page","link":"https:\/\/www.cm-evora.pt\/en\/municipe\/areas-de-acao\/ordenamento-territorio-e-urbanismo\/alteracoes-de-toponimia\/","title":{"rendered":"Altera\u00e7\u00f5es de Topon\u00edmia"},"content":{"rendered":"<p style=\"text-align: center\"><a href=\"https:\/\/www.cm-evora.pt\/wp-content\/uploads\/2020\/11\/aNEXO_PLANTAS_LOCALIZACAO.png\" target=\"_blank\" rel=\"noopener\"><img loading=\"lazy\" decoding=\"async\" class=\"alignnone wp-image-16350 size-full\" src=\"https:\/\/www.cm-evora.pt\/wp-content\/uploads\/2020\/11\/aNEXO_PLANTAS_LOCALIZACAO.png\" alt=\"\" width=\"639\" height=\"362\" srcset=\"https:\/\/www.cm-evora.pt\/wp-content\/uploads\/2020\/11\/aNEXO_PLANTAS_LOCALIZACAO.png 639w, https:\/\/www.cm-evora.pt\/wp-content\/uploads\/2020\/11\/aNEXO_PLANTAS_LOCALIZACAO-300x170.png 300w\" sizes=\"auto, (max-width: 639px) 100vw, 639px\" \/><\/a><\/p>\n<p>Em <strong>Reuni\u00e3o P\u00fablica de C\u00e2mara realizada em 04\/06\/2025<\/strong>, foram aprovados os seguintes top\u00f3nimos no concelho de \u00c9vora:<\/p>\n<p>&nbsp;<\/p>\n<p>Na <u>Cidade<\/u>:<\/p>\n<ul>\n<li style=\"list-style-type: none\">\n<ul>\n<li>Rua Arquiteto Manuel Tierno Bagulho<\/li>\n<li>Rua dos Cantares de \u00c9vora<\/li>\n<li>Rua Jos\u00e9 Amaro Modas Vilas<\/li>\n<li>Rua Jos\u00e9 Am\u00e1vel Migu\u00e9ns Claudino<\/li>\n<li>Largo das Garagens da Tapada<\/li>\n<li>Beco das Piscinas<\/li>\n<li>Rua do Murete<\/li>\n<\/ul>\n<\/li>\n<\/ul>\n<p>&nbsp;<\/p>\n<p>Em <u>Valverde<\/u>:<\/p>\n<ul>\n<li style=\"list-style-type: none\">\n<ul>\n<li>Bairro Ana Lu\u00edsa<\/li>\n<\/ul>\n<\/li>\n<\/ul>\n<p>&nbsp;<\/p>\n<p>Em <u>S\u00e3o Vicente da Valongo<\/u>:<\/p>\n<ul>\n<li style=\"list-style-type: none\">\n<ul>\n<li>Rua da Liberdade<\/li>\n<li>Rua da Alegria<\/li>\n<\/ul>\n<\/li>\n<\/ul>\n<p>&nbsp;<\/p>\n<p>Em <u>S\u00e3o Man\u00e7os<\/u>:<\/p>\n<ul>\n<li style=\"list-style-type: none\">\n<ul>\n<li>Beco do Quintal\u00e3o<\/li>\n<\/ul>\n<\/li>\n<\/ul>\n<p>&nbsp;<\/p>\n<p><strong>Consulte as plantas em anexo:<\/strong><\/p>\n<p><a href=\"https:\/\/www.cm-evora.pt\/wp-content\/uploads\/2025\/08\/PLANTAS_LOCALIZACAO_TOPONIMOS_APROVADOS_RPC_04062025.pdf\" target=\"_blank\" rel=\"noopener\">Planta de Localiza\u00e7\u00e3o dos Top\u00f3nimos Aprovados a 04\/06\/2025.pdf<\/a><\/p>\n<p>&nbsp;<\/p>\n<p>&nbsp;<\/p>\n<p>&nbsp;<\/p>\n<p>Em <strong>Reuni\u00e3o P\u00fablica de C\u00e2mara realizada em 24\/07\/2024<\/strong>, foram aprovados os seguintes top\u00f3nimos no concelho de \u00c9vora:<\/p>\n<p>&nbsp;<\/p>\n<p>Na <u>Cidade<\/u>:<\/p>\n<ul>\n<li>Rua do P\u00e1teo da Horta<\/li>\n<li>Avenida dos Quadrilheiros<\/li>\n<li>Rua Duarte de Meneses<\/li>\n<\/ul>\n<p>&nbsp;<\/p>\n<p>Em <u>S\u00e3o Sebasti\u00e3o da Giesteira<\/u>:<\/p>\n<ul>\n<li>Praceta da Alegria<\/li>\n<\/ul>\n<p>&nbsp;<\/p>\n<p><strong>Consulte as plantas em anexo:<\/strong><\/p>\n<p><a href=\"https:\/\/www.cm-evora.pt\/wp-content\/uploads\/2024\/08\/PLANTAS_LOCALIZACAO_TOPONIMOS_APROVADOS_RPC_24072024.pdf\" target=\"_blank\" rel=\"noopener\">Planta de Localiza\u00e7\u00e3o dos Top\u00f3nimos Aprovados a 24\/07\/2024.pdf<\/a><\/p>\n<p>&nbsp;<\/p>\n<p>&nbsp;<\/p>\n<p>&nbsp;<\/p>\n<p>Em <strong>Reuni\u00e3o P\u00fablica de C\u00e2mara realizada em 27\/09\/2023<\/strong>, foram aprovados os seguintes top\u00f3nimos no concelho de \u00c9vora:<\/p>\n<p>&nbsp;<\/p>\n<p>Na <u>Cidade<\/u>:<\/p>\n<ul>\n<li style=\"list-style-type: none\">\n<ul>\n<li>Avenida Dr. Jo\u00e3o Alves Pimenta<\/li>\n<li>Avenida Jos\u00e9 Saloio<\/li>\n<li>Rua do Po\u00e7o Entre Vinhas<\/li>\n<li>Rua Jo\u00e3o Cutileiro<\/li>\n<li>Rua Francisco Tom\u00e9 Barrenho<\/li>\n<\/ul>\n<\/li>\n<\/ul>\n<p>&nbsp;<\/p>\n<p>Em <u>S\u00e3o Man\u00e7os<\/u>:<\/p>\n<ul>\n<li style=\"list-style-type: none\">\n<ul>\n<li>Rua Rodrigues Vaquinhas<\/li>\n<\/ul>\n<\/li>\n<\/ul>\n<p>&nbsp;<\/p>\n<p>Na <u>Esta\u00e7\u00e3o das Alc\u00e1\u00e7ovas<\/u>:<\/p>\n<ul>\n<li style=\"list-style-type: none\">\n<ul>\n<li>Rua 25 de Abril<\/li>\n<li>Beco Francisco Saldanha<\/li>\n<li>Largo da Esta\u00e7\u00e3o<\/li>\n<li>Rua Ant\u00f3nio Joaquim Coelho<\/li>\n<\/ul>\n<\/li>\n<\/ul>\n<p>&nbsp;<\/p>\n<p><strong>Consulte as plantas em anexo:<\/strong><\/p>\n<p><a href=\"https:\/\/www.cm-evora.pt\/wp-content\/uploads\/2023\/10\/PLANTAS_LOCALIZACAO_TOPONIMOS_APROVADOS_RPC_27092023.pdf\" target=\"_blank\" rel=\"noopener\">Planta de Localiza\u00e7\u00e3o dos Top\u00f3nimos Aprovados a 27\/09\/2023.pdf<\/a><\/p>\n<p>&nbsp;<\/p>\n<p>&nbsp;<\/p>\n<div>\n<div>\n<p>Em <strong>Reuni\u00e3o P\u00fablica de C\u00e2mara realizada em 30\/11\/2022<\/strong>, foram aprovados os seguintes top\u00f3nimos no concelho de \u00c9vora:<\/p>\n<p>Na <span style=\"text-decoration: underline\">cidade<\/span>:<\/p>\n<ul>\n<li style=\"list-style-type: none\">\n<ul>\n<li>Rua Ant\u00f3nio Doce;<\/li>\n<li>Largo dos Moinhos;<\/li>\n<li>Rua Joaquim Palminha Silva;<\/li>\n<li>Rua \u00c1lvaro de Almeida Bandeira.<\/li>\n<\/ul>\n<\/li>\n<\/ul>\n<p>&nbsp;<\/p>\n<p>Em <span style=\"text-decoration: underline\">S\u00e3o Man\u00e7os<\/span>:<\/p>\n<ul>\n<li style=\"list-style-type: none\">\n<ul>\n<li>Rua Gouveia.<\/li>\n<\/ul>\n<\/li>\n<\/ul>\n<p>&nbsp;<\/p>\n<p><strong>Consulte as plantas em anexo:<\/strong><\/p>\n<p><a href=\"https:\/\/www.cm-evora.pt\/wp-content\/uploads\/2022\/12\/PLANTAS_LOCALIZACAO_TOPONIMOS_APROVADOS_RPC_30112022.pdf\" target=\"_blank\" rel=\"noopener\">Plantas de Localiza\u00e7\u00e3o dos Top\u00f3nimos Aprovados a 30\/11\/2022.pdf<\/a><\/p>\n<p>&nbsp;<\/p>\n<p>&nbsp;<\/p>\n<p>Em <strong>Reuni\u00e3o P\u00fablica de C\u00e2mara realizada em 30\/06\/2021<\/strong>, foram aprovados os seguintes top\u00f3nimos no Concelho de \u00c9vora:<\/p>\n<p>Na <span style=\"text-decoration: underline\">cidade<\/span>:<\/p>\n<ul>\n<li style=\"list-style-type: none\">\n<ul>\n<li>Rua Jos\u00e9 Francisco Monteiro;<\/li>\n<li>Rua Jos\u00e9 Manuel Godinho Espanhol;<\/li>\n<li>Rua C\u00e1rmen Balesteros;<\/li>\n<li>Avenida Sophia de Mello Breyner Andresen;<\/li>\n<li>Largo da Boa Vontade.<\/li>\n<\/ul>\n<\/li>\n<\/ul>\n<p>&nbsp;<\/p>\n<p>Em <span style=\"text-decoration: underline\">S\u00e3o Miguel de Machede<\/span>:<\/p>\n<ul>\n<li style=\"list-style-type: none\">\n<ul>\n<li>Rua do Barrocal;<\/li>\n<li>Rua Alferes Barreiros;<\/li>\n<li>Rua de \u00c9vora;<\/li>\n<li>Rua da Estalagem;<\/li>\n<li>Rua do Redondo;<\/li>\n<li>Largo da Escola;<\/li>\n<li>Rua Jer\u00f3nimo Roque Nico;<\/li>\n<li>Bairro da Tapada;<\/li>\n<li>Pra\u00e7a da Rep\u00fablica;<\/li>\n<li>Rua Dr. Ant\u00f3nio Jos\u00e9 de Almeida;<\/li>\n<li>Rua 5 de Outubro;<\/li>\n<li>Rua dos Castelos;<\/li>\n<li>Rua do Valinho;<\/li>\n<li>Rua da Palmeira;<\/li>\n<li>Rua Ant\u00f3nio Francisco Pais-Rosa;<\/li>\n<li>Rua da Casa do Povo;<\/li>\n<li>Rua Arc\u00e2ngela Mal\u00edcia Barreiros;<\/li>\n<li>Largo Manuel Jos\u00e9 Nico.<\/li>\n<\/ul>\n<\/li>\n<\/ul>\n<p>&nbsp;<\/p>\n<p><strong>Consulte as plantas em anexo:<\/strong><\/p>\n<p><a href=\"https:\/\/www.cm-evora.pt\/wp-content\/uploads\/2021\/08\/PLANTAS-DE-LOCALIZAC%CC%A7A%CC%83O-DOS-TOPO%CC%81NIMOS-APROVADOS-30-06-2021.pdf\" target=\"_blank\" rel=\"noopener\">Plantas de Localiza\u00e7\u00e3o dos Top\u00f3nimos Aprovados a 30\/06\/2021.pdf<\/a><\/p>\n<p>&nbsp;<\/p>\n<p>&nbsp;<\/p>\n<p>Em <strong>Reuni\u00e3o P\u00fablica de C\u00e2mara realizada em 10\/04\/2019<\/strong>, foram aprovados os seguintes top\u00f3nimos no Concelho de \u00c9vora:<\/p>\n<ul>\n<li style=\"list-style-type: none\">\n<ul>\n<li>CM1168;<\/li>\n<li>Estrada da Igrejinha;<\/li>\n<li>Estrada da Chainha;<\/li>\n<li>Rua dos Soldados da Paz;<\/li>\n<li>Rua Capit\u00e3o Salgueiro Maia;<\/li>\n<li>Rua Eng. Francisco Guerra;<\/li>\n<li>P\u00e1teo da Alc\u00e1rcova.<\/li>\n<\/ul>\n<\/li>\n<\/ul>\n<p>&nbsp;<\/p>\n<p><strong>Consulte as plantas em anexo:<\/strong><\/p>\n<p><a href=\"https:\/\/www.cm-evora.pt\/wp-content\/uploads\/2020\/11\/PLANTAS_LOCALIZACAO_TOP_APROV10042019.pdf\" target=\"_blank\" rel=\"noopener\">Plantas de Localiza\u00e7\u00e3o dos Top\u00f3nimos Aprovados a 10\/04\/2019.pdf<\/a><\/p>\n<p>&nbsp;<\/p>\n<p>&nbsp;<\/p>\n<p><strong>Em Reuni\u00e3o P\u00fablica de C\u00e2mara realizada em 28\/02\/2018, <\/strong>foram aprovados os seguintes top\u00f3nimos no Concelho de \u00c9vora:<\/p>\n<ul>\n<li style=\"list-style-type: none\">\n<ul>\n<li>Azinhaga das Garagens;<\/li>\n<li>Rua Norte da Conde de Ervideira;<\/li>\n<li>Rua Sul da Conde de Ervideira;<\/li>\n<li>Rua Antiga Estrada de Almeirim;<\/li>\n<li>Rua Antiga Estrada de Beja;<\/li>\n<li>Rua Bartolomeu de Gusm\u00e3o;<\/li>\n<li>Travessa \u00e0 Rua da Bela Vista.<\/li>\n<\/ul>\n<\/li>\n<\/ul>\n<p>&nbsp;<\/p>\n<p><strong>Consulte as plantas em anexo:<\/strong><\/p>\n<p><a href=\"https:\/\/www.cm-evora.pt\/wp-content\/uploads\/2020\/11\/ANEXO_PLANTAS_LOCALIZACAO.pdf\" target=\"_blank\" rel=\"noopener\">Plantas de Localiza\u00e7\u00e3o dos Top\u00f3nimos Aprovados a 28\/02\/2018.pdf<\/a><\/p>\n<p>&nbsp;<\/p>\n<\/div>\n<\/div>\n","protected":false},"excerpt":{"rendered":"<p>Em Reuni\u00e3o P\u00fablica de C\u00e2mara realizada em 04\/06\/2025, foram aprovados os seguintes top\u00f3nimos no concelho de \u00c9vora: &nbsp; Na Cidade: Rua Arquiteto Manuel Tierno Bagulho Rua dos Cantares de \u00c9vora Rua Jos\u00e9 Amaro Modas Vilas Rua Jos\u00e9 Am\u00e1vel Migu\u00e9ns Claudino Largo das Garagens da Tapada Beco das Piscinas Rua do Murete &nbsp; Em Valverde: Bairro [&hellip;]<\/p>\n","protected":false},"author":38,"featured_media":0,"parent":1512,"menu_order":4,"comment_status":"closed","ping_status":"closed","template":"templates-map\/component-text-layout1.php","meta":{"_acf_changed":false,"footnotes":""},"categories":[],"class_list":["post-16189","page","type-page","status-publish","hentry"],"acf":{"imagens":"","titulo_docs_seccao":"","documentos":[64522,64521,43677,26025,16354,16355]},"_links":{"self":[{"href":"https:\/\/www.cm-evora.pt\/en\/wp-json\/wp\/v2\/pages\/16189","targetHints":{"allow":["GET"]}}],"collection":[{"href":"https:\/\/www.cm-evora.pt\/en\/wp-json\/wp\/v2\/pages"}],"about":[{"href":"https:\/\/www.cm-evora.pt\/en\/wp-json\/wp\/v2\/types\/page"}],"author":[{"embeddable":true,"href":"https:\/\/www.cm-evora.pt\/en\/wp-json\/wp\/v2\/users\/38"}],"replies":[{"embeddable":true,"href":"https:\/\/www.cm-evora.pt\/en\/wp-json\/wp\/v2\/comments?post=16189"}],"version-history":[{"count":20,"href":"https:\/\/www.cm-evora.pt\/en\/wp-json\/wp\/v2\/pages\/16189\/revisions"}],"predecessor-version":[{"id":77178,"href":"https:\/\/www.cm-evora.pt\/en\/wp-json\/wp\/v2\/pages\/16189\/revisions\/77178"}],"up":[{"embeddable":true,"href":"https:\/\/www.cm-evora.pt\/en\/wp-json\/wp\/v2\/pages\/1512"}],"acf:post":[{"embeddable":true,"href":"https:\/\/www.cm-evora.pt\/en\/wp-json\/wp\/v2\/listas_ficheiros\/16355"},{"embeddable":true,"href":"https:\/\/www.cm-evora.pt\/en\/wp-json\/wp\/v2\/listas_ficheiros\/16354"},{"embeddable":true,"href":"https:\/\/www.cm-evora.pt\/en\/wp-json\/wp\/v2\/listas_ficheiros\/26025"},{"embeddable":true,"href":"https:\/\/www.cm-evora.pt\/en\/wp-json\/wp\/v2\/listas_ficheiros\/43677"},{"embeddable":true,"href":"https:\/\/www.cm-evora.pt\/en\/wp-json\/wp\/v2\/listas_ficheiros\/64521"},{"embeddable":true,"href":"https:\/\/www.cm-evora.pt\/en\/wp-json\/wp\/v2\/listas_ficheiros\/64522"}],"wp:attachment":[{"href":"https:\/\/www.cm-evora.pt\/en\/wp-json\/wp\/v2\/media?parent=16189"}],"wp:term":[{"taxonomy":"category","embeddable":true,"href":"https:\/\/www.cm-evora.pt\/en\/wp-json\/wp\/v2\/categories?post=16189"}],"curies":[{"name":"wp","href":"https:\/\/api.w.org\/{rel}","templated":true}]}}