{"id":16199,"date":"2020-11-16T18:04:10","date_gmt":"2020-11-16T18:04:10","guid":{"rendered":"https:\/\/evora2.int.skilltech.pt\/susProjects\/wp_evora2_suite\/?page_id=16199"},"modified":"2023-08-29T10:51:16","modified_gmt":"2023-08-29T09:51:16","slug":"plano-de-urbanizacao-de-evora","status":"archive","type":"page","link":"https:\/\/www.cm-evora.pt\/en\/municipe\/areas-de-acao\/ordenamento-territorio-e-urbanismo\/planos-municipais\/plano-de-urbanizacao-de-evora\/","title":{"rendered":"Archived: Plano de Urbaniza\u00e7\u00e3o de \u00c9vora"},"content":{"rendered":"<p class=\"qtranxs-available-languages-message qtranxs-available-languages-message-en\">Sorry, this entry is only available in <a href=\"https:\/\/www.cm-evora.pt\/pt\/wp-json\/wp\/v2\/pages\/16199\" class=\"qtranxs-available-language-link qtranxs-available-language-link-pt\" title=\"Portugu\u00eas\">Portugu\u00eas<\/a>.<\/p><p><\/p>\n<p style=\"text-align: center\"><a href=\"https:\/\/www.cm-evora.pt\/wp-content\/uploads\/2020\/11\/urbanismo.jpg\" target=\"_blank\" rel=\"noopener\"><img loading=\"lazy\" decoding=\"async\" class=\"alignnone wp-image-16285 size-full\" src=\"https:\/\/www.cm-evora.pt\/wp-content\/uploads\/2020\/11\/urbanismo.jpg\" alt=\"\" width=\"639\" height=\"362\" srcset=\"https:\/\/www.cm-evora.pt\/wp-content\/uploads\/2020\/11\/urbanismo.jpg 639w, https:\/\/www.cm-evora.pt\/wp-content\/uploads\/2020\/11\/urbanismo-300x170.jpg 300w\" sizes=\"auto, (max-width: 639px) 100vw, 639px\" \/><\/a><\/p>\n<p>&nbsp;<\/p>\n<div>\n<p><strong><u>4.\u00aa revis\u00e3o do Plano de Urbaniza\u00e7\u00e3o de \u00c9vora<\/u><\/strong><\/p>\n<p><a href=\"https:\/\/www.cm-evora.pt\/wp-content\/uploads\/2021\/11\/Aviso_22304_2021.pdf\" target=\"_blank\" rel=\"noopener\"><strong>Aviso n.\u00ba 22304\/2021 de 26 de novembro<\/strong><\/a> | D\u00e1-se conhecimento da publica\u00e7\u00e3o do presente aviso sobre o in\u00edcio de procedimento da 4.\u00aa revis\u00e3o do Plano de Urbaniza\u00e7\u00e3o de \u00c9vora.<\/p>\n<p>Durante o per\u00edodo de 25 dias \u00fateis a contar de 26 de novembro, est\u00e1 a decorrer a fase de <strong><u>\u201cParticipa\u00e7\u00e3o P\u00fablica Preventiva\u201d<\/u><\/strong> no \u00e2mbito deste procedimento, podendo os interessados apresentar as suas observa\u00e7\u00f5es ou sugest\u00f5es por escrito e dentro do per\u00edodo atr\u00e1s referido, dirigidas ao presidente da C\u00e2mara Municipal de \u00c9vora e realizadas por uma das seguintes formas: apresentadas presencialmente nas instala\u00e7\u00f5es dos servi\u00e7os t\u00e9cnicos municipais, sitos no Parque Industrial e Tecnol\u00f3gico de \u00c9vora, Rua da Agricultura, n.\u00ba 14 -26, 7005 -340 \u00c9vora, enviadas por via postal para a Pra\u00e7a do Sert\u00f3rio, 7004 -506 \u00c9vora ou por via eletr\u00f3nica para <a href=\"mailto:cme.doru@cm-evora.pt\" target=\"_blank\" rel=\"noopener\">cme.doru@cm-evora.pt<\/a>.<\/p>\n<p>O prazo de elabora\u00e7\u00e3o do plano \u00e9 de 35 meses, podendo os interessados aceder aos termos de refer\u00eancia na <a href=\"https:\/\/www.cm-evora.pt\/wp-content\/uploads\/2021\/11\/2021_10_27_Delib_PUE.pdf\" target=\"_blank\" rel=\"noopener\"><strong>delibera\u00e7\u00e3o p\u00fablica de 27 de outubro de 2021<\/strong><\/a>.<\/p>\n<p>&nbsp;<\/p>\n<p><a href=\"https:\/\/www.cm-evora.pt\/municipe\/projetos-municipais\/projetos-estruturantes\/plano-de-urbanizacao-de-evora\/\" target=\"_blank\" rel=\"noopener\">PUE \u2013 Vamos Construir Juntos a nossa Cidade?<\/a><\/p>\n<\/div>\n<p><\/p>","protected":false},"excerpt":{"rendered":"<p>Sorry, this entry is only available in Portugu\u00eas. &nbsp; 4.\u00aa revis\u00e3o do Plano de Urbaniza\u00e7\u00e3o de \u00c9vora Aviso n.\u00ba 22304\/2021 de 26 de novembro | D\u00e1-se conhecimento da publica\u00e7\u00e3o do presente aviso sobre o in\u00edcio de procedimento da 4.\u00aa revis\u00e3o do Plano de Urbaniza\u00e7\u00e3o de \u00c9vora. Durante o per\u00edodo de 25 dias \u00fateis a contar [&hellip;]<\/p>\n","protected":false},"author":38,"featured_media":0,"parent":16181,"menu_order":2,"comment_status":"closed","ping_status":"closed","template":"templates-map\/component-text-list-layout1.php","meta":{"_acf_changed":false,"footnotes":""},"categories":[],"class_list":["post-16199","page","type-page","status-archive","hentry"],"acf":[],"_links":{"self":[{"href":"https:\/\/www.cm-evora.pt\/en\/wp-json\/wp\/v2\/pages\/16199","targetHints":{"allow":["GET"]}}],"collection":[{"href":"https:\/\/www.cm-evora.pt\/en\/wp-json\/wp\/v2\/pages"}],"about":[{"href":"https:\/\/www.cm-evora.pt\/en\/wp-json\/wp\/v2\/types\/page"}],"author":[{"embeddable":true,"href":"https:\/\/www.cm-evora.pt\/en\/wp-json\/wp\/v2\/users\/38"}],"replies":[{"embeddable":true,"href":"https:\/\/www.cm-evora.pt\/en\/wp-json\/wp\/v2\/comments?post=16199"}],"version-history":[{"count":15,"href":"https:\/\/www.cm-evora.pt\/en\/wp-json\/wp\/v2\/pages\/16199\/revisions"}],"predecessor-version":[{"id":52889,"href":"https:\/\/www.cm-evora.pt\/en\/wp-json\/wp\/v2\/pages\/16199\/revisions\/52889"}],"up":[{"embeddable":true,"href":"https:\/\/www.cm-evora.pt\/en\/wp-json\/wp\/v2\/pages\/16181"}],"wp:attachment":[{"href":"https:\/\/www.cm-evora.pt\/en\/wp-json\/wp\/v2\/media?parent=16199"}],"wp:term":[{"taxonomy":"category","embeddable":true,"href":"https:\/\/www.cm-evora.pt\/en\/wp-json\/wp\/v2\/categories?post=16199"}],"curies":[{"name":"wp","href":"https:\/\/api.w.org\/{rel}","templated":true}]}}