{"id":16203,"date":"2020-11-16T18:06:34","date_gmt":"2020-11-16T18:06:34","guid":{"rendered":"https:\/\/evora2.int.skilltech.pt\/susProjects\/wp_evora2_suite\/?page_id=16203"},"modified":"2025-04-02T09:31:57","modified_gmt":"2025-04-02T08:31:57","slug":"plano-de-pormenor-da-area-residencial-da-turgela","status":"publish","type":"page","link":"https:\/\/www.cm-evora.pt\/en\/municipe\/areas-de-acao\/ordenamento-territorio-e-urbanismo\/planos-municipais\/plano-de-pormenor-da-area-residencial-da-turgela\/","title":{"rendered":"Plano de Pormenor da \u00c1rea Residencial da Turgela"},"content":{"rendered":"<p>Em Constru\u00e7\u00e3o<\/p>\n","protected":false},"excerpt":{"rendered":"<p>Em Constru\u00e7\u00e3o<\/p>\n","protected":false},"author":38,"featured_media":0,"parent":16181,"menu_order":4,"comment_status":"closed","ping_status":"closed","template":"","meta":{"_acf_changed":false,"footnotes":""},"categories":[],"class_list":["post-16203","page","type-page","status-publish","hentry"],"acf":[],"_links":{"self":[{"href":"https:\/\/www.cm-evora.pt\/en\/wp-json\/wp\/v2\/pages\/16203","targetHints":{"allow":["GET"]}}],"collection":[{"href":"https:\/\/www.cm-evora.pt\/en\/wp-json\/wp\/v2\/pages"}],"about":[{"href":"https:\/\/www.cm-evora.pt\/en\/wp-json\/wp\/v2\/types\/page"}],"author":[{"embeddable":true,"href":"https:\/\/www.cm-evora.pt\/en\/wp-json\/wp\/v2\/users\/38"}],"replies":[{"embeddable":true,"href":"https:\/\/www.cm-evora.pt\/en\/wp-json\/wp\/v2\/comments?post=16203"}],"version-history":[{"count":3,"href":"https:\/\/www.cm-evora.pt\/en\/wp-json\/wp\/v2\/pages\/16203\/revisions"}],"predecessor-version":[{"id":72940,"href":"https:\/\/www.cm-evora.pt\/en\/wp-json\/wp\/v2\/pages\/16203\/revisions\/72940"}],"up":[{"embeddable":true,"href":"https:\/\/www.cm-evora.pt\/en\/wp-json\/wp\/v2\/pages\/16181"}],"wp:attachment":[{"href":"https:\/\/www.cm-evora.pt\/en\/wp-json\/wp\/v2\/media?parent=16203"}],"wp:term":[{"taxonomy":"category","embeddable":true,"href":"https:\/\/www.cm-evora.pt\/en\/wp-json\/wp\/v2\/categories?post=16203"}],"curies":[{"name":"wp","href":"https:\/\/api.w.org\/{rel}","templated":true}]}}