{"id":16211,"date":"2020-11-16T18:39:42","date_gmt":"2020-11-16T18:39:42","guid":{"rendered":"https:\/\/evora2.int.skilltech.pt\/susProjects\/wp_evora2_suite\/?page_id=16211"},"modified":"2023-01-24T10:31:16","modified_gmt":"2023-01-24T10:31:16","slug":"planos-web","status":"archive","type":"page","link":"https:\/\/www.cm-evora.pt\/en\/municipe\/areas-de-acao\/ordenamento-territorio-e-urbanismo\/sig-sistema-de-informacao-geografica\/planos-web\/","title":{"rendered":"(Portugu\u00eas) Archived: Planos Web"},"content":{"rendered":"<p class=\"qtranxs-available-languages-message qtranxs-available-languages-message-en\">Sorry, this entry is only available in <a href=\"https:\/\/www.cm-evora.pt\/pt\/wp-json\/wp\/v2\/pages\/16211\" class=\"qtranxs-available-language-link qtranxs-available-language-link-pt\" title=\"Portugu\u00eas\">Portugu\u00eas<\/a>.<\/p><p><\/p>\n<p style=\"text-align: center\"><a href=\"https:\/\/www.cm-evora.pt\/wp-content\/uploads\/2020\/11\/mapasevora.jpg\"><img loading=\"lazy\" decoding=\"async\" class=\"alignnone wp-image-16324\" src=\"https:\/\/www.cm-evora.pt\/wp-content\/uploads\/2020\/11\/mapasevora.jpg\" alt=\"\" width=\"874\" height=\"495\" srcset=\"https:\/\/www.cm-evora.pt\/wp-content\/uploads\/2020\/11\/mapasevora.jpg 639w, https:\/\/www.cm-evora.pt\/wp-content\/uploads\/2020\/11\/mapasevora-300x170.jpg 300w\" sizes=\"auto, (max-width: 874px) 100vw, 874px\" \/><\/a><\/p>\n<div>Dando resposta \u00e0 lei \u00a0n\u00ba 56\/2007, a plataforma Planos Web disponibiliza os elementos fundamentais dos planos munic\u00edpios de ordenamento do territ\u00f3rio.\u200b<\/div>\n<div>\u200b<\/div>\n<div>De forma simples e r\u00e1pida \u00e9 poss\u00edvel consultar os \u200brespectivos regulamentos e pe\u00e7as desenhadas do PDM e PUE em vigor.\u200b\u200b<\/div>\n<div><\/div>\n<div style=\"text-align: center\"><strong><a href=\"http:\/\/websig.cm-evora.pt\/planosweb\/Mapa.aspx\" target=\"_blank\" rel=\"noopener noreferrer\">http:\/\/websig.cm-evo\u200bra.\u200bpt\/plano\u200bsweb<\/a><\/strong><\/div>\n<p><\/p>","protected":false},"excerpt":{"rendered":"<p>Sorry, this entry is only available in Portugu\u00eas. Dando resposta \u00e0 lei \u00a0n\u00ba 56\/2007, a plataforma Planos Web disponibiliza os elementos fundamentais dos planos munic\u00edpios de ordenamento do territ\u00f3rio.\u200b \u200b De forma simples e r\u00e1pida \u00e9 poss\u00edvel consultar os \u200brespectivos regulamentos e pe\u00e7as desenhadas do PDM e PUE em vigor.\u200b\u200b http:\/\/websig.cm-evo\u200bra.\u200bpt\/plano\u200bsweb<\/p>\n","protected":false},"author":38,"featured_media":0,"parent":16183,"menu_order":1,"comment_status":"closed","ping_status":"closed","template":"templates-map\/component-text-layout1.php","meta":{"_acf_changed":false,"footnotes":""},"categories":[],"class_list":["post-16211","page","type-page","status-archive","hentry"],"acf":{"imagens":"","titulo_docs_seccao":"","documentos":""},"_links":{"self":[{"href":"https:\/\/www.cm-evora.pt\/en\/wp-json\/wp\/v2\/pages\/16211","targetHints":{"allow":["GET"]}}],"collection":[{"href":"https:\/\/www.cm-evora.pt\/en\/wp-json\/wp\/v2\/pages"}],"about":[{"href":"https:\/\/www.cm-evora.pt\/en\/wp-json\/wp\/v2\/types\/page"}],"author":[{"embeddable":true,"href":"https:\/\/www.cm-evora.pt\/en\/wp-json\/wp\/v2\/users\/38"}],"replies":[{"embeddable":true,"href":"https:\/\/www.cm-evora.pt\/en\/wp-json\/wp\/v2\/comments?post=16211"}],"version-history":[{"count":5,"href":"https:\/\/www.cm-evora.pt\/en\/wp-json\/wp\/v2\/pages\/16211\/revisions"}],"predecessor-version":[{"id":30788,"href":"https:\/\/www.cm-evora.pt\/en\/wp-json\/wp\/v2\/pages\/16211\/revisions\/30788"}],"up":[{"embeddable":true,"href":"https:\/\/www.cm-evora.pt\/en\/wp-json\/wp\/v2\/pages\/16183"}],"wp:attachment":[{"href":"https:\/\/www.cm-evora.pt\/en\/wp-json\/wp\/v2\/media?parent=16211"}],"wp:term":[{"taxonomy":"category","embeddable":true,"href":"https:\/\/www.cm-evora.pt\/en\/wp-json\/wp\/v2\/categories?post=16211"}],"curies":[{"name":"wp","href":"https:\/\/api.w.org\/{rel}","templated":true}]}}