{"id":16219,"date":"2020-11-16T18:42:19","date_gmt":"2020-11-16T18:42:19","guid":{"rendered":"https:\/\/evora2.int.skilltech.pt\/susProjects\/wp_evora2_suite\/?page_id=16219"},"modified":"2021-01-28T22:00:59","modified_gmt":"2021-01-28T22:00:59","slug":"ifrru-instrumento-financeiro-de-reabilitacao-e-revitalizacao-urbanas","status":"publish","type":"page","link":"https:\/\/www.cm-evora.pt\/en\/municipe\/areas-de-acao\/ordenamento-territorio-e-urbanismo\/reabilitacao-urbana\/ifrru-instrumento-financeiro-de-reabilitacao-e-revitalizacao-urbanas\/","title":{"rendered":"(Portugu\u00eas) IFRRU &#8211; Instrumento Financeiro de Reabilita\u00e7\u00e3o e Revitaliza\u00e7\u00e3o Urbanas"},"content":{"rendered":"<p class=\"qtranxs-available-languages-message qtranxs-available-languages-message-en\">Sorry, this entry is only available in <a href=\"https:\/\/www.cm-evora.pt\/pt\/wp-json\/wp\/v2\/pages\/16219\" class=\"qtranxs-available-language-link qtranxs-available-language-link-pt\" title=\"Portugu\u00eas\">Portugu\u00eas<\/a>.<\/p><p><a href=\"https:\/\/www.cm-evora.pt\/wp-content\/uploads\/2020\/11\/fachada.jpg\"><img loading=\"lazy\" decoding=\"async\" class=\"alignnone size-full wp-image-16347\" src=\"https:\/\/www.cm-evora.pt\/wp-content\/uploads\/2020\/11\/fachada.jpg\" alt=\"\" width=\"639\" height=\"362\" srcset=\"https:\/\/www.cm-evora.pt\/wp-content\/uploads\/2020\/11\/fachada.jpg 639w, https:\/\/www.cm-evora.pt\/wp-content\/uploads\/2020\/11\/fachada-300x170.jpg 300w\" sizes=\"auto, (max-width: 639px) 100vw, 639px\" \/><\/a><\/p>\n<p>&nbsp;<\/p>\n<p>O IFRRU 2020 (Instrumento Financeiro de Reabilita\u00e7\u00e3o e Revitaliza\u00e7\u00e3o Urbanas) \u00e9 um instrumento financeiro destinado a apoiar investimentos em reabilita\u00e7\u00e3o urbana, que cobre todo o territ\u00f3rio nacional.<\/p>\n<div class=\"texto1\">Para potenciar mais o investimento, o IFRRU 2020 re\u00fane diversas fontes de financiamento, quer fundos europeus do PORTUGAL 2020, quer fundos provenientes de outras entidades como o Banco Europeu de Investimento e o Banco de Desenvolvimento do Conselho da Europa, conjugando-os com fundos da banca comercial.<\/div>\n<div class=\"texto1\"><\/div>\n<div class=\"texto1\">\n<div>Num \u00fanico pedido de financiamento, apoiamos, em condi\u00e7\u00f5es mais favor\u00e1veis, o investimento na reabilita\u00e7\u00e3o urbana e na efici\u00eancia energ\u00e9tica do im\u00f3vel a reabilitar, sem restri\u00e7\u00f5es na natureza da entidade que solicita o financiamento ou no uso a dar ao im\u00f3vel a reabilitar.<\/div>\n<div><\/div>\n<div>Este pedido poder\u00e1 ser apresentado junto da rede comercial dos bancos selecionados \u2013\u00a0<strong>Santander Totta, BPI, Millenium BCP e Popular<\/strong>\u00a0-, e em qualquer momento, isto \u00e9, sem fases pr\u00e9vias para apresenta\u00e7\u00e3o dos pedidos de financiamento, e sem limites ao n\u00famero de pedidos que pretenda realizar.<\/div>\n<div><\/div>\n<div>Saiba mais aqui: <a href=\"https:\/\/ifrru.ihru.pt\/\" target=\"_blank\" rel=\"noopener noreferrer\">https:\/\/ifrru.ihru.pt\/<\/a><\/div>\n<div><\/div>\n<\/div>\n<p>&nbsp;<\/p>","protected":false},"excerpt":{"rendered":"<p>Sorry, this entry is only available in Portugu\u00eas. &nbsp; O IFRRU 2020 (Instrumento Financeiro de Reabilita\u00e7\u00e3o e Revitaliza\u00e7\u00e3o Urbanas) \u00e9 um instrumento financeiro destinado a apoiar investimentos em reabilita\u00e7\u00e3o urbana, que cobre todo o territ\u00f3rio nacional. Para potenciar mais o investimento, o IFRRU 2020 re\u00fane diversas fontes de financiamento, quer fundos europeus do PORTUGAL 2020, [&hellip;]<\/p>\n","protected":false},"author":38,"featured_media":0,"parent":16187,"menu_order":1,"comment_status":"closed","ping_status":"closed","template":"templates-map\/component-text-layout1.php","meta":{"_acf_changed":false,"footnotes":""},"categories":[],"class_list":["post-16219","page","type-page","status-publish","hentry"],"acf":{"imagens":"","titulo_docs_seccao":"","documentos":""},"_links":{"self":[{"href":"https:\/\/www.cm-evora.pt\/en\/wp-json\/wp\/v2\/pages\/16219","targetHints":{"allow":["GET"]}}],"collection":[{"href":"https:\/\/www.cm-evora.pt\/en\/wp-json\/wp\/v2\/pages"}],"about":[{"href":"https:\/\/www.cm-evora.pt\/en\/wp-json\/wp\/v2\/types\/page"}],"author":[{"embeddable":true,"href":"https:\/\/www.cm-evora.pt\/en\/wp-json\/wp\/v2\/users\/38"}],"replies":[{"embeddable":true,"href":"https:\/\/www.cm-evora.pt\/en\/wp-json\/wp\/v2\/comments?post=16219"}],"version-history":[{"count":5,"href":"https:\/\/www.cm-evora.pt\/en\/wp-json\/wp\/v2\/pages\/16219\/revisions"}],"predecessor-version":[{"id":20120,"href":"https:\/\/www.cm-evora.pt\/en\/wp-json\/wp\/v2\/pages\/16219\/revisions\/20120"}],"up":[{"embeddable":true,"href":"https:\/\/www.cm-evora.pt\/en\/wp-json\/wp\/v2\/pages\/16187"}],"wp:attachment":[{"href":"https:\/\/www.cm-evora.pt\/en\/wp-json\/wp\/v2\/media?parent=16219"}],"wp:term":[{"taxonomy":"category","embeddable":true,"href":"https:\/\/www.cm-evora.pt\/en\/wp-json\/wp\/v2\/categories?post=16219"}],"curies":[{"name":"wp","href":"https:\/\/api.w.org\/{rel}","templated":true}]}}