{"id":16393,"date":"2020-11-17T19:30:55","date_gmt":"2020-11-17T19:30:55","guid":{"rendered":"https:\/\/evora2.int.skilltech.pt\/susProjects\/wp_evora2_suite\/?page_id=16393"},"modified":"2023-04-05T09:26:30","modified_gmt":"2023-04-05T08:26:30","slug":"procedimentos-concursais","status":"publish","type":"page","link":"https:\/\/www.cm-evora.pt\/en\/municipe\/areas-de-acao\/protecao-civil\/seguranca-municipal\/procedimentos-concursais\/","title":{"rendered":"Procedimentos Concursais"},"content":{"rendered":"<h4 style=\"text-align: center\"><strong>CONCURSO PARA ATRIBUI\u00c7\u00c3O DE L\u200bICEN\u00c7A\u00a0\u200bPARA GUARDA-NOTURNO<\/strong><\/h4>\n<p><a href=\"https:\/\/www.cm-evora.pt\/wp-content\/uploads\/2020\/11\/banner-guardas-noturnos792.jpg\"><img loading=\"lazy\" decoding=\"async\" class=\"alignnone wp-image-16401\" src=\"https:\/\/www.cm-evora.pt\/wp-content\/uploads\/2020\/11\/banner-guardas-noturnos792.jpg\" alt=\"\" width=\"1531\" height=\"772\" srcset=\"https:\/\/www.cm-evora.pt\/wp-content\/uploads\/2020\/11\/banner-guardas-noturnos792.jpg 792w, https:\/\/www.cm-evora.pt\/wp-content\/uploads\/2020\/11\/banner-guardas-noturnos792-300x151.jpg 300w, https:\/\/www.cm-evora.pt\/wp-content\/uploads\/2020\/11\/banner-guardas-noturnos792-768x387.jpg 768w\" sizes=\"auto, (max-width: 1531px) 100vw, 1531px\" \/><\/a><\/p>\n<p>&nbsp;<\/p>\n<p>&nbsp;<\/p>\n<p style=\"text-align: center\"><a href=\"https:\/\/www.cm-evora.pt\/wp-content\/uploads\/2020\/11\/Programa-de-Concurso_A1_A2_A3_C2_C4_C6_D4_E1.pdf\" target=\"_blank\" rel=\"noopener noreferrer\">PROGRAMA DE CONCURSO.pdf<\/a><\/p>\n<p style=\"text-align: center\"><a href=\"https:\/\/www.cm-evora.pt\/wp-content\/uploads\/2023\/04\/20230405-ConcursoGuardasNoturnos.pdf\" target=\"_blank\" rel=\"noopener\">Edital\u00a0&#8211; AVISO DE ABERTURA DE CONCURSO PARA ATRIBUI\u00c7\u00c3O DE LICEN\u00c7AS DE GUARDA-NOTURNO.pdf<\/a><\/p>\n<p>&nbsp;<\/p>\n<p style=\"text-align: center\"><a href=\"https:\/\/www.cm-evora.pt\/wp-content\/uploads\/2023\/04\/CartazGuardasNocturnos2023-1-scaled.jpg\"><img loading=\"lazy\" decoding=\"async\" class=\"alignnone size-full wp-image-47709\" src=\"https:\/\/www.cm-evora.pt\/wp-content\/uploads\/2023\/04\/CartazGuardasNocturnos2023-1-scaled.jpg\" alt=\"\" width=\"1811\" height=\"2560\" srcset=\"https:\/\/www.cm-evora.pt\/wp-content\/uploads\/2023\/04\/CartazGuardasNocturnos2023-1-scaled.jpg 1811w, https:\/\/www.cm-evora.pt\/wp-content\/uploads\/2023\/04\/CartazGuardasNocturnos2023-1-212x300.jpg 212w, https:\/\/www.cm-evora.pt\/wp-content\/uploads\/2023\/04\/CartazGuardasNocturnos2023-1-724x1024.jpg 724w, https:\/\/www.cm-evora.pt\/wp-content\/uploads\/2023\/04\/CartazGuardasNocturnos2023-1-768x1086.jpg 768w, https:\/\/www.cm-evora.pt\/wp-content\/uploads\/2023\/04\/CartazGuardasNocturnos2023-1-1086x1536.jpg 1086w, https:\/\/www.cm-evora.pt\/wp-content\/uploads\/2023\/04\/CartazGuardasNocturnos2023-1-1449x2048.jpg 1449w, https:\/\/www.cm-evora.pt\/wp-content\/uploads\/2023\/04\/CartazGuardasNocturnos2023-1-1320x1866.jpg 1320w\" sizes=\"auto, (max-width: 1811px) 100vw, 1811px\" \/><\/a><\/p>\n","protected":false},"excerpt":{"rendered":"<p>CONCURSO PARA ATRIBUI\u00c7\u00c3O DE L\u200bICEN\u00c7A\u00a0\u200bPARA GUARDA-NOTURNO &nbsp; &nbsp; PROGRAMA DE CONCURSO.pdf Edital\u00a0&#8211; AVISO DE ABERTURA DE CONCURSO PARA ATRIBUI\u00c7\u00c3O DE LICEN\u00c7AS DE GUARDA-NOTURNO.pdf &nbsp;<\/p>\n","protected":false},"author":38,"featured_media":0,"parent":2541,"menu_order":1,"comment_status":"closed","ping_status":"closed","template":"templates-map\/component-text-list-layout1.php","meta":{"_acf_changed":false,"footnotes":""},"categories":[],"class_list":["post-16393","page","type-page","status-publish","hentry"],"acf":[],"_links":{"self":[{"href":"https:\/\/www.cm-evora.pt\/en\/wp-json\/wp\/v2\/pages\/16393","targetHints":{"allow":["GET"]}}],"collection":[{"href":"https:\/\/www.cm-evora.pt\/en\/wp-json\/wp\/v2\/pages"}],"about":[{"href":"https:\/\/www.cm-evora.pt\/en\/wp-json\/wp\/v2\/types\/page"}],"author":[{"embeddable":true,"href":"https:\/\/www.cm-evora.pt\/en\/wp-json\/wp\/v2\/users\/38"}],"replies":[{"embeddable":true,"href":"https:\/\/www.cm-evora.pt\/en\/wp-json\/wp\/v2\/comments?post=16393"}],"version-history":[{"count":7,"href":"https:\/\/www.cm-evora.pt\/en\/wp-json\/wp\/v2\/pages\/16393\/revisions"}],"predecessor-version":[{"id":47710,"href":"https:\/\/www.cm-evora.pt\/en\/wp-json\/wp\/v2\/pages\/16393\/revisions\/47710"}],"up":[{"embeddable":true,"href":"https:\/\/www.cm-evora.pt\/en\/wp-json\/wp\/v2\/pages\/2541"}],"wp:attachment":[{"href":"https:\/\/www.cm-evora.pt\/en\/wp-json\/wp\/v2\/media?parent=16393"}],"wp:term":[{"taxonomy":"category","embeddable":true,"href":"https:\/\/www.cm-evora.pt\/en\/wp-json\/wp\/v2\/categories?post=16393"}],"curies":[{"name":"wp","href":"https:\/\/api.w.org\/{rel}","templated":true}]}}