{"id":16529,"date":"2020-12-04T11:53:13","date_gmt":"2020-12-04T11:53:13","guid":{"rendered":"https:\/\/www.cm-evora.pt\/?page_id=16529"},"modified":"2024-06-07T13:20:08","modified_gmt":"2024-06-07T12:20:08","slug":"2023-2","status":"publish","type":"page","link":"https:\/\/www.cm-evora.pt\/en\/municipe\/camara-municipal\/relatorios-de-gestao-e-prestacao-de-contas\/2023-2\/","title":{"rendered":"Relat\u00f3rios de Gest\u00e3o e Presta\u00e7\u00e3o de Contas 2023"},"content":{"rendered":"<p style=\"text-align: center\"><a href=\"https:\/\/www.cm-evora.pt\/wp-content\/uploads\/2020\/12\/Exp-Salgado.jpg\" target=\"_blank\" rel=\"noopener\"><img loading=\"lazy\" decoding=\"async\" class=\"alignnone wp-image-16530 size-full\" src=\"https:\/\/www.cm-evora.pt\/wp-content\/uploads\/2020\/12\/Exp-Salgado.jpg\" alt=\"\" width=\"768\" height=\"523\" srcset=\"https:\/\/www.cm-evora.pt\/wp-content\/uploads\/2020\/12\/Exp-Salgado.jpg 768w, https:\/\/www.cm-evora.pt\/wp-content\/uploads\/2020\/12\/Exp-Salgado-300x204.jpg 300w\" sizes=\"auto, (max-width: 768px) 100vw, 768px\" \/><\/a><\/p>\n<p><strong>Consulte aqui toda a documenta\u00e7\u00e3o relativa aos Relat\u00f3rios de Gest\u00e3o e Presta\u00e7\u00e3o de Contas do Munic\u00edpio do ano de 2023<\/strong><\/p>\n","protected":false},"excerpt":{"rendered":"<p>Consulte aqui toda a documenta\u00e7\u00e3o relativa aos Relat\u00f3rios de Gest\u00e3o e Presta\u00e7\u00e3o de Contas do Munic\u00edpio do ano de 2023<\/p>\n","protected":false},"author":37,"featured_media":0,"parent":2422,"menu_order":0,"comment_status":"closed","ping_status":"closed","template":"templates-map\/component-file-gallery-layout2.php","meta":{"_acf_changed":false,"footnotes":""},"categories":[],"class_list":["post-16529","page","type-page","status-publish","hentry"],"acf":[],"_links":{"self":[{"href":"https:\/\/www.cm-evora.pt\/en\/wp-json\/wp\/v2\/pages\/16529","targetHints":{"allow":["GET"]}}],"collection":[{"href":"https:\/\/www.cm-evora.pt\/en\/wp-json\/wp\/v2\/pages"}],"about":[{"href":"https:\/\/www.cm-evora.pt\/en\/wp-json\/wp\/v2\/types\/page"}],"author":[{"embeddable":true,"href":"https:\/\/www.cm-evora.pt\/en\/wp-json\/wp\/v2\/users\/37"}],"replies":[{"embeddable":true,"href":"https:\/\/www.cm-evora.pt\/en\/wp-json\/wp\/v2\/comments?post=16529"}],"version-history":[{"count":19,"href":"https:\/\/www.cm-evora.pt\/en\/wp-json\/wp\/v2\/pages\/16529\/revisions"}],"predecessor-version":[{"id":62837,"href":"https:\/\/www.cm-evora.pt\/en\/wp-json\/wp\/v2\/pages\/16529\/revisions\/62837"}],"up":[{"embeddable":true,"href":"https:\/\/www.cm-evora.pt\/en\/wp-json\/wp\/v2\/pages\/2422"}],"wp:attachment":[{"href":"https:\/\/www.cm-evora.pt\/en\/wp-json\/wp\/v2\/media?parent=16529"}],"wp:term":[{"taxonomy":"category","embeddable":true,"href":"https:\/\/www.cm-evora.pt\/en\/wp-json\/wp\/v2\/categories?post=16529"}],"curies":[{"name":"wp","href":"https:\/\/api.w.org\/{rel}","templated":true}]}}