{"id":16805,"date":"2020-12-14T14:49:37","date_gmt":"2020-12-14T14:49:37","guid":{"rendered":"https:\/\/www.cm-evora.pt\/?page_id=16805"},"modified":"2022-12-19T09:36:21","modified_gmt":"2022-12-19T09:36:21","slug":"%e2%80%8brelatorios-de-execucao-do-plano-de-prevencao-de-riscos-de-gestao-da-cme","status":"publish","type":"page","link":"https:\/\/www.cm-evora.pt\/en\/municipe\/camara-municipal\/%e2%80%8brelatorios-de-execucao-do-plano-de-prevencao-de-riscos-de-gestao-da-cme\/","title":{"rendered":"(Portugu\u00eas) \u200bRelat\u00f3rios de Execu\u00e7\u00e3o do Plano de Preven\u00e7\u00e3o de Riscos de Gest\u00e3o da CME"},"content":{"rendered":"<p class=\"qtranxs-available-languages-message qtranxs-available-languages-message-en\">Sorry, this entry is only available in <a href=\"https:\/\/www.cm-evora.pt\/pt\/wp-json\/wp\/v2\/pages\/16805\" class=\"qtranxs-available-language-link qtranxs-available-language-link-pt\" title=\"Portugu\u00eas\">Portugu\u00eas<\/a>.<\/p><p><\/p>\n<p style=\"text-align: center\"><a href=\"https:\/\/www.cm-evora.pt\/wp-content\/uploads\/2021\/01\/Pracade-Sertorio1.jpg\" target=\"_blank\" rel=\"noopener\"><img loading=\"lazy\" decoding=\"async\" class=\"alignnone wp-image-18802 size-full\" src=\"https:\/\/www.cm-evora.pt\/wp-content\/uploads\/2021\/01\/Pracade-Sertorio1.jpg\" alt=\"\" width=\"1250\" height=\"800\" srcset=\"https:\/\/www.cm-evora.pt\/wp-content\/uploads\/2021\/01\/Pracade-Sertorio1.jpg 1250w, https:\/\/www.cm-evora.pt\/wp-content\/uploads\/2021\/01\/Pracade-Sertorio1-300x192.jpg 300w, https:\/\/www.cm-evora.pt\/wp-content\/uploads\/2021\/01\/Pracade-Sertorio1-1024x655.jpg 1024w, https:\/\/www.cm-evora.pt\/wp-content\/uploads\/2021\/01\/Pracade-Sertorio1-768x492.jpg 768w\" sizes=\"auto, (max-width: 1250px) 100vw, 1250px\" \/><\/a><\/p>\n<p><\/p>","protected":false},"excerpt":{"rendered":"<p>Sorry, this entry is only available in Portugu\u00eas.<\/p>\n","protected":false},"author":45,"featured_media":0,"parent":1430,"menu_order":14,"comment_status":"closed","ping_status":"closed","template":"templates-map\/component-file-gallery-layout2.php","meta":{"_acf_changed":false,"footnotes":""},"categories":[],"class_list":["post-16805","page","type-page","status-publish","hentry"],"acf":[],"_links":{"self":[{"href":"https:\/\/www.cm-evora.pt\/en\/wp-json\/wp\/v2\/pages\/16805","targetHints":{"allow":["GET"]}}],"collection":[{"href":"https:\/\/www.cm-evora.pt\/en\/wp-json\/wp\/v2\/pages"}],"about":[{"href":"https:\/\/www.cm-evora.pt\/en\/wp-json\/wp\/v2\/types\/page"}],"author":[{"embeddable":true,"href":"https:\/\/www.cm-evora.pt\/en\/wp-json\/wp\/v2\/users\/45"}],"replies":[{"embeddable":true,"href":"https:\/\/www.cm-evora.pt\/en\/wp-json\/wp\/v2\/comments?post=16805"}],"version-history":[{"count":13,"href":"https:\/\/www.cm-evora.pt\/en\/wp-json\/wp\/v2\/pages\/16805\/revisions"}],"predecessor-version":[{"id":43893,"href":"https:\/\/www.cm-evora.pt\/en\/wp-json\/wp\/v2\/pages\/16805\/revisions\/43893"}],"up":[{"embeddable":true,"href":"https:\/\/www.cm-evora.pt\/en\/wp-json\/wp\/v2\/pages\/1430"}],"wp:attachment":[{"href":"https:\/\/www.cm-evora.pt\/en\/wp-json\/wp\/v2\/media?parent=16805"}],"wp:term":[{"taxonomy":"category","embeddable":true,"href":"https:\/\/www.cm-evora.pt\/en\/wp-json\/wp\/v2\/categories?post=16805"}],"curies":[{"name":"wp","href":"https:\/\/api.w.org\/{rel}","templated":true}]}}