{"id":16855,"date":"2020-12-15T09:44:23","date_gmt":"2020-12-15T09:44:23","guid":{"rendered":"https:\/\/www.cm-evora.pt\/?page_id=16855"},"modified":"2022-12-19T11:30:52","modified_gmt":"2022-12-19T11:30:52","slug":"plano-municipal-de-mobilidade-urbana-sustentavel-de-evora","status":"publish","type":"page","link":"https:\/\/www.cm-evora.pt\/en\/municipe\/camara-municipal\/gestao-participada\/plano-municipal-de-mobilidade-urbana-sustentavel-de-evora\/","title":{"rendered":"(Portugu\u00eas) Plano Municipal de Mobilidade Urbana Sustent\u00e1vel de \u00c9vora"},"content":{"rendered":"<p class=\"qtranxs-available-languages-message qtranxs-available-languages-message-en\">Sorry, this entry is only available in <a href=\"https:\/\/www.cm-evora.pt\/pt\/wp-json\/wp\/v2\/pages\/16855\" class=\"qtranxs-available-language-link qtranxs-available-language-link-pt\" title=\"Portugu\u00eas\">Portugu\u00eas<\/a>.<\/p><p><\/p>\n<p style=\"text-align: center\"><a href=\"https:\/\/www.cm-evora.pt\/municipe\/areas-de-acao\/ambiente\/plano-de-mobilidade-urbana-sustentavel-de-evora-pmuse\" target=\"_blank\" rel=\"noopener\"><img loading=\"lazy\" decoding=\"async\" class=\"alignnone wp-image-37625 size-full\" src=\"https:\/\/www.cm-evora.pt\/wp-content\/uploads\/2022\/07\/PMUSE_BannerRotativo2.png\" alt=\"\" width=\"8000\" height=\"2500\" srcset=\"https:\/\/www.cm-evora.pt\/wp-content\/uploads\/2022\/07\/PMUSE_BannerRotativo2.png 8000w, https:\/\/www.cm-evora.pt\/wp-content\/uploads\/2022\/07\/PMUSE_BannerRotativo2-300x94.png 300w, https:\/\/www.cm-evora.pt\/wp-content\/uploads\/2022\/07\/PMUSE_BannerRotativo2-1024x320.png 1024w, https:\/\/www.cm-evora.pt\/wp-content\/uploads\/2022\/07\/PMUSE_BannerRotativo2-768x240.png 768w, https:\/\/www.cm-evora.pt\/wp-content\/uploads\/2022\/07\/PMUSE_BannerRotativo2-1536x480.png 1536w, https:\/\/www.cm-evora.pt\/wp-content\/uploads\/2022\/07\/PMUSE_BannerRotativo2-2048x640.png 2048w, https:\/\/www.cm-evora.pt\/wp-content\/uploads\/2022\/07\/PMUSE_BannerRotativo2-1320x413.png 1320w\" sizes=\"auto, (max-width: 8000px) 100vw, 8000px\" \/><\/a><\/p>\n<p><\/p>","protected":false},"excerpt":{"rendered":"<p>Sorry, this entry is only available in Portugu\u00eas.<\/p>\n","protected":false},"author":45,"featured_media":0,"parent":2438,"menu_order":0,"comment_status":"closed","ping_status":"closed","template":"templates-map\/component-text-list-layout1.php","meta":{"_acf_changed":false,"footnotes":""},"categories":[],"class_list":["post-16855","page","type-page","status-publish","hentry"],"acf":[],"_links":{"self":[{"href":"https:\/\/www.cm-evora.pt\/en\/wp-json\/wp\/v2\/pages\/16855","targetHints":{"allow":["GET"]}}],"collection":[{"href":"https:\/\/www.cm-evora.pt\/en\/wp-json\/wp\/v2\/pages"}],"about":[{"href":"https:\/\/www.cm-evora.pt\/en\/wp-json\/wp\/v2\/types\/page"}],"author":[{"embeddable":true,"href":"https:\/\/www.cm-evora.pt\/en\/wp-json\/wp\/v2\/users\/45"}],"replies":[{"embeddable":true,"href":"https:\/\/www.cm-evora.pt\/en\/wp-json\/wp\/v2\/comments?post=16855"}],"version-history":[{"count":5,"href":"https:\/\/www.cm-evora.pt\/en\/wp-json\/wp\/v2\/pages\/16855\/revisions"}],"predecessor-version":[{"id":37887,"href":"https:\/\/www.cm-evora.pt\/en\/wp-json\/wp\/v2\/pages\/16855\/revisions\/37887"}],"up":[{"embeddable":true,"href":"https:\/\/www.cm-evora.pt\/en\/wp-json\/wp\/v2\/pages\/2438"}],"wp:attachment":[{"href":"https:\/\/www.cm-evora.pt\/en\/wp-json\/wp\/v2\/media?parent=16855"}],"wp:term":[{"taxonomy":"category","embeddable":true,"href":"https:\/\/www.cm-evora.pt\/en\/wp-json\/wp\/v2\/categories?post=16855"}],"curies":[{"name":"wp","href":"https:\/\/api.w.org\/{rel}","templated":true}]}}