{"id":16951,"date":"2020-12-15T16:05:54","date_gmt":"2020-12-15T16:05:54","guid":{"rendered":"https:\/\/www.cm-evora.pt\/?page_id=16951"},"modified":"2024-01-05T10:32:38","modified_gmt":"2024-01-05T10:32:38","slug":"personalidades-ilustres","status":"publish","type":"page","link":"https:\/\/www.cm-evora.pt\/en\/municipe\/evora\/personalidades-ilustres\/","title":{"rendered":"Personalidades Ilustres"},"content":{"rendered":"<p class=\"qtranxs-available-languages-message qtranxs-available-languages-message-en\">Sorry, this entry is only available in <a href=\"https:\/\/www.cm-evora.pt\/pt\/wp-json\/wp\/v2\/pages\/16951\" class=\"qtranxs-available-language-link qtranxs-available-language-link-pt\" title=\"Portugu\u00eas\">Portugu\u00eas<\/a>.<\/p><p><\/p>\n<p><a href=\"https:\/\/www.cm-evora.pt\/wp-content\/uploads\/2020\/12\/Tulia-Espanca.jpg\" target=\"_blank\" rel=\"noopener noreferrer\"><img loading=\"lazy\" decoding=\"async\" class=\"alignnone wp-image-16955 size-full\" src=\"https:\/\/www.cm-evora.pt\/wp-content\/uploads\/2020\/12\/Tulia-Espanca.jpg\" alt=\"\" width=\"1440\" height=\"600\" srcset=\"https:\/\/www.cm-evora.pt\/wp-content\/uploads\/2020\/12\/Tulia-Espanca.jpg 1440w, https:\/\/www.cm-evora.pt\/wp-content\/uploads\/2020\/12\/Tulia-Espanca-300x125.jpg 300w, https:\/\/www.cm-evora.pt\/wp-content\/uploads\/2020\/12\/Tulia-Espanca-1024x427.jpg 1024w, https:\/\/www.cm-evora.pt\/wp-content\/uploads\/2020\/12\/Tulia-Espanca-768x320.jpg 768w, https:\/\/www.cm-evora.pt\/wp-content\/uploads\/2020\/12\/Tulia-Espanca-1320x550.jpg 1320w\" sizes=\"auto, (max-width: 1440px) 100vw, 1440px\" \/><\/a><\/p>\n<p style=\"text-align: right\"><em>Foto: <a href=\"http:\/\/www.tulioespanca.net\" target=\"_blank\" rel=\"noopener noreferrer\">tulioespanca.net<\/a><\/em><\/p>\n<p>Evoca-se nesta p\u00e1gina a figura de 10 ilustres eborenses. Todos j\u00e1 falecidos, s\u00e3o, no entanto, personalidades contempor\u00e2neas de muitos dos habitantes da cidade, que os chegaram a conhecer e dos quais ainda conservam recorda\u00e7\u00f5es. Estes s\u00e3o apenas exemplos de muitos mais que pelo seu m\u00e9rito honraram a cidade e o Concelho de \u00c9vora.<\/p>\n<p><\/p>","protected":false},"excerpt":{"rendered":"<p>Sorry, this entry is only available in Portugu\u00eas. Foto: tulioespanca.net Evoca-se nesta p\u00e1gina a figura de 10 ilustres eborenses. Todos j\u00e1 falecidos, s\u00e3o, no entanto, personalidades contempor\u00e2neas de muitos dos habitantes da cidade, que os chegaram a conhecer e dos quais ainda conservam recorda\u00e7\u00f5es. Estes s\u00e3o apenas exemplos de muitos mais que pelo seu m\u00e9rito [&hellip;]<\/p>\n","protected":false},"author":45,"featured_media":0,"parent":1288,"menu_order":3,"comment_status":"closed","ping_status":"closed","template":"templates-map\/component-text-list-layout1.php","meta":{"_acf_changed":false,"footnotes":""},"categories":[],"class_list":["post-16951","page","type-page","status-publish","hentry"],"acf":[],"_links":{"self":[{"href":"https:\/\/www.cm-evora.pt\/en\/wp-json\/wp\/v2\/pages\/16951","targetHints":{"allow":["GET"]}}],"collection":[{"href":"https:\/\/www.cm-evora.pt\/en\/wp-json\/wp\/v2\/pages"}],"about":[{"href":"https:\/\/www.cm-evora.pt\/en\/wp-json\/wp\/v2\/types\/page"}],"author":[{"embeddable":true,"href":"https:\/\/www.cm-evora.pt\/en\/wp-json\/wp\/v2\/users\/45"}],"replies":[{"embeddable":true,"href":"https:\/\/www.cm-evora.pt\/en\/wp-json\/wp\/v2\/comments?post=16951"}],"version-history":[{"count":14,"href":"https:\/\/www.cm-evora.pt\/en\/wp-json\/wp\/v2\/pages\/16951\/revisions"}],"predecessor-version":[{"id":56593,"href":"https:\/\/www.cm-evora.pt\/en\/wp-json\/wp\/v2\/pages\/16951\/revisions\/56593"}],"up":[{"embeddable":true,"href":"https:\/\/www.cm-evora.pt\/en\/wp-json\/wp\/v2\/pages\/1288"}],"wp:attachment":[{"href":"https:\/\/www.cm-evora.pt\/en\/wp-json\/wp\/v2\/media?parent=16951"}],"wp:term":[{"taxonomy":"category","embeddable":true,"href":"https:\/\/www.cm-evora.pt\/en\/wp-json\/wp\/v2\/categories?post=16951"}],"curies":[{"name":"wp","href":"https:\/\/api.w.org\/{rel}","templated":true}]}}