{"id":17185,"date":"2020-12-23T09:45:52","date_gmt":"2020-12-23T09:45:52","guid":{"rendered":"https:\/\/www.cm-evora.pt\/?page_id=17185"},"modified":"2026-01-30T09:53:32","modified_gmt":"2026-01-30T09:53:32","slug":"opcoes-do-plano-e-orcamento-2026","status":"publish","type":"page","link":"https:\/\/www.cm-evora.pt\/en\/municipe\/camara-municipal\/plano-e-orcamento\/opcoes-do-plano-e-orcamento-2026\/","title":{"rendered":"Op\u00e7\u00f5es do Plano e Or\u00e7amento 2025"},"content":{"rendered":"<p><\/p>\n<p style=\"text-align: center\"><a href=\"https:\/\/www.cm-evora.pt\/wp-content\/uploads\/2025\/01\/Opcoes-do-Plano-e-Orcamento-2025_page-0001.jpg\"><img loading=\"lazy\" decoding=\"async\" class=\"alignnone size-full wp-image-70112\" src=\"https:\/\/www.cm-evora.pt\/wp-content\/uploads\/2025\/01\/Opcoes-do-Plano-e-Orcamento-2025_page-0001.jpg\" alt=\"\" width=\"1241\" height=\"1754\" srcset=\"https:\/\/www.cm-evora.pt\/wp-content\/uploads\/2025\/01\/Opcoes-do-Plano-e-Orcamento-2025_page-0001.jpg 1241w, https:\/\/www.cm-evora.pt\/wp-content\/uploads\/2025\/01\/Opcoes-do-Plano-e-Orcamento-2025_page-0001-212x300.jpg 212w, https:\/\/www.cm-evora.pt\/wp-content\/uploads\/2025\/01\/Opcoes-do-Plano-e-Orcamento-2025_page-0001-725x1024.jpg 725w, https:\/\/www.cm-evora.pt\/wp-content\/uploads\/2025\/01\/Opcoes-do-Plano-e-Orcamento-2025_page-0001-768x1085.jpg 768w, https:\/\/www.cm-evora.pt\/wp-content\/uploads\/2025\/01\/Opcoes-do-Plano-e-Orcamento-2025_page-0001-1087x1536.jpg 1087w\" sizes=\"auto, (max-width: 1241px) 100vw, 1241px\" \/><\/a><\/p>\n<p><strong>Consulte aqui toda a documenta\u00e7\u00e3o relativa \u00e0s Op\u00e7\u00f5es do Plano e Or\u00e7amento 2025.<\/strong><\/p>","protected":false},"excerpt":{"rendered":"<p>Consulte aqui toda a documenta\u00e7\u00e3o relativa \u00e0s Op\u00e7\u00f5es do Plano e Or\u00e7amento 2025.<\/p>\n","protected":false},"author":45,"featured_media":0,"parent":2420,"menu_order":0,"comment_status":"closed","ping_status":"closed","template":"templates-map\/component-file-gallery-layout1.php","meta":{"_acf_changed":false,"footnotes":""},"categories":[],"class_list":["post-17185","page","type-page","status-publish","hentry"],"acf":[],"_links":{"self":[{"href":"https:\/\/www.cm-evora.pt\/en\/wp-json\/wp\/v2\/pages\/17185","targetHints":{"allow":["GET"]}}],"collection":[{"href":"https:\/\/www.cm-evora.pt\/en\/wp-json\/wp\/v2\/pages"}],"about":[{"href":"https:\/\/www.cm-evora.pt\/en\/wp-json\/wp\/v2\/types\/page"}],"author":[{"embeddable":true,"href":"https:\/\/www.cm-evora.pt\/en\/wp-json\/wp\/v2\/users\/45"}],"replies":[{"embeddable":true,"href":"https:\/\/www.cm-evora.pt\/en\/wp-json\/wp\/v2\/comments?post=17185"}],"version-history":[{"count":16,"href":"https:\/\/www.cm-evora.pt\/en\/wp-json\/wp\/v2\/pages\/17185\/revisions"}],"predecessor-version":[{"id":81216,"href":"https:\/\/www.cm-evora.pt\/en\/wp-json\/wp\/v2\/pages\/17185\/revisions\/81216"}],"up":[{"embeddable":true,"href":"https:\/\/www.cm-evora.pt\/en\/wp-json\/wp\/v2\/pages\/2420"}],"wp:attachment":[{"href":"https:\/\/www.cm-evora.pt\/en\/wp-json\/wp\/v2\/media?parent=17185"}],"wp:term":[{"taxonomy":"category","embeddable":true,"href":"https:\/\/www.cm-evora.pt\/en\/wp-json\/wp\/v2\/categories?post=17185"}],"curies":[{"name":"wp","href":"https:\/\/api.w.org\/{rel}","templated":true}]}}