{"id":17959,"date":"2021-01-05T22:44:19","date_gmt":"2021-01-05T22:44:19","guid":{"rendered":"https:\/\/www.cm-evora.pt\/?page_id=17959"},"modified":"2023-06-01T14:19:23","modified_gmt":"2023-06-01T13:19:23","slug":"almoco-de-miudos-com-graudos","status":"archive","type":"page","link":"https:\/\/www.cm-evora.pt\/en\/municipe\/projetos-municipais\/pel-projeto-educativo-local\/projetos-educativos\/almoco-de-miudos-com-graudos\/","title":{"rendered":"Archived: Almo\u00e7o de Mi\u00fados com Gra\u00fados"},"content":{"rendered":"<p style=\"text-align: center\"><strong>Voluntariado de Afetos<\/strong><\/p>\n<p style=\"text-align: center\"><a href=\"https:\/\/www.cm-evora.pt\/wp-content\/uploads\/2021\/01\/AlmocoMiudosGraudos639.jpg\" target=\"_blank\" rel=\"noopener\"><img loading=\"lazy\" decoding=\"async\" class=\"alignnone wp-image-18403 size-full\" src=\"https:\/\/www.cm-evora.pt\/wp-content\/uploads\/2021\/01\/AlmocoMiudosGraudos639.jpg\" alt=\"\" width=\"639\" height=\"362\" srcset=\"https:\/\/www.cm-evora.pt\/wp-content\/uploads\/2021\/01\/AlmocoMiudosGraudos639.jpg 639w, https:\/\/www.cm-evora.pt\/wp-content\/uploads\/2021\/01\/AlmocoMiudosGraudos639-300x170.jpg 300w\" sizes=\"auto, (max-width: 639px) 100vw, 639px\" \/><\/a><\/p>\n<h4><strong>\u00a0<\/strong><\/h4>\n<h4><strong>Entidade promotora e servi\u00e7o respons\u00e1vel<\/strong><\/h4>\n<p>C\u00e2mara Municipal de \u00c9vora &#8211; Divis\u00e3o de Educa\u00e7\u00e3o e Interven\u00e7\u00e3o Social.<\/p>\n<h4><strong>\u00a0<\/strong><\/h4>\n<h4><strong>Nome da Respons\u00e1vel<\/strong><\/h4>\n<p>Olga Paix\u00e3o Sola<\/p>\n<h4><strong>\u00a0<\/strong><\/h4>\n<h4><strong>Entidades Parceiras<\/strong><\/h4>\n<p>Agrupamentos de escolas de \u00c9vora e Funda\u00e7\u00e3o Eug\u00e9nio de Almeida.<\/p>\n<h4><strong>\u00a0<\/strong><\/h4>\n<h4><strong>Objetivos<\/strong><\/h4>\n<ul>\n<li style=\"list-style-type: none\">\n<ul>\n<li>Qualificar o servi\u00e7o de fornecimento de refei\u00e7\u00f5es aos alunos do 1.\u00ba CEB da rede p\u00fablica, atrav\u00e9s da afeta\u00e7\u00e3o de volunt\u00e1rios.<\/li>\n<\/ul>\n<\/li>\n<\/ul>\n<ul>\n<li style=\"list-style-type: none\">\n<ul>\n<li>Estimular o encontro intergeracional.<\/li>\n<\/ul>\n<\/li>\n<\/ul>\n<ul>\n<li style=\"list-style-type: none\">\n<ul>\n<li>Fomentar a integra\u00e7\u00e3o e participa\u00e7\u00e3o c\u00edvica dos mun\u00edcipes na comunidade, valorizando saberes e experi\u00eancias de vida enriquecedores.<\/li>\n<\/ul>\n<\/li>\n<\/ul>\n<h4><strong>\u00a0<\/strong><\/h4>\n<h4><strong>P\u00fablico-alvo<\/strong><\/h4>\n<ul>\n<li style=\"list-style-type: none\">\n<ul>\n<li>Proposta dirigida aos mun\u00edcipes do concelho de \u00c9vora, maiores de idade, que se disp\u00f5em, no seu tempo livre, a desenvolver atividades com crian\u00e7as entre os 6 e os 10 anos, durante os momentos das refei\u00e7\u00f5es escolares (11h45-14h00).<\/li>\n<\/ul>\n<\/li>\n<\/ul>\n<h4><strong>\u00a0<\/strong><\/h4>\n<h4><strong>Calendariza\u00e7\u00e3o<\/strong><\/h4>\n<p>Ao longo do ano letivo.<\/p>\n<h4><strong>\u00a0<\/strong><\/h4>\n<h4><strong>Local<\/strong><\/h4>\n<p>Estabelecimentos de educa\u00e7\u00e3o e ensino do concelho.<\/p>\n<h4><strong>\u00a0<\/strong><\/h4>\n<h4><strong>Resumo\/Sinopse<\/strong><\/h4>\n<p>O projeto tem como o objetivo primordial qualificar o momento da refei\u00e7\u00e3o, nas cantinas e refeit\u00f3rios escolares, garantindo um maior apoio ao fornecimento de refei\u00e7\u00f5es, essencialmente aos alunos do 1.\u00ba CEB da rede p\u00fablica.<\/p>\n<h4><strong>\u00a0<\/strong><\/h4>\n<h4><strong>Contatos<\/strong><\/h4>\n<p><u>Telefone<\/u>: <a href=\"tel:+351266777000\" target=\"_blank\" rel=\"noopener\">+351 266 777 000<\/a> \u00abChamada para a rede fixa nacional\u00bb<\/p>\n<p><u>Email<\/u>: <u><a href=\"mailto:olgapaixao@cm-evora.pt\" target=\"_blank\" rel=\"noopener\">olgapaixao@cm-evora.pt<\/a><\/u><\/p>\n<h4><strong>\u00a0<\/strong><\/h4>\n<h4><strong>A C\u00e2mara Municipal de \u00c9vora oferece aos volunt\u00e1rios:<\/strong><\/h4>\n<ol>\n<li style=\"list-style-type: none\">\n<ol>\n<li>Acordo de Voluntariado e cart\u00e3o de identifica\u00e7\u00e3o;<\/li>\n<li>Seguro de acidentes pessoais;<\/li>\n<li>A possibilidade almo\u00e7ar na cantina\/refeit\u00f3rio onde exercem o voluntariado;<\/li>\n<li>Acompanhamento t\u00e9cnico;<\/li>\n<li>A\u00e7\u00f5es de sensibiliza\u00e7\u00e3o e informa\u00e7\u00e3o;<\/li>\n<li>Convites para iniciativas e eventos promovidos pela autarquia e\/ou entidades e institui\u00e7\u00f5es suas parceiras;<\/li>\n<li>Certifica\u00e7\u00e3o da pr\u00e1tica de voluntariado.<\/li>\n<\/ol>\n<\/li>\n<\/ol>\n<h4><strong>\u00a0<\/strong><\/h4>\n<h4><strong>\u00a0<\/strong><\/h4>\n<h4><strong>Documentos Associados:<\/strong><\/h4>\n<ul>\n<li style=\"list-style-type: none\">\n<ul>\n<li>Ficha de Interesse &#8211; Voluntariado<\/li>\n<\/ul>\n<\/li>\n<\/ul>\n<ul>\n<li style=\"list-style-type: none\">\n<ul>\n<li style=\"list-style-type: none\">\n<ul>\n<li>Lei n\u00ba71\/98, de 3 de novembro \u2013 Enquadramento jur\u00eddico do voluntariado<\/li>\n<\/ul>\n<\/li>\n<\/ul>\n<\/li>\n<\/ul>\n<ul>\n<li style=\"list-style-type: none\">\n<ul>\n<li>Lei n\u00ba113\/2009, de 17 de setembro \u2013 Aferi\u00e7\u00e3o de idoneidade no acesso a fun\u00e7\u00f5es que envolvam contacto regular com menores<\/li>\n<\/ul>\n<\/li>\n<\/ul>\n<p>&nbsp;<\/p>\n","protected":false},"excerpt":{"rendered":"<p>Voluntariado de Afetos \u00a0 Entidade promotora e servi\u00e7o respons\u00e1vel C\u00e2mara Municipal de \u00c9vora &#8211; Divis\u00e3o de Educa\u00e7\u00e3o e Interven\u00e7\u00e3o Social. \u00a0 Nome da Respons\u00e1vel Olga Paix\u00e3o Sola \u00a0 Entidades Parceiras Agrupamentos de escolas de \u00c9vora e Funda\u00e7\u00e3o Eug\u00e9nio de Almeida. \u00a0 Objetivos Qualificar o servi\u00e7o de fornecimento de refei\u00e7\u00f5es aos alunos do 1.\u00ba CEB da [&hellip;]<\/p>\n","protected":false},"author":45,"featured_media":0,"parent":14190,"menu_order":2,"comment_status":"closed","ping_status":"closed","template":"templates-map\/component-text-layout1.php","meta":{"_acf_changed":false,"footnotes":""},"categories":[],"class_list":["post-17959","page","type-page","status-archive","hentry"],"acf":{"imagens":"","titulo_docs_seccao":"","documentos":""},"_links":{"self":[{"href":"https:\/\/www.cm-evora.pt\/en\/wp-json\/wp\/v2\/pages\/17959","targetHints":{"allow":["GET"]}}],"collection":[{"href":"https:\/\/www.cm-evora.pt\/en\/wp-json\/wp\/v2\/pages"}],"about":[{"href":"https:\/\/www.cm-evora.pt\/en\/wp-json\/wp\/v2\/types\/page"}],"author":[{"embeddable":true,"href":"https:\/\/www.cm-evora.pt\/en\/wp-json\/wp\/v2\/users\/45"}],"replies":[{"embeddable":true,"href":"https:\/\/www.cm-evora.pt\/en\/wp-json\/wp\/v2\/comments?post=17959"}],"version-history":[{"count":7,"href":"https:\/\/www.cm-evora.pt\/en\/wp-json\/wp\/v2\/pages\/17959\/revisions"}],"predecessor-version":[{"id":50105,"href":"https:\/\/www.cm-evora.pt\/en\/wp-json\/wp\/v2\/pages\/17959\/revisions\/50105"}],"up":[{"embeddable":true,"href":"https:\/\/www.cm-evora.pt\/en\/wp-json\/wp\/v2\/pages\/14190"}],"wp:attachment":[{"href":"https:\/\/www.cm-evora.pt\/en\/wp-json\/wp\/v2\/media?parent=17959"}],"wp:term":[{"taxonomy":"category","embeddable":true,"href":"https:\/\/www.cm-evora.pt\/en\/wp-json\/wp\/v2\/categories?post=17959"}],"curies":[{"name":"wp","href":"https:\/\/api.w.org\/{rel}","templated":true}]}}