{"id":17961,"date":"2021-01-05T22:46:44","date_gmt":"2021-01-05T22:46:44","guid":{"rendered":"https:\/\/www.cm-evora.pt\/?page_id=17961"},"modified":"2025-08-28T16:46:20","modified_gmt":"2025-08-28T15:46:20","slug":"ementa-escolar-sazonal-mediterranea","status":"publish","type":"page","link":"https:\/\/www.cm-evora.pt\/en\/municipe\/projetos-municipais\/pel-projeto-educativo-local\/projetos-educativos\/ementa-escolar-sazonal-mediterranea\/","title":{"rendered":"Ementa Escolar Sazonal Mediterr\u00e2nea"},"content":{"rendered":"<p style=\"text-align: center\"><a href=\"https:\/\/www.cm-evora.pt\/wp-content\/uploads\/2024\/09\/banner-ementa_escola_geral-corte.jpg\"><img loading=\"lazy\" decoding=\"async\" class=\"alignnone size-full wp-image-66114\" src=\"https:\/\/www.cm-evora.pt\/wp-content\/uploads\/2024\/09\/banner-ementa_escola_geral-corte.jpg\" alt=\"\" width=\"1920\" height=\"472\" srcset=\"https:\/\/www.cm-evora.pt\/wp-content\/uploads\/2024\/09\/banner-ementa_escola_geral-corte.jpg 1920w, https:\/\/www.cm-evora.pt\/wp-content\/uploads\/2024\/09\/banner-ementa_escola_geral-corte-300x74.jpg 300w, https:\/\/www.cm-evora.pt\/wp-content\/uploads\/2024\/09\/banner-ementa_escola_geral-corte-1024x252.jpg 1024w, https:\/\/www.cm-evora.pt\/wp-content\/uploads\/2024\/09\/banner-ementa_escola_geral-corte-768x189.jpg 768w, https:\/\/www.cm-evora.pt\/wp-content\/uploads\/2024\/09\/banner-ementa_escola_geral-corte-1536x378.jpg 1536w, https:\/\/www.cm-evora.pt\/wp-content\/uploads\/2024\/09\/banner-ementa_escola_geral-corte-1320x325.jpg 1320w\" sizes=\"auto, (max-width: 1920px) 100vw, 1920px\" \/><\/a><\/p>\n<h4><strong>\u00a0<\/strong><\/h4>\n<h4><strong>Entidade promotora e servi\u00e7o respons\u00e1vel<\/strong><\/h4>\n<p>C\u00e2mara Municipal de \u00c9vora &#8211; Divis\u00e3o de Educa\u00e7\u00e3o e Interven\u00e7\u00e3o Social<\/p>\n<h4><strong>\u00a0<\/strong><\/h4>\n<h4><strong>Nome da Respons\u00e1vel<\/strong><\/h4>\n<p>Carina Pereira<\/p>\n<h4><strong>\u00a0<\/strong><\/h4>\n<h4><strong>Entidades Parceiras<\/strong><\/h4>\n<ul>\n<li style=\"list-style-type: none\">\n<ul>\n<li>Uni\u00e3o de Freguesias de \u00c9vora;<\/li>\n<li>Uni\u00e3o de Freguesias da Malagueira e Horta das Figueiras;<\/li>\n<li>Uni\u00e3o de Freguesias do Bacelo e Sra. da Sa\u00fade;<\/li>\n<li>Uni\u00e3o de Freguesias de S. Sebasti\u00e3o da Giesteira e N\u00aa Sra. da Boa-F\u00e9;<\/li>\n<li>Uni\u00e3o de Freguesias de N\u00aa Sra. da Tourega e N\u00aa Sra. Guadalupe;<\/li>\n<li>Junta de Freguesia de S. Bento do Mato;<\/li>\n<li>Junta de Freguesia de N\u00aa Sra. de Machede e<\/li>\n<li>Junta de Freguesia dos Canaviais.<\/li>\n<\/ul>\n<\/li>\n<\/ul>\n<h4><strong>\u00a0<\/strong><\/h4>\n<h4><strong>Objetivos<\/strong><\/h4>\n<ul>\n<li style=\"list-style-type: none\">\n<ul>\n<li>Promover o respeito pela sazonalidade e consumo dos produtos locais, bem como a regionalidade gastron\u00f3mica atrav\u00e9s da Dieta Mediterr\u00e2nica.<\/li>\n<\/ul>\n<\/li>\n<\/ul>\n<h4><strong>\u00a0<\/strong><\/h4>\n<h4><strong>P\u00fablico-alvo<\/strong><\/h4>\n<p>Crian\u00e7as e alunos dos estabelecimentos de educa\u00e7\u00e3o e ensino da rede p\u00fablica.<\/p>\n<p><strong>\u00a0<\/strong><\/p>\n<h4><strong>Calendariza\u00e7\u00e3o<\/strong><\/h4>\n<p>Ao longo ano letivo<\/p>\n<h4><strong>\u00a0<\/strong><\/h4>\n<h4><strong>Local<\/strong><\/h4>\n<p>Refeit\u00f3rios escolares<\/p>\n<h4><strong>\u00a0<\/strong><\/h4>\n<h4><strong>Resumo\/Sinopse<\/strong><\/h4>\n<p>Este projeto envolve: a adapta\u00e7\u00e3o das ementas escolares e a cria\u00e7\u00e3o da ementa escolar vegetariana, o est\u00edmulo \u00e0 produ\u00e7\u00e3o local dos produtos agr\u00edcolas e frut\u00edcolas, a\u00e7\u00f5es de forma\u00e7\u00e3o do pessoal n\u00e3o docente afeto \u00e0s cantinas, a realiza\u00e7\u00e3o de a\u00e7\u00f5es de sensibiliza\u00e7\u00e3o junto da comunidade e a avalia\u00e7\u00e3o e monitoriza\u00e7\u00e3o da satisfa\u00e7\u00e3o da comunidade escolar.<\/p>\n<h4><strong>\u00a0<\/strong><\/h4>\n<h4><strong>Contactos<\/strong><\/h4>\n<p><u>Telefone<\/u>: <a href=\"tel:+351266777000\" target=\"_blank\" rel=\"noopener\">+351 266 777 000<\/a> \u00abChamada para a rede fixa nacional\u00bb<\/p>\n<p><u>Email<\/u>: <u><a href=\"mailto:carinapereira@cm-evora.pt\" target=\"_blank\" rel=\"noopener\">carinapereira@cm-evora.pt<\/a><\/u><\/p>\n","protected":false},"excerpt":{"rendered":"<p>\u00a0 Entidade promotora e servi\u00e7o respons\u00e1vel C\u00e2mara Municipal de \u00c9vora &#8211; Divis\u00e3o de Educa\u00e7\u00e3o e Interven\u00e7\u00e3o Social \u00a0 Nome da Respons\u00e1vel Carina Pereira \u00a0 Entidades Parceiras Uni\u00e3o de Freguesias de \u00c9vora; Uni\u00e3o de Freguesias da Malagueira e Horta das Figueiras; Uni\u00e3o de Freguesias do Bacelo e Sra. da Sa\u00fade; Uni\u00e3o de Freguesias de S. Sebasti\u00e3o [&hellip;]<\/p>\n","protected":false},"author":45,"featured_media":0,"parent":14190,"menu_order":4,"comment_status":"closed","ping_status":"closed","template":"templates-map\/component-text-layout1.php","meta":{"_acf_changed":false,"footnotes":""},"categories":[],"class_list":["post-17961","page","type-page","status-publish","hentry"],"acf":{"imagens":"","titulo_docs_seccao":"","documentos":""},"_links":{"self":[{"href":"https:\/\/www.cm-evora.pt\/en\/wp-json\/wp\/v2\/pages\/17961","targetHints":{"allow":["GET"]}}],"collection":[{"href":"https:\/\/www.cm-evora.pt\/en\/wp-json\/wp\/v2\/pages"}],"about":[{"href":"https:\/\/www.cm-evora.pt\/en\/wp-json\/wp\/v2\/types\/page"}],"author":[{"embeddable":true,"href":"https:\/\/www.cm-evora.pt\/en\/wp-json\/wp\/v2\/users\/45"}],"replies":[{"embeddable":true,"href":"https:\/\/www.cm-evora.pt\/en\/wp-json\/wp\/v2\/comments?post=17961"}],"version-history":[{"count":13,"href":"https:\/\/www.cm-evora.pt\/en\/wp-json\/wp\/v2\/pages\/17961\/revisions"}],"predecessor-version":[{"id":77412,"href":"https:\/\/www.cm-evora.pt\/en\/wp-json\/wp\/v2\/pages\/17961\/revisions\/77412"}],"up":[{"embeddable":true,"href":"https:\/\/www.cm-evora.pt\/en\/wp-json\/wp\/v2\/pages\/14190"}],"wp:attachment":[{"href":"https:\/\/www.cm-evora.pt\/en\/wp-json\/wp\/v2\/media?parent=17961"}],"wp:term":[{"taxonomy":"category","embeddable":true,"href":"https:\/\/www.cm-evora.pt\/en\/wp-json\/wp\/v2\/categories?post=17961"}],"curies":[{"name":"wp","href":"https:\/\/api.w.org\/{rel}","templated":true}]}}