{"id":17963,"date":"2021-01-05T22:50:33","date_gmt":"2021-01-05T22:50:33","guid":{"rendered":"https:\/\/www.cm-evora.pt\/?page_id=17963"},"modified":"2023-05-23T10:42:18","modified_gmt":"2023-05-23T09:42:18","slug":"loja-dos-sonhos","status":"archive","type":"page","link":"https:\/\/www.cm-evora.pt\/en\/municipe\/projetos-municipais\/pel-projeto-educativo-local\/projetos-educativos\/loja-dos-sonhos\/","title":{"rendered":"Archived: Loja dos Sonhos"},"content":{"rendered":"<p style=\"text-align: center\"><strong>Biblioteca Itinerante<\/strong><\/p>\n<p style=\"text-align: center\"><a href=\"https:\/\/www.cm-evora.pt\/wp-content\/uploads\/2021\/01\/LojaDosSonhos639.jpg\" target=\"_blank\" rel=\"noopener\"><img loading=\"lazy\" decoding=\"async\" class=\"alignnone wp-image-18391 size-full\" src=\"https:\/\/www.cm-evora.pt\/wp-content\/uploads\/2021\/01\/LojaDosSonhos639.jpg\" alt=\"\" width=\"639\" height=\"362\" srcset=\"https:\/\/www.cm-evora.pt\/wp-content\/uploads\/2021\/01\/LojaDosSonhos639.jpg 639w, https:\/\/www.cm-evora.pt\/wp-content\/uploads\/2021\/01\/LojaDosSonhos639-300x170.jpg 300w\" sizes=\"auto, (max-width: 639px) 100vw, 639px\" \/><\/a><\/p>\n<div>\n<p>&nbsp;<\/p>\n<p>Na sequ\u00eancia da estrat\u00e9gia de interven\u00e7\u00e3o definida pela C\u00e2mara Municipal de \u00c9vora, enquanto membro da Associa\u00e7\u00e3o Internacional das Cidades Educadoras, na qual a Educa\u00e7\u00e3o surge como um pilar central para a frui\u00e7\u00e3o sociocultural e econ\u00f3mica da cidade, assume especial destaque a aposta do munic\u00edpio no que concerne \u00e0 promo\u00e7\u00e3o do livro e da leitura junto dos eborenses.<\/p>\n<p>Hoje, mais do que nunca o dom\u00ednio das compet\u00eancias liter\u00e1citas por parte dos indiv\u00edduos, revela-se fundamental para o acesso ao mundo do trabalho, do lazer e da cidadania ativa.<\/p>\n<p>O livro e a leitura t\u00eam sido alvo de in\u00fameras inova\u00e7\u00f5es, passando a ser entendidos como elementos facilitadores da forma\u00e7\u00e3o intelectual, moral e afetiva, conduzindo \u00e0 forma\u00e7\u00e3o de leitores mais competentes, conscientes e como tal mais pr\u00f3-ativos.<\/p>\n<p>Neste contexto, importa sobretudo facilitar o acesso ao objeto livro e aos diversos suportes de informa\u00e7\u00e3o que se tornaram imprescind\u00edveis no nosso dia-a-dia, para que nos possamos sentir socialmente integrados. Desta forma, a C\u00e2mara Municipal de \u00c9vora, em parceria com a Biblioteca P\u00fablica de \u00c9vora e com o apoio da Funda\u00e7\u00e3o Calouste Gulbenkian, criou a biblioteca itinerante \u201cLoja dos Sonhos \u2013 promo\u00e7\u00e3o da leitura em movimento\u201d.<\/p>\n<p>Este projeto tem como base o anterior recurso multim\u00e9dia municipal \u201cLoja dos Sonhos\u201d. Ap\u00f3s nove anos ao servi\u00e7o da comunidade educativa do concelho, percorridos in\u00fameros quil\u00f3metros, terminados diversos projetos de incontest\u00e1vel interesse e pertin\u00eancia pedag\u00f3gica e esbo\u00e7ados incont\u00e1veis sorrisos, este autocarro seguiu, desde 2012, para um novo rumo, igualmente desafiante e educador.<\/p>\n<p>&nbsp;<\/p>\n<h4><strong>Promotor<\/strong><\/h4>\n<p>C\u00e2mara Municipal de \u00c9vora &#8211; Divis\u00e3o de Educa\u00e7\u00e3o e Interven\u00e7\u00e3o Social<\/p>\n<p>&nbsp;<\/p>\n<h4><strong>Respons\u00e1vel<\/strong><\/h4>\n<p>S\u00f3nia Miranda<\/p>\n<h4><strong>\u00a0<\/strong><\/h4>\n<h4><strong>Entidade Parceira<\/strong><\/h4>\n<p>Biblioteca P\u00fablica de \u00c9vora<\/p>\n<h4><strong>\u00a0<\/strong><\/h4>\n<h4><strong>Objetivos<\/strong><\/h4>\n<ul>\n<li style=\"list-style-type: none\">\n<ul>\n<li>Possibilitar \u00e0s popula\u00e7\u00f5es mais afastadas do centro da cidade o acesso a uma biblioteca.<\/li>\n<\/ul>\n<\/li>\n<\/ul>\n<ul>\n<li style=\"list-style-type: none\">\n<ul>\n<li>Promover o livro e a leitura junto da popula\u00e7\u00e3o eborense.<\/li>\n<\/ul>\n<\/li>\n<\/ul>\n<ul>\n<li style=\"list-style-type: none\">\n<ul>\n<li>Potenciar nos leitores locais o h\u00e1bito e o prazer de ler.<\/li>\n<\/ul>\n<\/li>\n<\/ul>\n<h4><strong>\u00a0<\/strong><\/h4>\n<h4><strong>P\u00fablico-alvo<\/strong><\/h4>\n<ul>\n<li style=\"list-style-type: none\">\n<ul>\n<li>Serve, essencialmente, as freguesias rurais e os bairros perif\u00e9ricos da cidade de \u00c9vora que se encontram mais afastados do centro.<\/li>\n<li>Crian\u00e7as do pr\u00e9-escolar, alunos do 1.\u00ba CEB, seniores e popula\u00e7\u00e3o em geral.<\/li>\n<\/ul>\n<\/li>\n<\/ul>\n<h4><strong>\u00a0<\/strong><\/h4>\n<h4><strong>Calendariza\u00e7\u00e3o<\/strong><\/h4>\n<p>De acordo com um calend\u00e1rio de itiner\u00e2ncia pr\u00e9-definido.<\/p>\n<h4><strong>\u00a0<\/strong><\/h4>\n<h4><strong>Lota\u00e7\u00e3o<\/strong><\/h4>\n<p>1 turma por sess\u00e3o.<\/p>\n<h4><strong>\u00a0<\/strong><\/h4>\n<h4><strong>Local<\/strong><\/h4>\n<p>Freguesias rurais, bairros perif\u00e9ricos e centro hist\u00f3rico.<\/p>\n<h4><strong>\u00a0<\/strong><\/h4>\n<h4><strong>Resumo\/Sinopse<\/strong><\/h4>\n<p>O recurso garante, atrav\u00e9s da sua itiner\u00e2ncia, o acesso ao livro e aos diversos suportes de informa\u00e7\u00e3o, promovendo o empr\u00e9stimo de livros, revistas e cd&#8217;s.<\/p>\n<p>Na Loja dos Sonhos, desenvolvem-se a\u00e7\u00f5es l\u00fadico-pedag\u00f3gicas para a comunidade escolar e a\u00e7\u00f5es recreativas e de lazer para os cidad\u00e3os das organiza\u00e7\u00f5es de apoio a idosos, bem como atividades culturais para a popula\u00e7\u00e3o em geral.<\/p>\n<h4><strong>\u00a0<\/strong><\/h4>\n<h4><strong>Contactos<\/strong><\/h4>\n<p><span style=\"text-decoration: underline\">Telefone<\/span>:<\/p>\n<ul>\n<li style=\"list-style-type: none\">\n<ul>\n<li><a href=\"tel:+351968333881\" target=\"_blank\" rel=\"noopener\">+351 968 333 881<\/a> \u00abChamada para rede m\u00f3vel nacional\u00bb<\/li>\n<li><a href=\"tel:+351266785274\" target=\"_blank\" rel=\"noopener\">+351 266 785 274<\/a> \u00abChamada para a rede fixa nacional\u00bb<\/li>\n<\/ul>\n<\/li>\n<\/ul>\n<p><span style=\"text-decoration: underline\">Email<\/span>: <a href=\"mailto:sonia.miranda@cm-evora.pt\" target=\"_blank\" rel=\"noopener\">sonia.miranda@cm-evora.pt<\/a><\/p>\n<p>&nbsp;<\/p>\n<\/div>\n<div><\/div>\n","protected":false},"excerpt":{"rendered":"<p>Biblioteca Itinerante &nbsp; Na sequ\u00eancia da estrat\u00e9gia de interven\u00e7\u00e3o definida pela C\u00e2mara Municipal de \u00c9vora, enquanto membro da Associa\u00e7\u00e3o Internacional das Cidades Educadoras, na qual a Educa\u00e7\u00e3o surge como um pilar central para a frui\u00e7\u00e3o sociocultural e econ\u00f3mica da cidade, assume especial destaque a aposta do munic\u00edpio no que concerne \u00e0 promo\u00e7\u00e3o do livro e [&hellip;]<\/p>\n","protected":false},"author":45,"featured_media":0,"parent":14190,"menu_order":8,"comment_status":"closed","ping_status":"closed","template":"templates-map\/component-text-layout1.php","meta":{"_acf_changed":false,"footnotes":""},"categories":[],"class_list":["post-17963","page","type-page","status-archive","hentry"],"acf":{"imagens":"","titulo_docs_seccao":"","documentos":""},"_links":{"self":[{"href":"https:\/\/www.cm-evora.pt\/en\/wp-json\/wp\/v2\/pages\/17963","targetHints":{"allow":["GET"]}}],"collection":[{"href":"https:\/\/www.cm-evora.pt\/en\/wp-json\/wp\/v2\/pages"}],"about":[{"href":"https:\/\/www.cm-evora.pt\/en\/wp-json\/wp\/v2\/types\/page"}],"author":[{"embeddable":true,"href":"https:\/\/www.cm-evora.pt\/en\/wp-json\/wp\/v2\/users\/45"}],"replies":[{"embeddable":true,"href":"https:\/\/www.cm-evora.pt\/en\/wp-json\/wp\/v2\/comments?post=17963"}],"version-history":[{"count":7,"href":"https:\/\/www.cm-evora.pt\/en\/wp-json\/wp\/v2\/pages\/17963\/revisions"}],"predecessor-version":[{"id":48464,"href":"https:\/\/www.cm-evora.pt\/en\/wp-json\/wp\/v2\/pages\/17963\/revisions\/48464"}],"up":[{"embeddable":true,"href":"https:\/\/www.cm-evora.pt\/en\/wp-json\/wp\/v2\/pages\/14190"}],"wp:attachment":[{"href":"https:\/\/www.cm-evora.pt\/en\/wp-json\/wp\/v2\/media?parent=17963"}],"wp:term":[{"taxonomy":"category","embeddable":true,"href":"https:\/\/www.cm-evora.pt\/en\/wp-json\/wp\/v2\/categories?post=17963"}],"curies":[{"name":"wp","href":"https:\/\/api.w.org\/{rel}","templated":true}]}}