{"id":17967,"date":"2021-01-05T22:53:38","date_gmt":"2021-01-05T22:53:38","guid":{"rendered":"https:\/\/www.cm-evora.pt\/?page_id=17967"},"modified":"2025-08-26T12:09:07","modified_gmt":"2025-08-26T11:09:07","slug":"nucleo-museologico-do-alto-de-s-bento","status":"publish","type":"page","link":"https:\/\/www.cm-evora.pt\/en\/municipe\/projetos-municipais\/pel-projeto-educativo-local\/projetos-educativos\/nucleo-museologico-do-alto-de-s-bento\/","title":{"rendered":"N\u00facleo Museol\u00f3gico do Alto de S. Bento"},"content":{"rendered":"<p style=\"text-align: center\"><a href=\"https:\/\/www.cm-evora.pt\/wp-content\/uploads\/2024\/09\/Alto-de-Sao-Bento_foto-Andre-Barrogo-002.jpg\"><img loading=\"lazy\" decoding=\"async\" class=\"alignnone size-full wp-image-65898\" src=\"https:\/\/www.cm-evora.pt\/wp-content\/uploads\/2024\/09\/Alto-de-Sao-Bento_foto-Andre-Barrogo-002.jpg\" alt=\"\" width=\"2102\" height=\"1181\" srcset=\"https:\/\/www.cm-evora.pt\/wp-content\/uploads\/2024\/09\/Alto-de-Sao-Bento_foto-Andre-Barrogo-002.jpg 2102w, https:\/\/www.cm-evora.pt\/wp-content\/uploads\/2024\/09\/Alto-de-Sao-Bento_foto-Andre-Barrogo-002-300x169.jpg 300w, https:\/\/www.cm-evora.pt\/wp-content\/uploads\/2024\/09\/Alto-de-Sao-Bento_foto-Andre-Barrogo-002-1024x575.jpg 1024w, https:\/\/www.cm-evora.pt\/wp-content\/uploads\/2024\/09\/Alto-de-Sao-Bento_foto-Andre-Barrogo-002-768x431.jpg 768w, https:\/\/www.cm-evora.pt\/wp-content\/uploads\/2024\/09\/Alto-de-Sao-Bento_foto-Andre-Barrogo-002-1536x863.jpg 1536w, https:\/\/www.cm-evora.pt\/wp-content\/uploads\/2024\/09\/Alto-de-Sao-Bento_foto-Andre-Barrogo-002-2048x1151.jpg 2048w, https:\/\/www.cm-evora.pt\/wp-content\/uploads\/2024\/09\/Alto-de-Sao-Bento_foto-Andre-Barrogo-002-1320x742.jpg 1320w\" sizes=\"auto, (max-width: 2102px) 100vw, 2102px\" \/><\/a><\/p>\n<p>&nbsp;<\/p>\n<p style=\"text-align: left\">O Alto de S. Bento \u00e9 um relevo gran\u00edtico, coberto nas suas encostas por vegeta\u00e7\u00e3o que testemunha o que foram os bosques mediterr\u00e2neos antes da ocupa\u00e7\u00e3o do homem.<\/p>\n<p>Foi aqui criado o N\u00facleo Museol\u00f3gico do Alto de S. Bento com o objetivo de promover o conhecimento sobre as val\u00eancias naturais principais deste local e outras poss\u00edveis de ali se desenvolverem.<\/p>\n<p>Para dar suporte a este recurso educativo, foram recuperados dois moinhos de vento e foram-lhe atribu\u00eddas novas fun\u00e7\u00f5es, s\u00e3o agora os N\u00facleos da Flora e da Geologia; foi recuperada uma antiga casa para servir de casa de express\u00f5es onde s\u00e3o realizadas experi\u00eancias e mais recentemente a atividade Escola do p\u00e3o, na sequ\u00eancia da recupera\u00e7\u00e3o de um terceiro moinho de vento, este para a sua fun\u00e7\u00e3o tradicional: a moagem de cereais.<\/p>\n<p>A oferta de atividades privilegia a observa\u00e7\u00e3o e a experimenta\u00e7\u00e3o, o contacto direto, sempre que poss\u00edvel, com a natureza\/objeto de estudo.<\/p>\n<p>&nbsp;<\/p>\n<p><strong>O espa\u00e7o educativo \u00e9 composto por:<\/strong><\/p>\n<p style=\"padding-left: 40px\"><strong>(A)<\/strong> Antigos moinhos reconvertidos em laborat\u00f3rio (dedicados \u00e0 flora e \u00e0 geologia), e um recuperado para a fun\u00e7\u00e3o tradicional da moagem;<\/p>\n<p style=\"padding-left: 40px\"><strong>(B)<\/strong> Casa das express\u00f5es;<\/p>\n<p style=\"padding-left: 40px\"><strong>(C)<\/strong> Horta tradicional, jardim arom\u00e1tico e cabana Pr\u00e9-Hist\u00f3rica (em constru\u00e7\u00e3o).<\/p>\n<p>&nbsp;<\/p>\n","protected":false},"excerpt":{"rendered":"<p>&nbsp; O Alto de S. Bento \u00e9 um relevo gran\u00edtico, coberto nas suas encostas por vegeta\u00e7\u00e3o que testemunha o que foram os bosques mediterr\u00e2neos antes da ocupa\u00e7\u00e3o do homem. Foi aqui criado o N\u00facleo Museol\u00f3gico do Alto de S. Bento com o objetivo de promover o conhecimento sobre as val\u00eancias naturais principais deste local e [&hellip;]<\/p>\n","protected":false},"author":45,"featured_media":0,"parent":14190,"menu_order":13,"comment_status":"closed","ping_status":"closed","template":"templates-map\/component-text-list-layout1.php","meta":{"_acf_changed":false,"footnotes":""},"categories":[],"class_list":["post-17967","page","type-page","status-publish","hentry"],"acf":[],"_links":{"self":[{"href":"https:\/\/www.cm-evora.pt\/en\/wp-json\/wp\/v2\/pages\/17967","targetHints":{"allow":["GET"]}}],"collection":[{"href":"https:\/\/www.cm-evora.pt\/en\/wp-json\/wp\/v2\/pages"}],"about":[{"href":"https:\/\/www.cm-evora.pt\/en\/wp-json\/wp\/v2\/types\/page"}],"author":[{"embeddable":true,"href":"https:\/\/www.cm-evora.pt\/en\/wp-json\/wp\/v2\/users\/45"}],"replies":[{"embeddable":true,"href":"https:\/\/www.cm-evora.pt\/en\/wp-json\/wp\/v2\/comments?post=17967"}],"version-history":[{"count":23,"href":"https:\/\/www.cm-evora.pt\/en\/wp-json\/wp\/v2\/pages\/17967\/revisions"}],"predecessor-version":[{"id":77301,"href":"https:\/\/www.cm-evora.pt\/en\/wp-json\/wp\/v2\/pages\/17967\/revisions\/77301"}],"up":[{"embeddable":true,"href":"https:\/\/www.cm-evora.pt\/en\/wp-json\/wp\/v2\/pages\/14190"}],"wp:attachment":[{"href":"https:\/\/www.cm-evora.pt\/en\/wp-json\/wp\/v2\/media?parent=17967"}],"wp:term":[{"taxonomy":"category","embeddable":true,"href":"https:\/\/www.cm-evora.pt\/en\/wp-json\/wp\/v2\/categories?post=17967"}],"curies":[{"name":"wp","href":"https:\/\/api.w.org\/{rel}","templated":true}]}}