{"id":17971,"date":"2021-01-05T22:55:20","date_gmt":"2021-01-05T22:55:20","guid":{"rendered":"https:\/\/www.cm-evora.pt\/?page_id=17971"},"modified":"2025-08-27T14:53:31","modified_gmt":"2025-08-27T13:53:31","slug":"projeto-fiel","status":"publish","type":"page","link":"https:\/\/www.cm-evora.pt\/en\/municipe\/projetos-municipais\/pel-projeto-educativo-local\/projetos-educativos\/projeto-fiel\/","title":{"rendered":"Projeto Fiel"},"content":{"rendered":"<p style=\"text-align: center\"><a href=\"https:\/\/www.cm-evora.pt\/wp-content\/uploads\/2021\/01\/ProjetoFiel639.jpg\" target=\"_blank\" rel=\"noopener\"><img loading=\"lazy\" decoding=\"async\" class=\"alignnone wp-image-18409 size-full\" src=\"https:\/\/www.cm-evora.pt\/wp-content\/uploads\/2021\/01\/ProjetoFiel639.jpg\" alt=\"\" width=\"639\" height=\"362\" srcset=\"https:\/\/www.cm-evora.pt\/wp-content\/uploads\/2021\/01\/ProjetoFiel639.jpg 639w, https:\/\/www.cm-evora.pt\/wp-content\/uploads\/2021\/01\/ProjetoFiel639-300x170.jpg 300w\" sizes=\"auto, (max-width: 639px) 100vw, 639px\" \/><\/a><\/p>\n<p>&nbsp;<\/p>\n<h4><strong>Entidade promotora e servi\u00e7o respons\u00e1vel<\/strong><\/h4>\n<p>C\u00e2mara Municipal de \u00c9vora &#8211; Servi\u00e7o Veterin\u00e1rio Municipal<\/p>\n<p>&nbsp;<\/p>\n<h4><strong>Nome da Respons\u00e1vel<\/strong><\/h4>\n<p>Margarida C\u00e2mara<\/p>\n<p>&nbsp;<\/p>\n<h4><strong>Objetivos<\/strong><\/h4>\n<ul>\n<li style=\"list-style-type: none\">\n<ul>\n<li>Aproximar a comunidade educativa ao canil municipal, como forma de dar a conhecer a problem\u00e1tica do abandono, sobrepopula\u00e7\u00e3o e deten\u00e7\u00e3o irrespons\u00e1vel de animais de companhia e a import\u00e2ncia da ado\u00e7\u00e3o e esteriliza\u00e7\u00e3o de animais;<\/li>\n<li>Fomentar o voluntariado e outras formas de interven\u00e7\u00e3o na comunidade.<\/li>\n<\/ul>\n<\/li>\n<\/ul>\n<p>&nbsp;<\/p>\n<h4><strong>P\u00fablico-alvo<\/strong><\/h4>\n<p>Crian\u00e7as e jovens dos 3 aos 16 anos<\/p>\n<p>&nbsp;<\/p>\n<h4><strong>Calendariza\u00e7\u00e3o<\/strong><\/h4>\n<p>Todo o ano.<\/p>\n<p>&nbsp;<\/p>\n<h4><strong>Lota\u00e7\u00e3o<\/strong><\/h4>\n<p>30 alunos<\/p>\n<p>&nbsp;<\/p>\n<h4><strong>Local<\/strong><\/h4>\n<p>Canil municipal ou escola<\/p>\n<p>&nbsp;<\/p>\n<h4><strong>Resumo\/Sinopse<\/strong><\/h4>\n<p>Este projeto visa promover o v\u00ednculo crian\u00e7a-animal, atrav\u00e9s da empatia e comunica\u00e7\u00e3o entre esp\u00e9cies, bem como o desenvolvimento de compet\u00eancias sociais e emocionais, atrav\u00e9s de atividades educativas assistidas por animais.<\/p>\n<p>&nbsp;<\/p>\n<h4><strong>Contactos<\/strong><\/h4>\n<p>Canil Municipal de \u00c9vora<\/p>\n<p>Horta das Figueiras<\/p>\n<p><u>Telefone<\/u>: <a href=\"tel:+351266777182\" target=\"_blank\" rel=\"noopener\">+351 266 777 182<\/a> \u00abChamada para a rede fixa nacional\u00bb | <a href=\"tel:+351961313667\" target=\"_blank\" rel=\"noopener\">+351 961 313 667<\/a> \u00abChamada para rede m\u00f3vel nacional\u00bb &#8211; Por Mensagens ou Whatsapp<\/p>\n<p><u>Email<\/u>: <a href=\"mailto:canil@cm-evora.pt\" target=\"_blank\" rel=\"noopener\">canil@cm-evora.pt<\/a> | <a href=\"mailto:margaridacamara@cm-evora.pt\" target=\"_blank\" rel=\"noopener\">margaridacamara@cm-evora.pt<\/a><\/p>\n<p><u>Hor\u00e1rio<\/u>: Dias \u00fateis das 09h00 \u00e0s 13h00 e das 14h00 \u00e0s 17h00.\u200b\u200b<\/p>\n<div>\n<div>\n<div><a href=\"http:\/\/www.facebook.com\/projetofiel\" target=\"_blank\" rel=\"noopener noreferrer\"><img loading=\"lazy\" decoding=\"async\" class=\"alignnone wp-image-20150\" src=\"https:\/\/www.cm-evora.pt\/wp-content\/uploads\/2021\/01\/facebook-logo.jpg\" alt=\"FB Projeto Fiel\" width=\"24\" height=\"24\" \/><\/a><\/div>\n<\/div>\n<\/div>\n<div><\/div>\n","protected":false},"excerpt":{"rendered":"<p>&nbsp; Entidade promotora e servi\u00e7o respons\u00e1vel C\u00e2mara Municipal de \u00c9vora &#8211; Servi\u00e7o Veterin\u00e1rio Municipal &nbsp; Nome da Respons\u00e1vel Margarida C\u00e2mara &nbsp; Objetivos Aproximar a comunidade educativa ao canil municipal, como forma de dar a conhecer a problem\u00e1tica do abandono, sobrepopula\u00e7\u00e3o e deten\u00e7\u00e3o irrespons\u00e1vel de animais de companhia e a import\u00e2ncia da ado\u00e7\u00e3o e esteriliza\u00e7\u00e3o de [&hellip;]<\/p>\n","protected":false},"author":45,"featured_media":0,"parent":14190,"menu_order":16,"comment_status":"closed","ping_status":"closed","template":"templates-map\/component-text-layout1.php","meta":{"_acf_changed":false,"footnotes":""},"categories":[],"class_list":["post-17971","page","type-page","status-publish","hentry"],"acf":{"imagens":"","titulo_docs_seccao":"","documentos":""},"_links":{"self":[{"href":"https:\/\/www.cm-evora.pt\/en\/wp-json\/wp\/v2\/pages\/17971","targetHints":{"allow":["GET"]}}],"collection":[{"href":"https:\/\/www.cm-evora.pt\/en\/wp-json\/wp\/v2\/pages"}],"about":[{"href":"https:\/\/www.cm-evora.pt\/en\/wp-json\/wp\/v2\/types\/page"}],"author":[{"embeddable":true,"href":"https:\/\/www.cm-evora.pt\/en\/wp-json\/wp\/v2\/users\/45"}],"replies":[{"embeddable":true,"href":"https:\/\/www.cm-evora.pt\/en\/wp-json\/wp\/v2\/comments?post=17971"}],"version-history":[{"count":11,"href":"https:\/\/www.cm-evora.pt\/en\/wp-json\/wp\/v2\/pages\/17971\/revisions"}],"predecessor-version":[{"id":77333,"href":"https:\/\/www.cm-evora.pt\/en\/wp-json\/wp\/v2\/pages\/17971\/revisions\/77333"}],"up":[{"embeddable":true,"href":"https:\/\/www.cm-evora.pt\/en\/wp-json\/wp\/v2\/pages\/14190"}],"wp:attachment":[{"href":"https:\/\/www.cm-evora.pt\/en\/wp-json\/wp\/v2\/media?parent=17971"}],"wp:term":[{"taxonomy":"category","embeddable":true,"href":"https:\/\/www.cm-evora.pt\/en\/wp-json\/wp\/v2\/categories?post=17971"}],"curies":[{"name":"wp","href":"https:\/\/api.w.org\/{rel}","templated":true}]}}