{"id":17977,"date":"2021-01-05T22:58:39","date_gmt":"2021-01-05T22:58:39","guid":{"rendered":"https:\/\/www.cm-evora.pt\/?page_id=17977"},"modified":"2025-08-29T11:37:25","modified_gmt":"2025-08-29T10:37:25","slug":"serpente-papa-leguas","status":"publish","type":"page","link":"https:\/\/www.cm-evora.pt\/en\/municipe\/projetos-municipais\/pel-projeto-educativo-local\/projetos-educativos\/serpente-papa-leguas\/","title":{"rendered":"Serpente Papa-L\u00e9guas"},"content":{"rendered":"<h3 style=\"text-align: center\"><strong>Traffic Snake Game &#8211; A Serpente Papa-L\u00e9guas \u2013 Jogo da Mobilidade Sustent\u00e1vel<\/strong><\/h3>\n<p style=\"text-align: center\"><a href=\"https:\/\/www.cm-evora.pt\/wp-content\/uploads\/2024\/09\/fundoPapaLeguas.jpg\"><img loading=\"lazy\" decoding=\"async\" class=\"alignnone size-full wp-image-66156\" src=\"https:\/\/www.cm-evora.pt\/wp-content\/uploads\/2024\/09\/fundoPapaLeguas.jpg\" alt=\"\" width=\"1635\" height=\"609\" srcset=\"https:\/\/www.cm-evora.pt\/wp-content\/uploads\/2024\/09\/fundoPapaLeguas.jpg 1635w, https:\/\/www.cm-evora.pt\/wp-content\/uploads\/2024\/09\/fundoPapaLeguas-300x112.jpg 300w, https:\/\/www.cm-evora.pt\/wp-content\/uploads\/2024\/09\/fundoPapaLeguas-1024x381.jpg 1024w, https:\/\/www.cm-evora.pt\/wp-content\/uploads\/2024\/09\/fundoPapaLeguas-768x286.jpg 768w, https:\/\/www.cm-evora.pt\/wp-content\/uploads\/2024\/09\/fundoPapaLeguas-1536x572.jpg 1536w, https:\/\/www.cm-evora.pt\/wp-content\/uploads\/2024\/09\/fundoPapaLeguas-1320x492.jpg 1320w\" sizes=\"auto, (max-width: 1635px) 100vw, 1635px\" \/><\/a><\/p>\n<p>&nbsp;<\/p>\n<h4><strong>Promotor<\/strong><\/h4>\n<p>C\u00e2mara Municipal de \u00c9vora &#8211; Divis\u00e3o de Juventude e Desporto<\/p>\n<p>&nbsp;<\/p>\n<h4><strong>Respons\u00e1vel<\/strong><\/h4>\n<p>&nbsp;<\/p>\n<p>&nbsp;<\/p>\n<h4><strong>Entidades Parceiras<\/strong><\/h4>\n<p>Agrupamento de Escolas<\/p>\n<p>&nbsp;<\/p>\n<h4><strong>Objetivos<\/strong><\/h4>\n<ul>\n<li style=\"list-style-type: none\">\n<ul>\n<li><u>Gerais<\/u>:\n<ul>\n<li>Promover a utiliza\u00e7\u00e3o de meios de transporte sustent\u00e1veis nas viagens casa-escola, como sejam, andar a p\u00e9, de bicicleta, transportes p\u00fablicos ou partilhando o autom\u00f3vel com crian\u00e7as de outras fam\u00edlias.<\/li>\n<\/ul>\n<\/li>\n<li><u>Objetivos Espec\u00edficos<\/u>:\n<ul>\n<li>Promover a mobilidade sustent\u00e1vel para as crian\u00e7as, pais e professores.<\/li>\n<li>Melhorar a seguran\u00e7a e a qualidade de vida na \u00e1rea envolvente \u00e0 escola e nos caminhos casa \u2013 escola.<\/li>\n<li>Incentivar a utiliza\u00e7\u00e3o de meios de transporte sustent\u00e1veis, a longo prazo.<\/li>\n<\/ul>\n<\/li>\n<\/ul>\n<\/li>\n<\/ul>\n<p>&nbsp;<\/p>\n<h4><strong>P\u00fablico-alvo<\/strong><\/h4>\n<p>Escolas do Ensino B\u00e1sico 1\u00ba, 2\u00ba e 3\u00ba Ciclo do Concelho de \u00c9vora<\/p>\n<p>&nbsp;<\/p>\n<h4><strong>Calendariza\u00e7\u00e3o<\/strong><\/h4>\n<p>Todo o ano letivo<\/p>\n<p>&nbsp;<\/p>\n<h4><strong>Local<\/strong><\/h4>\n<p>Nas escolas e na caminhada das escolas<\/p>\n<p>&nbsp;<\/p>\n<h4><strong>Resumo\/Sinopse<\/strong><\/h4>\n<p>O jogo decorre nas escolas durante duas semanas. Anualmente \u00e9 agendada, em articula\u00e7\u00e3o com os Agrupamentos de escolas, a DGESTE, a PSP, a ARS e o IPDJ, a caminhada das escolas que \u00e9 integrada na Comemora\u00e7\u00e3o do Dia Mundial da Sa\u00fade. \u00c9 uma caminhada para alunos, professores e pessoal n\u00e3o docente na sequ\u00eancia do Jogo de mobilidade sustent\u00e1vel Serpente Papa-L\u00e9guas, em que os alunos das escolas b\u00e1sicas de \u00c9vora t\u00eam vindo a participar.<\/p>\n<p>&nbsp;<\/p>\n<h4><strong>Contactos<\/strong><\/h4>\n<p><u>Telefone<\/u>: <a href=\"tel:+351266777000\" target=\"_blank\" rel=\"noopener\">+351 266 777 000<\/a> \u00abChamada para a rede fixa nacional\u00bb<\/p>\n<p><u>Email<\/u>:\u00a0<a href=\"mailto:cmevora@cm-evora.pt\" target=\"_blank\" rel=\"noopener\">cmevora@cm-evora.pt<\/a><u><\/u><\/p>\n","protected":false},"excerpt":{"rendered":"<p>Traffic Snake Game &#8211; A Serpente Papa-L\u00e9guas \u2013 Jogo da Mobilidade Sustent\u00e1vel &nbsp; Promotor C\u00e2mara Municipal de \u00c9vora &#8211; Divis\u00e3o de Juventude e Desporto &nbsp; Respons\u00e1vel &nbsp; &nbsp; Entidades Parceiras Agrupamento de Escolas &nbsp; Objetivos Gerais: Promover a utiliza\u00e7\u00e3o de meios de transporte sustent\u00e1veis nas viagens casa-escola, como sejam, andar a p\u00e9, de bicicleta, transportes [&hellip;]<\/p>\n","protected":false},"author":45,"featured_media":0,"parent":14190,"menu_order":20,"comment_status":"closed","ping_status":"closed","template":"templates-map\/component-text-layout1.php","meta":{"_acf_changed":false,"footnotes":""},"categories":[],"class_list":["post-17977","page","type-page","status-publish","hentry"],"acf":{"imagens":"","titulo_docs_seccao":"","documentos":[68386]},"_links":{"self":[{"href":"https:\/\/www.cm-evora.pt\/en\/wp-json\/wp\/v2\/pages\/17977","targetHints":{"allow":["GET"]}}],"collection":[{"href":"https:\/\/www.cm-evora.pt\/en\/wp-json\/wp\/v2\/pages"}],"about":[{"href":"https:\/\/www.cm-evora.pt\/en\/wp-json\/wp\/v2\/types\/page"}],"author":[{"embeddable":true,"href":"https:\/\/www.cm-evora.pt\/en\/wp-json\/wp\/v2\/users\/45"}],"replies":[{"embeddable":true,"href":"https:\/\/www.cm-evora.pt\/en\/wp-json\/wp\/v2\/comments?post=17977"}],"version-history":[{"count":12,"href":"https:\/\/www.cm-evora.pt\/en\/wp-json\/wp\/v2\/pages\/17977\/revisions"}],"predecessor-version":[{"id":77417,"href":"https:\/\/www.cm-evora.pt\/en\/wp-json\/wp\/v2\/pages\/17977\/revisions\/77417"}],"up":[{"embeddable":true,"href":"https:\/\/www.cm-evora.pt\/en\/wp-json\/wp\/v2\/pages\/14190"}],"acf:post":[{"embeddable":true,"href":"https:\/\/www.cm-evora.pt\/en\/wp-json\/wp\/v2\/listas_ficheiros\/68386"}],"wp:attachment":[{"href":"https:\/\/www.cm-evora.pt\/en\/wp-json\/wp\/v2\/media?parent=17977"}],"wp:term":[{"taxonomy":"category","embeddable":true,"href":"https:\/\/www.cm-evora.pt\/en\/wp-json\/wp\/v2\/categories?post=17977"}],"curies":[{"name":"wp","href":"https:\/\/api.w.org\/{rel}","templated":true}]}}