{"id":17979,"date":"2021-01-05T23:00:01","date_gmt":"2021-01-05T23:00:01","guid":{"rendered":"https:\/\/www.cm-evora.pt\/?page_id=17979"},"modified":"2026-03-03T09:47:12","modified_gmt":"2026-03-03T09:47:12","slug":"unidade-museologica-cea-itinerario-expositivo","status":"publish","type":"page","link":"https:\/\/www.cm-evora.pt\/en\/municipe\/projetos-municipais\/pel-projeto-educativo-local\/projetos-educativos\/unidade-museologica-cea-itinerario-expositivo\/","title":{"rendered":"Unidade Museol\u00f3gica CEA &#8211; Itiner\u00e1rio Expositivo"},"content":{"rendered":"<p><\/p>\n<h3 style=\"text-align: center\"><strong>Unidade Museol\u00f3gica Central Elevat\u00f3ria de \u00c1gua \u2013 Itiner\u00e1rio Expositivo<\/strong><\/h3>\n<p style=\"text-align: center\"><a href=\"https:\/\/www.cm-evora.pt\/wp-content\/uploads\/2020\/07\/LogoCEA-1_1920.jpg\"><img loading=\"lazy\" decoding=\"async\" class=\"alignnone size-full wp-image-41941\" src=\"https:\/\/www.cm-evora.pt\/wp-content\/uploads\/2020\/07\/LogoCEA-1_1920.jpg\" alt=\"\" width=\"1920\" height=\"1369\" srcset=\"https:\/\/www.cm-evora.pt\/wp-content\/uploads\/2020\/07\/LogoCEA-1_1920.jpg 1920w, https:\/\/www.cm-evora.pt\/wp-content\/uploads\/2020\/07\/LogoCEA-1_1920-300x214.jpg 300w, https:\/\/www.cm-evora.pt\/wp-content\/uploads\/2020\/07\/LogoCEA-1_1920-1024x730.jpg 1024w, https:\/\/www.cm-evora.pt\/wp-content\/uploads\/2020\/07\/LogoCEA-1_1920-768x548.jpg 768w, https:\/\/www.cm-evora.pt\/wp-content\/uploads\/2020\/07\/LogoCEA-1_1920-1536x1095.jpg 1536w, https:\/\/www.cm-evora.pt\/wp-content\/uploads\/2020\/07\/LogoCEA-1_1920-1320x941.jpg 1320w\" sizes=\"auto, (max-width: 1920px) 100vw, 1920px\" \/><\/a><\/p>\n<div class=\"mceTemp\"><\/div>\n<p>&nbsp;<\/p>\n<h4><strong>Entidade promotora e servi\u00e7o respons\u00e1vel<\/strong><\/h4>\n<p>C\u00e2mara Municipal de \u00c9vora &#8211; Divis\u00e3o da Cultura e Patrim\u00f3nio \u2013 Unidade Museol\u00f3gica CEA (da \u00c1gua)<\/p>\n<p>&nbsp;<\/p>\n<h4><strong>Nome da Respons\u00e1vel<\/strong><\/h4>\n<p>Maria da Concei\u00e7\u00e3o Rodrigues<\/p>\n<p>&nbsp;<\/p>\n<h4><strong>Objetivos<\/strong><\/h4>\n<ul>\n<li style=\"list-style-type: none\">\n<ul>\n<li>Dar a conhecer a antiga Central Elevat\u00f3ria de \u00c1gua.<\/li>\n<\/ul>\n<\/li>\n<\/ul>\n<p>&nbsp;<\/p>\n<h4><strong>P\u00fablico-alvo<\/strong><\/h4>\n<p>Todos os n\u00edveis de ensino (com adapta\u00e7\u00e3o para cada n\u00edvel) e grupos organizados.<\/p>\n<p>&nbsp;<\/p>\n<h4><strong>Calendariza\u00e7\u00e3o<\/strong><\/h4>\n<p>Todo o ano. Por Marca\u00e7\u00e3o, dias de semana e domingos de manh\u00e3<\/p>\n<p>&nbsp;<\/p>\n<h4><strong>Resumo\/Sinopse<\/strong><\/h4>\n<p>Apresenta <em>Percursos e Mem\u00f3rias da \u00c1gua em \u00c9vora<\/em>.<\/p>\n<p>Dois itiner\u00e1rios de car\u00e1ter hist\u00f3rico para frui\u00e7\u00e3o p\u00fablica do patrim\u00f3nio hidr\u00e1ulico municipal e do seu acervo de pe\u00e7as \u00e0 guarda do Museu Nacional Frei Manuel do Cen\u00e1culo.<\/p>\n<p>Desde o Aqueduto da \u00c1gua da Prata, passando pelas Termas Romanas, pela Caixa de \u00c1gua da Rua Nova a fontes, chafarizes e outros equipamentos relacionados com o abastecimento de \u00e1gua a \u00c9vora, \u00e9 na Central Elevat\u00f3ria de \u00c1gua que \u00e9 poss\u00edvel ver uma exposi\u00e7\u00e3o permanente acerca desta tem\u00e1tica.<\/p>\n<p>&nbsp;<\/p>\n<h4><strong>Visitar para Conhecer | <\/strong>Visitas Orientadas<\/h4>\n<ul>\n<li style=\"list-style-type: none\">\n<ul>\n<li><span style=\"text-decoration: underline\">Percursos e Mem\u00f3rias da \u00c1gua em \u00c9vora<\/span>\n<ul>\n<li><strong>Percurso Intramuros<\/strong>\n<ul>\n<li>Aqueduto da \u00c1gua da Prata<\/li>\n<li>Termas Romanas<\/li>\n<li>Caixa de \u00c1gua da Rua Nova<\/li>\n<li>Fonte da Pra\u00e7a de Giraldo<\/li>\n<li>Pa\u00e7o Real de \u00c9vora<\/li>\n<li>Fonte-Chafariz da Porta de Moura<\/li>\n<li>Fontan\u00e1rio do Largo do Esp\u00edrito Santo<\/li>\n<li>Museu Nacional Frei Manuel do Cen\u00e1culo<\/li>\n<li>Templo Romano<\/li>\n<li>Central Elevat\u00f3ria de \u00c1gua | Unidade Museol\u00f3gica<\/li>\n<\/ul>\n<\/li>\n<li><strong>Percurso Extramuros<\/strong>\n<ul>\n<li>Fonte da Porta Nova<\/li>\n<li>Chafariz dos Le\u00f5es<\/li>\n<li>Chafariz d\u2019El Rei<\/li>\n<li>Fonte-Chafariz do Rossio de S. Br\u00e1s<\/li>\n<li>Fonte Nova<\/li>\n<li>Fonte Claustral do Convento<\/li>\n<\/ul>\n<\/li>\n<\/ul>\n<\/li>\n<\/ul>\n<\/li>\n<\/ul>\n<p>&nbsp;<\/p>\n<h4><strong>Lota\u00e7\u00e3o<\/strong><\/h4>\n<p>28 participantes<\/p>\n<p>&nbsp;<\/p>\n<h4><strong>Dura\u00e7\u00e3o<\/strong><\/h4>\n<p>90 min.<\/p>\n<p>&nbsp;<\/p>\n<h4><strong>Local<\/strong><\/h4>\n<p><span style=\"text-decoration: underline\">Percurso Intramuros<\/span>: Encontro no Chafariz da Rua do Muro<\/p>\n<p><span style=\"text-decoration: underline\">Percurso Extramuros<\/span>: Encontro na Fonte da Porta Nova no Largo de Avis<\/p>\n<p>&nbsp;<\/p>\n<h4><strong>Contactos<\/strong><\/h4>\n<p><u>Telefone<\/u>: <a href=\"tel:+351266777000\" target=\"_blank\" rel=\"noopener\">+351 266 777 000<\/a> \u00abChamada para a rede fixa nacional\u00bb<\/p>\n<p><u>Email<\/u>: <u><a href=\"mailto:conceicao.rodrigues@cm-evora.pt\" target=\"_blank\" rel=\"noopener\">conceicao.rodrigues@cm-evora.pt<\/a><\/u><\/p>\n<p>&nbsp;<\/p>\n<h4><strong>Mais informa\u00e7\u00f5es<\/strong><\/h4>\n<ul>\n<li><a href=\"https:\/\/www.cm-evora.pt\/locais\/unidade-museologica-cea-antiga-central-elevatoria-de-agua\/?mp=19591&amp;mc=2625\" target=\"_blank\" rel=\"noopener\">Unidade Museol\u00f3gica CEA-antiga Central Elevat\u00f3ria de \u00c1gua<\/a><\/li>\n<\/ul>\n<p><\/p>","protected":false},"excerpt":{"rendered":"<p>Unidade Museol\u00f3gica Central Elevat\u00f3ria de \u00c1gua \u2013 Itiner\u00e1rio Expositivo &nbsp; Entidade promotora e servi\u00e7o respons\u00e1vel C\u00e2mara Municipal de \u00c9vora &#8211; Divis\u00e3o da Cultura e Patrim\u00f3nio \u2013 Unidade Museol\u00f3gica CEA (da \u00c1gua) &nbsp; Nome da Respons\u00e1vel Maria da Concei\u00e7\u00e3o Rodrigues &nbsp; Objetivos Dar a conhecer a antiga Central Elevat\u00f3ria de \u00c1gua. &nbsp; P\u00fablico-alvo Todos os n\u00edveis [&hellip;]<\/p>\n","protected":false},"author":45,"featured_media":0,"parent":14190,"menu_order":21,"comment_status":"closed","ping_status":"closed","template":"templates-map\/component-text-layout1.php","meta":{"_acf_changed":false,"footnotes":""},"categories":[],"class_list":["post-17979","page","type-page","status-publish","hentry"],"acf":{"imagens":"","titulo_docs_seccao":"","documentos":""},"_links":{"self":[{"href":"https:\/\/www.cm-evora.pt\/en\/wp-json\/wp\/v2\/pages\/17979","targetHints":{"allow":["GET"]}}],"collection":[{"href":"https:\/\/www.cm-evora.pt\/en\/wp-json\/wp\/v2\/pages"}],"about":[{"href":"https:\/\/www.cm-evora.pt\/en\/wp-json\/wp\/v2\/types\/page"}],"author":[{"embeddable":true,"href":"https:\/\/www.cm-evora.pt\/en\/wp-json\/wp\/v2\/users\/45"}],"replies":[{"embeddable":true,"href":"https:\/\/www.cm-evora.pt\/en\/wp-json\/wp\/v2\/comments?post=17979"}],"version-history":[{"count":15,"href":"https:\/\/www.cm-evora.pt\/en\/wp-json\/wp\/v2\/pages\/17979\/revisions"}],"predecessor-version":[{"id":82046,"href":"https:\/\/www.cm-evora.pt\/en\/wp-json\/wp\/v2\/pages\/17979\/revisions\/82046"}],"up":[{"embeddable":true,"href":"https:\/\/www.cm-evora.pt\/en\/wp-json\/wp\/v2\/pages\/14190"}],"wp:attachment":[{"href":"https:\/\/www.cm-evora.pt\/en\/wp-json\/wp\/v2\/media?parent=17979"}],"wp:term":[{"taxonomy":"category","embeddable":true,"href":"https:\/\/www.cm-evora.pt\/en\/wp-json\/wp\/v2\/categories?post=17979"}],"curies":[{"name":"wp","href":"https:\/\/api.w.org\/{rel}","templated":true}]}}