{"id":17998,"date":"2021-01-05T23:17:24","date_gmt":"2021-01-05T23:17:24","guid":{"rendered":"https:\/\/www.cm-evora.pt\/?page_id=17998"},"modified":"2025-09-01T09:56:06","modified_gmt":"2025-09-01T08:56:06","slug":"banco-manuais-escolares","status":"publish","type":"page","link":"https:\/\/www.cm-evora.pt\/en\/municipe\/projetos-municipais\/pel-projeto-educativo-local\/apoio-as-escolas\/banco-manuais-escolares\/","title":{"rendered":"Banco Manuais Escolares"},"content":{"rendered":"<div>\n<h4 style=\"text-align: center\"><a href=\"https:\/\/www.cm-evora.pt\/wp-content\/uploads\/2021\/05\/ManuaisEscolares_02-05-scaled.jpg\"><img loading=\"lazy\" decoding=\"async\" class=\"alignnone size-full wp-image-23232\" src=\"https:\/\/www.cm-evora.pt\/wp-content\/uploads\/2021\/05\/ManuaisEscolares_02-05-scaled.jpg\" alt=\"\" width=\"2560\" height=\"867\" srcset=\"https:\/\/www.cm-evora.pt\/wp-content\/uploads\/2021\/05\/ManuaisEscolares_02-05-scaled.jpg 2560w, https:\/\/www.cm-evora.pt\/wp-content\/uploads\/2021\/05\/ManuaisEscolares_02-05-300x102.jpg 300w, https:\/\/www.cm-evora.pt\/wp-content\/uploads\/2021\/05\/ManuaisEscolares_02-05-1024x347.jpg 1024w, https:\/\/www.cm-evora.pt\/wp-content\/uploads\/2021\/05\/ManuaisEscolares_02-05-768x260.jpg 768w, https:\/\/www.cm-evora.pt\/wp-content\/uploads\/2021\/05\/ManuaisEscolares_02-05-1536x520.jpg 1536w, https:\/\/www.cm-evora.pt\/wp-content\/uploads\/2021\/05\/ManuaisEscolares_02-05-2048x693.jpg 2048w, https:\/\/www.cm-evora.pt\/wp-content\/uploads\/2021\/05\/ManuaisEscolares_02-05-1920x650.jpg 1920w, https:\/\/www.cm-evora.pt\/wp-content\/uploads\/2021\/05\/ManuaisEscolares_02-05-1320x447.jpg 1320w\" sizes=\"auto, (max-width: 2560px) 100vw, 2560px\" \/><\/a><\/h4>\n<\/div>\n<p>&nbsp;<\/p>\n<h4><strong>Promotor<\/strong><\/h4>\n<p>C\u00e2mara Municipal de \u00c9vora<\/p>\n<p>&nbsp;<\/p>\n<h4><strong>Entidades Parceiras<\/strong><\/h4>\n<p>Uni\u00f5es e Juntas de Freguesia | Associa\u00e7\u00f5es Juvenis | Escolas<\/p>\n<p>&nbsp;<\/p>\n<h4><strong>Objetivos<\/strong><\/h4>\n<ul>\n<li style=\"list-style-type: none\">\n<ul>\n<li><u>Gerais<\/u>:\n<ul>\n<li>Facilitar o estudo e promover o sucesso escolar a todos os jovens mun\u00edcipes.<\/li>\n<\/ul>\n<\/li>\n<li><u>Espec\u00edficos<\/u>:\n<ul>\n<li>Promover a partilha e rentabiliza\u00e7\u00e3o dos manuais escolares;<\/li>\n<li>Apoiar as fam\u00edlias, diminuindo os seus encargos com as despesas escolares;<\/li>\n<li>Promover comportamento ecol\u00f3gicos, contribuindo para poupar o ambiente e evitar o desperd\u00edcio;<\/li>\n<li>Promover atitudes de coopera\u00e7\u00e3o e solidariedade.<\/li>\n<\/ul>\n<\/li>\n<\/ul>\n<\/li>\n<\/ul>\n<p>&nbsp;<\/p>\n<h4><strong>P\u00fablico-Alvo<\/strong><\/h4>\n<p>Jovens estudantes do 2\u00ba e 3\u00ba Ciclos e Ensino Secund\u00e1rio de escolas do concelho.<\/p>\n<p>&nbsp;<\/p>\n<h4><strong>Calendariza\u00e7\u00e3o<\/strong><\/h4>\n<p>Ao longo do ano letivo<\/p>\n<p>&nbsp;<\/p>\n<h4><strong>Local<\/strong><\/h4>\n<p>P\u00e1tio do Salema<\/p>\n<p>&nbsp;<\/p>\n<h4><strong>Resumo\/Sinopse<\/strong><\/h4>\n<p>O Banco de Manuais Escolares funciona desde julho de 2012.<\/p>\n<p>Para al\u00e9m dos livros entregues diretamente pelos mun\u00edcipes no P\u00e1tio do Salema, existem v\u00e1rios pontos de recolha (escolas, juntas de freguesias \u2026) correspondendo a diferentes entidades que disponibilizam as suas sedes para recolha dos livros que posteriormente a autarquia transporta.<\/p>\n<p>&nbsp;<\/p>\n<h4><strong>Observa\u00e7\u00f5es<\/strong><\/h4>\n<p>Anualmente, s\u00e3o oferecidas centenas de manuais ao Banco, sendo que alguns que j\u00e1 n\u00e3o se encontrem atualizados s\u00e3o enviadas para o Banco Alimentar no \u00e2mbito da campanha \u201cTroca de pap\u00e9is por Alimentos\u201d.<\/p>\n<p>&nbsp;<\/p>\n<h4><strong>Contactos<\/strong><\/h4>\n<p><span style=\"text-decoration: underline\">Telefone<\/span>: <a href=\"tel:+351266777000\" target=\"_blank\" rel=\"noopener\">+351 266 777 000<\/a> \u00abChamada para a rede fica nacional\u00bb<\/p>\n<p><span style=\"text-decoration: underline\">Email<\/span>: <a href=\"mailto:palavraj@cm-evora.pt\" target=\"_blank\" rel=\"noopener\">palavraj@cm-evora.pt<\/a><\/p>\n<p><span style=\"text-decoration: underline\">Mais informa\u00e7\u00f5es<\/span> <a href=\"https:\/\/www.cm-evora.pt\/municipe\/areas-de-acao\/juventude\/programas-e-iniciativaspara-a-juventude\/banco-de-manuais-escolares\/\" target=\"_blank\" rel=\"noopener\">aqui<\/a>.<\/p>\n","protected":false},"excerpt":{"rendered":"<p>&nbsp; Promotor C\u00e2mara Municipal de \u00c9vora &nbsp; Entidades Parceiras Uni\u00f5es e Juntas de Freguesia | Associa\u00e7\u00f5es Juvenis | Escolas &nbsp; Objetivos Gerais: Facilitar o estudo e promover o sucesso escolar a todos os jovens mun\u00edcipes. Espec\u00edficos: Promover a partilha e rentabiliza\u00e7\u00e3o dos manuais escolares; Apoiar as fam\u00edlias, diminuindo os seus encargos com as despesas escolares; [&hellip;]<\/p>\n","protected":false},"author":45,"featured_media":0,"parent":17992,"menu_order":0,"comment_status":"closed","ping_status":"closed","template":"templates-map\/component-text-layout1.php","meta":{"_acf_changed":false,"footnotes":""},"categories":[],"class_list":["post-17998","page","type-page","status-publish","hentry"],"acf":{"imagens":"","titulo_docs_seccao":"","documentos":""},"_links":{"self":[{"href":"https:\/\/www.cm-evora.pt\/en\/wp-json\/wp\/v2\/pages\/17998","targetHints":{"allow":["GET"]}}],"collection":[{"href":"https:\/\/www.cm-evora.pt\/en\/wp-json\/wp\/v2\/pages"}],"about":[{"href":"https:\/\/www.cm-evora.pt\/en\/wp-json\/wp\/v2\/types\/page"}],"author":[{"embeddable":true,"href":"https:\/\/www.cm-evora.pt\/en\/wp-json\/wp\/v2\/users\/45"}],"replies":[{"embeddable":true,"href":"https:\/\/www.cm-evora.pt\/en\/wp-json\/wp\/v2\/comments?post=17998"}],"version-history":[{"count":14,"href":"https:\/\/www.cm-evora.pt\/en\/wp-json\/wp\/v2\/pages\/17998\/revisions"}],"predecessor-version":[{"id":77431,"href":"https:\/\/www.cm-evora.pt\/en\/wp-json\/wp\/v2\/pages\/17998\/revisions\/77431"}],"up":[{"embeddable":true,"href":"https:\/\/www.cm-evora.pt\/en\/wp-json\/wp\/v2\/pages\/17992"}],"wp:attachment":[{"href":"https:\/\/www.cm-evora.pt\/en\/wp-json\/wp\/v2\/media?parent=17998"}],"wp:term":[{"taxonomy":"category","embeddable":true,"href":"https:\/\/www.cm-evora.pt\/en\/wp-json\/wp\/v2\/categories?post=17998"}],"curies":[{"name":"wp","href":"https:\/\/api.w.org\/{rel}","templated":true}]}}