{"id":18000,"date":"2021-01-05T23:18:19","date_gmt":"2021-01-05T23:18:19","guid":{"rendered":"https:\/\/www.cm-evora.pt\/?page_id=18000"},"modified":"2025-09-01T10:27:33","modified_gmt":"2025-09-01T09:27:33","slug":"programa-municipal-conhecer-mais","status":"publish","type":"page","link":"https:\/\/www.cm-evora.pt\/en\/municipe\/projetos-municipais\/pel-projeto-educativo-local\/apoio-as-escolas\/programa-municipal-conhecer-mais\/","title":{"rendered":"Programa Municipal &#8220;Conhecer Mais&#8221;"},"content":{"rendered":"<h3 style=\"text-align: center\"><strong>Transporte<\/strong><\/h3>\n<p style=\"text-align: center\"><img loading=\"lazy\" decoding=\"async\" class=\"alignnone wp-image-77433 size-large\" src=\"https:\/\/www.cm-evora.pt\/wp-content\/uploads\/2025\/09\/ProgramaConhecerMais-1024x650.jpg\" alt=\"\" width=\"1024\" height=\"650\" srcset=\"https:\/\/www.cm-evora.pt\/wp-content\/uploads\/2025\/09\/ProgramaConhecerMais-1024x650.jpg 1024w, https:\/\/www.cm-evora.pt\/wp-content\/uploads\/2025\/09\/ProgramaConhecerMais-300x190.jpg 300w, https:\/\/www.cm-evora.pt\/wp-content\/uploads\/2025\/09\/ProgramaConhecerMais-768x488.jpg 768w, https:\/\/www.cm-evora.pt\/wp-content\/uploads\/2025\/09\/ProgramaConhecerMais-1536x975.jpg 1536w, https:\/\/www.cm-evora.pt\/wp-content\/uploads\/2025\/09\/ProgramaConhecerMais-1320x838.jpg 1320w, https:\/\/www.cm-evora.pt\/wp-content\/uploads\/2025\/09\/ProgramaConhecerMais.jpg 1920w\" sizes=\"auto, (max-width: 1024px) 100vw, 1024px\" \/><\/p>\n<p>&nbsp;<\/p>\n<h4><strong>Promotor<\/strong><\/h4>\n<p>C\u00e2mara Municipal de \u00c9vora &#8211; Divis\u00e3o de Educa\u00e7\u00e3o e Interven\u00e7\u00e3o Social<\/p>\n<p>&nbsp;<\/p>\n<h4><strong>Respons\u00e1vel<\/strong><\/h4>\n<p>Vic\u00eancia Cominho | Isalina Pereira<\/p>\n<p>&nbsp;<\/p>\n<h4><strong>Objetivos<\/strong><\/h4>\n<p>Promover o enriquecimento pessoal, cultural e educativo dos mun\u00edcipes do concelho, num trabalho pr\u00f3ximo, de parceria, com as institui\u00e7\u00f5es da \u00e1rea educativa e social.<\/p>\n<p>&nbsp;<\/p>\n<h4><strong>P\u00fablico-alvo<\/strong><\/h4>\n<ul>\n<li style=\"list-style-type: none\">\n<ul>\n<li>Estabelecimentos de educa\u00e7\u00e3o e ensino da rede p\u00fablica e da rede solid\u00e1ria e privada (sem fins lucrativos);<\/li>\n<li>Entidades de car\u00e1ter social sem fins lucrativos do concelho de \u00c9vora;<\/li>\n<li>Juntas e Uni\u00f5es de Freguesia.<\/li>\n<\/ul>\n<\/li>\n<\/ul>\n<p>&nbsp;<\/p>\n<h4><strong>Calendariza\u00e7\u00e3o<\/strong><\/h4>\n<ul>\n<li style=\"list-style-type: none\">\n<ul>\n<li><u>Durante o per\u00edodo letivo<\/u>, as iniciativas que integram o programa s\u00e3o atividades de enriquecimento curricular dos estabelecimentos de Educa\u00e7\u00e3o e Ensino da Rede P\u00fablica.<\/li>\n<li><u>Durante os per\u00edodos n\u00e3o letivos<\/u>, as iniciativas que integram o programa s\u00e3o as dinamizadas por estabelecimentos de ensino e educa\u00e7\u00e3o da Rede Solid\u00e1ria e Privada (sem fins lucrativos), entidades de car\u00e1ter social sem fins lucrativos e Juntas e Uni\u00f5es de Freguesia.<\/li>\n<\/ul>\n<\/li>\n<\/ul>\n<p>&nbsp;<\/p>\n<h4><strong>Lota\u00e7\u00e3o<\/strong><\/h4>\n<p>Mediante disponibilidade de recursos do Munic\u00edpio.<\/p>\n<p>&nbsp;<\/p>\n<h4><strong>Local<\/strong><\/h4>\n<p>Territ\u00f3rio nacional, de acordo com o cap. III, n.\u00ba 4 das Normas do Programa Municipal \u201cConhecer Mais\u201d.<\/p>\n<p>&nbsp;<\/p>\n<h4><strong>Resumo\/Sinopse<\/strong><\/h4>\n<p>Este programa visa esbater assimetrias e promover a igualdade de oportunidades, sobretudo, junto das popula\u00e7\u00f5es mais vulner\u00e1veis, nomeadamente: crian\u00e7as, idosos, pessoas portadoras de defici\u00eancia.<\/p>\n<p>&nbsp;<\/p>\n<h4><strong>Observa\u00e7\u00f5es<\/strong><\/h4>\n<p>Todos os pedidos s\u00e3o da inteira responsabilidade das entidades requerentes, mediante o preenchimento obrigat\u00f3rio de uma ficha de pedido.<\/p>\n<p>Consulte as normas em <a href=\"https:\/\/www.cm-evora.pt\/wp-content\/uploads\/2021\/01\/Normas_Programa-Municipal-Conhecer-Mais.pdf\" target=\"_blank\" rel=\"noopener\">Normas Programa Municipal &#8220;Conhecer Mais&#8221;<\/a>.<\/p>\n<p><a href=\"https:\/\/www.cm-evora.pt\/wp-content\/uploads\/2025\/02\/FICHA_PEDIDO_TRANSPORTE_2025-.pdf\" target=\"_blank\" rel=\"noopener\">Formul\u00e1rio de Pedido de Transporte.pdf<\/a><\/p>\n<p>&nbsp;<\/p>\n<h4><strong>Contactos<\/strong><\/h4>\n<p><u>Telefone<\/u>: <a href=\"tel:+351266777000\" target=\"_blank\" rel=\"noopener\">+351 266 777 000<\/a> \u00abChamada para a rede fixa nacional\u00bb<\/p>\n<p><u>Email<\/u>: <a href=\"mailto:cme.deis@cm-evora.pt\" target=\"_blank\" rel=\"noopener\">cme.deis@cm-evora.pt<\/a><u><\/u><\/p>\n","protected":false},"excerpt":{"rendered":"<p>Transporte &nbsp; Promotor C\u00e2mara Municipal de \u00c9vora &#8211; Divis\u00e3o de Educa\u00e7\u00e3o e Interven\u00e7\u00e3o Social &nbsp; Respons\u00e1vel Vic\u00eancia Cominho | Isalina Pereira &nbsp; Objetivos Promover o enriquecimento pessoal, cultural e educativo dos mun\u00edcipes do concelho, num trabalho pr\u00f3ximo, de parceria, com as institui\u00e7\u00f5es da \u00e1rea educativa e social. &nbsp; P\u00fablico-alvo Estabelecimentos de educa\u00e7\u00e3o e ensino da [&hellip;]<\/p>\n","protected":false},"author":45,"featured_media":0,"parent":17992,"menu_order":1,"comment_status":"closed","ping_status":"closed","template":"templates-map\/component-text-layout1.php","meta":{"_acf_changed":false,"footnotes":""},"categories":[],"class_list":["post-18000","page","type-page","status-publish","hentry"],"acf":{"imagens":"","titulo_docs_seccao":"","documentos":[18422,19876]},"_links":{"self":[{"href":"https:\/\/www.cm-evora.pt\/en\/wp-json\/wp\/v2\/pages\/18000","targetHints":{"allow":["GET"]}}],"collection":[{"href":"https:\/\/www.cm-evora.pt\/en\/wp-json\/wp\/v2\/pages"}],"about":[{"href":"https:\/\/www.cm-evora.pt\/en\/wp-json\/wp\/v2\/types\/page"}],"author":[{"embeddable":true,"href":"https:\/\/www.cm-evora.pt\/en\/wp-json\/wp\/v2\/users\/45"}],"replies":[{"embeddable":true,"href":"https:\/\/www.cm-evora.pt\/en\/wp-json\/wp\/v2\/comments?post=18000"}],"version-history":[{"count":17,"href":"https:\/\/www.cm-evora.pt\/en\/wp-json\/wp\/v2\/pages\/18000\/revisions"}],"predecessor-version":[{"id":77434,"href":"https:\/\/www.cm-evora.pt\/en\/wp-json\/wp\/v2\/pages\/18000\/revisions\/77434"}],"up":[{"embeddable":true,"href":"https:\/\/www.cm-evora.pt\/en\/wp-json\/wp\/v2\/pages\/17992"}],"acf:post":[{"embeddable":true,"href":"https:\/\/www.cm-evora.pt\/en\/wp-json\/wp\/v2\/listas_ficheiros\/19876"},{"embeddable":true,"href":"https:\/\/www.cm-evora.pt\/en\/wp-json\/wp\/v2\/listas_ficheiros\/18422"}],"wp:attachment":[{"href":"https:\/\/www.cm-evora.pt\/en\/wp-json\/wp\/v2\/media?parent=18000"}],"wp:term":[{"taxonomy":"category","embeddable":true,"href":"https:\/\/www.cm-evora.pt\/en\/wp-json\/wp\/v2\/categories?post=18000"}],"curies":[{"name":"wp","href":"https:\/\/api.w.org\/{rel}","templated":true}]}}