{"id":18002,"date":"2021-01-05T23:19:16","date_gmt":"2021-01-05T23:19:16","guid":{"rendered":"https:\/\/www.cm-evora.pt\/?page_id=18002"},"modified":"2025-09-01T10:50:26","modified_gmt":"2025-09-01T09:50:26","slug":"mutic4","status":"publish","type":"page","link":"https:\/\/www.cm-evora.pt\/en\/municipe\/projetos-municipais\/pel-projeto-educativo-local\/apoio-as-escolas\/mutic4\/","title":{"rendered":"MUTIC"},"content":{"rendered":"<h3 style=\"text-align: center\"><strong>Unidade de Apoio Tecnol\u00f3gico do Munic\u00edpio de \u00c9vora<\/strong><\/h3>\n<p style=\"text-align: center\"><a href=\"https:\/\/www.cm-evora.pt\/wp-content\/uploads\/2021\/07\/CorrigidoFinal_BannerSite_MUTIC_01-scaled.jpeg\" target=\"_blank\" rel=\"noopener\"><img loading=\"lazy\" decoding=\"async\" class=\"alignnone wp-image-24709 size-full\" src=\"https:\/\/www.cm-evora.pt\/wp-content\/uploads\/2021\/07\/CorrigidoFinal_BannerSite_MUTIC_01-scaled.jpeg\" alt=\"\" width=\"2560\" height=\"1092\" srcset=\"https:\/\/www.cm-evora.pt\/wp-content\/uploads\/2021\/07\/CorrigidoFinal_BannerSite_MUTIC_01-scaled.jpeg 2560w, https:\/\/www.cm-evora.pt\/wp-content\/uploads\/2021\/07\/CorrigidoFinal_BannerSite_MUTIC_01-300x128.jpeg 300w, https:\/\/www.cm-evora.pt\/wp-content\/uploads\/2021\/07\/CorrigidoFinal_BannerSite_MUTIC_01-1024x437.jpeg 1024w, https:\/\/www.cm-evora.pt\/wp-content\/uploads\/2021\/07\/CorrigidoFinal_BannerSite_MUTIC_01-768x328.jpeg 768w, https:\/\/www.cm-evora.pt\/wp-content\/uploads\/2021\/07\/CorrigidoFinal_BannerSite_MUTIC_01-1536x655.jpeg 1536w, https:\/\/www.cm-evora.pt\/wp-content\/uploads\/2021\/07\/CorrigidoFinal_BannerSite_MUTIC_01-2048x874.jpeg 2048w, https:\/\/www.cm-evora.pt\/wp-content\/uploads\/2021\/07\/CorrigidoFinal_BannerSite_MUTIC_01-1320x563.jpeg 1320w\" sizes=\"auto, (max-width: 2560px) 100vw, 2560px\" \/><\/a><\/p>\n<p>&nbsp;<\/p>\n<h4><strong>Promotor<\/strong><\/h4>\n<p>C\u00e2mara Municipal de \u00c9vora &#8211; Divis\u00e3o de Inform\u00e1tica e Tecnologias da Informa\u00e7\u00e3o<\/p>\n<p>&nbsp;<\/p>\n<h4><strong>Respons\u00e1vel<\/strong><\/h4>\n<p>Nelson Carrasco<\/p>\n<p>&nbsp;<\/p>\n<h4><strong>Objetivos<\/strong><\/h4>\n<ul>\n<li style=\"list-style-type: none\">\n<ul>\n<li><u>Gerais<\/u>:\n<ul>\n<li>Fazer a gest\u00e3o e a manuten\u00e7\u00e3o do parque tecnol\u00f3gico exterior \u00e0 autarquia;<\/li>\n<li>Contribuir para a dinamiza\u00e7\u00e3o da utiliza\u00e7\u00e3o de tecnologias;<\/li>\n<li>Contribuir para a promo\u00e7\u00e3o da literacia digital;<\/li>\n<li>Combater a infoexclus\u00e3o.<\/li>\n<\/ul>\n<\/li>\n<li><u>Espec\u00edficos<\/u>:\n<ul>\n<li>Inventariar recursos e sistemas existentes (computadores, comunica\u00e7\u00f5es, perif\u00e9ricos, software, ergonomia, etc&#8230;);<\/li>\n<li>Definir o programa de normaliza\u00e7\u00e3o de recursos e procedimentos;<\/li>\n<li>Implementar solu\u00e7\u00f5es de reposi\u00e7\u00e3o de configura\u00e7\u00f5es e software;<\/li>\n<li>Efetuar a recolha e reciclagem de equipamentos de sucata e reposi\u00e7\u00e3o de equipamentos normalizados;<\/li>\n<li>Prestar apoio a utilizadores;<\/li>\n<li>Efetuar a instala\u00e7\u00e3o, manuten\u00e7\u00e3o e remo\u00e7\u00e3o de hardware e software em Escolas e Juntas de Freguesia, assim como em agentes cujos equipamentos tenham sido oferecidos ou apoiados pela autarquia;<\/li>\n<li>Garantir a utiliza\u00e7\u00e3o de software original em todos os equipamentos que estejam sob a responsabilidade da autarquia;<\/li>\n<li>Apoiar a realiza\u00e7\u00e3o de a\u00e7\u00f5es ou iniciativas que envolvam recursos inform\u00e1ticos, sejam estas promovidas ou apoiadas pela CME.<\/li>\n<\/ul>\n<\/li>\n<\/ul>\n<\/li>\n<\/ul>\n<p>&nbsp;<\/p>\n<h4><strong>P\u00fablico-Alvo<\/strong><\/h4>\n<p>Estabelecimentos de ensino p\u00fablico do concelho de \u00c9vora &#8211; professores e alunos<\/p>\n<p>&nbsp;<\/p>\n<h4>Calendariza\u00e7\u00e3o<\/h4>\n<p>Todo o ano<\/p>\n<p>&nbsp;<\/p>\n<h4><strong>Local<\/strong><\/h4>\n<p>Itinerante<\/p>\n<p>&nbsp;<\/p>\n<h4><strong>Resumo\/Sinopse<\/strong><\/h4>\n<p>Unidade m\u00f3vel vocacionada para fazer a gest\u00e3o e a manuten\u00e7\u00e3o do parque tecnol\u00f3gico exterior \u00e0 autarquia, promovendo a dinamiza\u00e7\u00e3o da utiliza\u00e7\u00e3o de tecnologias e da literacia digital.<\/p>\n<p>Cabe ao MuTIC inventariar recursos e sistemas existentes (computadores, comunica\u00e7\u00f5es, perif\u00e9ricos, software, ergonomia, etc&#8230;), definir o programa de normaliza\u00e7\u00e3o de recursos e procedimentos, efetuar a instala\u00e7\u00e3o, manuten\u00e7\u00e3o e remo\u00e7\u00e3o de hardware e software em escolas, assim como implementar solu\u00e7\u00f5es de reposi\u00e7\u00e3o de configura\u00e7\u00f5es e software. Esta unidade faz ainda a recolha e reciclagem de equipamentos de sucata e reposi\u00e7\u00e3o de equipamentos normalizados.<\/p>\n<p>&nbsp;<\/p>\n<h4><strong>Pedido de Assist\u00eancia<\/strong><\/h4>\n<p><a href=\"https:\/\/www.cm-evora.pt\/mutic\/pedido-de-assistencia\/\" target=\"_blank\" rel=\"noopener\">https:\/\/www.cm-evora.pt\/mutic\/pedido-de-assistencia\/<\/a><\/p>\n<p>&nbsp;<\/p>\n<h4><strong>Contactos<\/strong><\/h4>\n<p><u>Telefone<\/u>:<\/p>\n<ul>\n<li style=\"list-style-type: none\">\n<ul>\n<li><a href=\"tel:+351966898270\" target=\"_blank\" rel=\"noopener\">+351 966 898 270<\/a> \u00abChamada para rede m\u00f3vel nacional\u00bb<\/li>\n<li><a href=\"tel:+351266777012\" target=\"_blank\" rel=\"noopener\">+351 266 777 012<\/a> \u00abChamada para rede fixa nacional\u00bb<\/li>\n<\/ul>\n<\/li>\n<\/ul>\n<p><u>Email<\/u>: <u><a href=\"mailto:mutic@cm-evora.pt\" target=\"_blank\" rel=\"noopener\">mutic@cm-evora.pt<\/a><\/u><\/p>\n<p><span style=\"text-decoration: underline\">Website<\/span>: <a href=\"https:\/\/www.cm-evora.pt\/mutic\/\" target=\"_blank\" rel=\"noopener\">https:\/\/www.cm-evora.pt\/mutic\/<\/a><\/p>\n","protected":false},"excerpt":{"rendered":"<p>Unidade de Apoio Tecnol\u00f3gico do Munic\u00edpio de \u00c9vora &nbsp; Promotor C\u00e2mara Municipal de \u00c9vora &#8211; Divis\u00e3o de Inform\u00e1tica e Tecnologias da Informa\u00e7\u00e3o &nbsp; Respons\u00e1vel Nelson Carrasco &nbsp; Objetivos Gerais: Fazer a gest\u00e3o e a manuten\u00e7\u00e3o do parque tecnol\u00f3gico exterior \u00e0 autarquia; Contribuir para a dinamiza\u00e7\u00e3o da utiliza\u00e7\u00e3o de tecnologias; Contribuir para a promo\u00e7\u00e3o da literacia [&hellip;]<\/p>\n","protected":false},"author":45,"featured_media":0,"parent":17992,"menu_order":2,"comment_status":"closed","ping_status":"closed","template":"templates-map\/component-text-layout1.php","meta":{"_acf_changed":false,"footnotes":""},"categories":[],"class_list":["post-18002","page","type-page","status-publish","hentry"],"acf":{"imagens":"","titulo_docs_seccao":"","documentos":""},"_links":{"self":[{"href":"https:\/\/www.cm-evora.pt\/en\/wp-json\/wp\/v2\/pages\/18002","targetHints":{"allow":["GET"]}}],"collection":[{"href":"https:\/\/www.cm-evora.pt\/en\/wp-json\/wp\/v2\/pages"}],"about":[{"href":"https:\/\/www.cm-evora.pt\/en\/wp-json\/wp\/v2\/types\/page"}],"author":[{"embeddable":true,"href":"https:\/\/www.cm-evora.pt\/en\/wp-json\/wp\/v2\/users\/45"}],"replies":[{"embeddable":true,"href":"https:\/\/www.cm-evora.pt\/en\/wp-json\/wp\/v2\/comments?post=18002"}],"version-history":[{"count":13,"href":"https:\/\/www.cm-evora.pt\/en\/wp-json\/wp\/v2\/pages\/18002\/revisions"}],"predecessor-version":[{"id":77435,"href":"https:\/\/www.cm-evora.pt\/en\/wp-json\/wp\/v2\/pages\/18002\/revisions\/77435"}],"up":[{"embeddable":true,"href":"https:\/\/www.cm-evora.pt\/en\/wp-json\/wp\/v2\/pages\/17992"}],"wp:attachment":[{"href":"https:\/\/www.cm-evora.pt\/en\/wp-json\/wp\/v2\/media?parent=18002"}],"wp:term":[{"taxonomy":"category","embeddable":true,"href":"https:\/\/www.cm-evora.pt\/en\/wp-json\/wp\/v2\/categories?post=18002"}],"curies":[{"name":"wp","href":"https:\/\/api.w.org\/{rel}","templated":true}]}}