{"id":18149,"date":"2021-01-07T10:44:55","date_gmt":"2021-01-07T10:44:55","guid":{"rendered":"https:\/\/www.cm-evora.pt\/?page_id=18149"},"modified":"2021-11-17T13:38:41","modified_gmt":"2021-11-17T13:38:41","slug":"caraterizacao-do-projeto","status":"publish","type":"page","link":"https:\/\/www.cm-evora.pt\/en\/municipe\/projetos-municipais\/educarte\/caraterizacao-do-projeto\/","title":{"rendered":"(Portugu\u00eas) Carateriza\u00e7\u00e3o do Projeto"},"content":{"rendered":"<p class=\"qtranxs-available-languages-message qtranxs-available-languages-message-en\">Sorry, this entry is only available in <a href=\"https:\/\/www.cm-evora.pt\/pt\/wp-json\/wp\/v2\/pages\/18149\" class=\"qtranxs-available-language-link qtranxs-available-language-link-pt\" title=\"Portugu\u00eas\">Portugu\u00eas<\/a>.<\/p><p><a href=\"https:\/\/www.cm-evora.pt\/wp-content\/uploads\/2021\/01\/EducARTE-banners-639-300-novo.jpg\"><img loading=\"lazy\" decoding=\"async\" class=\"alignnone wp-image-17852\" src=\"https:\/\/www.cm-evora.pt\/wp-content\/uploads\/2021\/01\/EducARTE-banners-639-300-novo.jpg\" alt=\"\" width=\"952\" height=\"447\" srcset=\"https:\/\/www.cm-evora.pt\/wp-content\/uploads\/2021\/01\/EducARTE-banners-639-300-novo.jpg 639w, https:\/\/www.cm-evora.pt\/wp-content\/uploads\/2021\/01\/EducARTE-banners-639-300-novo-300x141.jpg 300w\" sizes=\"auto, (max-width: 952px) 100vw, 952px\" \/><\/a><\/p>","protected":false},"excerpt":{"rendered":"<p>Sorry, this entry is only available in Portugu\u00eas.<\/p>\n","protected":false},"author":45,"featured_media":0,"parent":2581,"menu_order":0,"comment_status":"closed","ping_status":"closed","template":"templates-map\/component-text-list-layout1.php","meta":{"_acf_changed":false,"footnotes":""},"categories":[],"class_list":["post-18149","page","type-page","status-publish","hentry"],"acf":[],"_links":{"self":[{"href":"https:\/\/www.cm-evora.pt\/en\/wp-json\/wp\/v2\/pages\/18149","targetHints":{"allow":["GET"]}}],"collection":[{"href":"https:\/\/www.cm-evora.pt\/en\/wp-json\/wp\/v2\/pages"}],"about":[{"href":"https:\/\/www.cm-evora.pt\/en\/wp-json\/wp\/v2\/types\/page"}],"author":[{"embeddable":true,"href":"https:\/\/www.cm-evora.pt\/en\/wp-json\/wp\/v2\/users\/45"}],"replies":[{"embeddable":true,"href":"https:\/\/www.cm-evora.pt\/en\/wp-json\/wp\/v2\/comments?post=18149"}],"version-history":[{"count":5,"href":"https:\/\/www.cm-evora.pt\/en\/wp-json\/wp\/v2\/pages\/18149\/revisions"}],"predecessor-version":[{"id":18159,"href":"https:\/\/www.cm-evora.pt\/en\/wp-json\/wp\/v2\/pages\/18149\/revisions\/18159"}],"up":[{"embeddable":true,"href":"https:\/\/www.cm-evora.pt\/en\/wp-json\/wp\/v2\/pages\/2581"}],"wp:attachment":[{"href":"https:\/\/www.cm-evora.pt\/en\/wp-json\/wp\/v2\/media?parent=18149"}],"wp:term":[{"taxonomy":"category","embeddable":true,"href":"https:\/\/www.cm-evora.pt\/en\/wp-json\/wp\/v2\/categories?post=18149"}],"curies":[{"name":"wp","href":"https:\/\/api.w.org\/{rel}","templated":true}]}}