{"id":18504,"date":"2021-01-08T12:10:55","date_gmt":"2021-01-08T12:10:55","guid":{"rendered":"https:\/\/www.cm-evora.pt\/?page_id=18504"},"modified":"2025-07-10T14:25:40","modified_gmt":"2025-07-10T13:25:40","slug":"condicoes-de-utilizacao","status":"publish","type":"page","link":"https:\/\/www.cm-evora.pt\/en\/municipe\/equipamentos\/equipamentos-desportivos\/piscinas-municipais\/condicoes-de-utilizacao\/","title":{"rendered":"Condi\u00e7\u00f5es de Utiliza\u00e7\u00e3o"},"content":{"rendered":"<h3 style=\"text-align: center\"><a href=\"https:\/\/www.cm-evora.pt\/wp-content\/uploads\/2021\/01\/DSC_9335_piscinas.jpg\" target=\"_blank\" rel=\"noopener\"><img loading=\"lazy\" decoding=\"async\" class=\"alignnone wp-image-19346 size-full\" src=\"https:\/\/www.cm-evora.pt\/wp-content\/uploads\/2021\/01\/DSC_9335_piscinas.jpg\" alt=\"\" width=\"1114\" height=\"644\" srcset=\"https:\/\/www.cm-evora.pt\/wp-content\/uploads\/2021\/01\/DSC_9335_piscinas.jpg 1114w, https:\/\/www.cm-evora.pt\/wp-content\/uploads\/2021\/01\/DSC_9335_piscinas-300x173.jpg 300w, https:\/\/www.cm-evora.pt\/wp-content\/uploads\/2021\/01\/DSC_9335_piscinas-1024x592.jpg 1024w, https:\/\/www.cm-evora.pt\/wp-content\/uploads\/2021\/01\/DSC_9335_piscinas-768x444.jpg 768w\" sizes=\"auto, (max-width: 1114px) 100vw, 1114px\" \/><\/a><\/h3>\n","protected":false},"excerpt":{"rendered":"","protected":false},"author":45,"featured_media":0,"parent":12973,"menu_order":0,"comment_status":"closed","ping_status":"closed","template":"templates-map\/component-text-list-layout1.php","meta":{"_acf_changed":false,"footnotes":""},"categories":[],"class_list":["post-18504","page","type-page","status-publish","hentry"],"acf":[],"_links":{"self":[{"href":"https:\/\/www.cm-evora.pt\/en\/wp-json\/wp\/v2\/pages\/18504","targetHints":{"allow":["GET"]}}],"collection":[{"href":"https:\/\/www.cm-evora.pt\/en\/wp-json\/wp\/v2\/pages"}],"about":[{"href":"https:\/\/www.cm-evora.pt\/en\/wp-json\/wp\/v2\/types\/page"}],"author":[{"embeddable":true,"href":"https:\/\/www.cm-evora.pt\/en\/wp-json\/wp\/v2\/users\/45"}],"replies":[{"embeddable":true,"href":"https:\/\/www.cm-evora.pt\/en\/wp-json\/wp\/v2\/comments?post=18504"}],"version-history":[{"count":22,"href":"https:\/\/www.cm-evora.pt\/en\/wp-json\/wp\/v2\/pages\/18504\/revisions"}],"predecessor-version":[{"id":76486,"href":"https:\/\/www.cm-evora.pt\/en\/wp-json\/wp\/v2\/pages\/18504\/revisions\/76486"}],"up":[{"embeddable":true,"href":"https:\/\/www.cm-evora.pt\/en\/wp-json\/wp\/v2\/pages\/12973"}],"wp:attachment":[{"href":"https:\/\/www.cm-evora.pt\/en\/wp-json\/wp\/v2\/media?parent=18504"}],"wp:term":[{"taxonomy":"category","embeddable":true,"href":"https:\/\/www.cm-evora.pt\/en\/wp-json\/wp\/v2\/categories?post=18504"}],"curies":[{"name":"wp","href":"https:\/\/api.w.org\/{rel}","templated":true}]}}