{"id":18591,"date":"2021-01-10T21:56:42","date_gmt":"2021-01-10T21:56:42","guid":{"rendered":"https:\/\/www.cm-evora.pt\/?page_id=18591"},"modified":"2026-04-07T15:33:13","modified_gmt":"2026-04-07T14:33:13","slug":"conhecer-o-concelho","status":"publish","type":"page","link":"https:\/\/www.cm-evora.pt\/en\/visitante\/conhecer-o-concelho\/","title":{"rendered":"Conhecer o Concelho"},"content":{"rendered":"<p class=\"qtranxs-available-languages-message qtranxs-available-languages-message-en\">Sorry, this entry is only available in <a href=\"https:\/\/www.cm-evora.pt\/pt\/wp-json\/wp\/v2\/pages\/18591\" class=\"qtranxs-available-language-link qtranxs-available-language-link-pt\" title=\"Portugu\u00eas\">Portugu\u00eas<\/a>.<\/p><p><\/p>\n<h2 style=\"text-align: center\">Acerca de \u00c9vora<\/h2>\n<div style=\"width: 1920px;\" class=\"wp-video\"><!--[if lt IE 9]><script>document.createElement('video');<\/script><![endif]-->\n<video class=\"wp-video-shortcode\" id=\"video-18591-1\" width=\"1920\" height=\"814\" poster=\"https:\/\/www.cm-evora.pt\/wp-content\/uploads\/2022\/03\/frame_centrohistorico.jpg\" preload=\"metadata\" controls=\"controls\"><source type=\"video\/mp4\" src=\"https:\/\/www.cm-evora.pt\/wp-content\/uploads\/2022\/03\/Dia-Nacional-dos-Centros-Historicos-100mb.mp4?_=1\" \/><a href=\"https:\/\/www.cm-evora.pt\/wp-content\/uploads\/2022\/03\/Dia-Nacional-dos-Centros-Historicos-100mb.mp4\">https:\/\/www.cm-evora.pt\/wp-content\/uploads\/2022\/03\/Dia-Nacional-dos-Centros-Historicos-100mb.mp4<\/a><\/video><\/div>\n<p>&nbsp;<\/p>\n<p>\u00c9VORA, cidade hist\u00f3rica no cora\u00e7\u00e3o do Alentejo, \u00e9 herdeira de um rico e variado patrim\u00f3nio cultural, constru\u00eddo e preservado ao longo do tempo. Fundada (ou refundada) pelo povo romano e por este denominada <em>Ebora Liberalitas Iulia<\/em>, a cidade foi a pra\u00e7a-forte que alicer\u00e7ou, no Al\u00e9m-Tejo, a forma\u00e7\u00e3o do novo reino de Portugal durante a Reconquista crist\u00e3 peninsular do s\u00e9c. XII. Ap\u00f3s a consolida\u00e7\u00e3o das fronteiras com Castela, v\u00e1rios reis aqui fixaram a sua corte, particularmente no per\u00edodo das descobertas mar\u00edtimas. O patrim\u00f3nio hist\u00f3rico e art\u00edstico que hoje se preserva na cidade resultou em boa medida dessa longa perman\u00eancia da corte. O conjunto monumental que esses tempos \u00e1ureos legaram \u00e0 cidade, em harmonia com o tecido urbano de cariz popular, est\u00e3o na base da classifica\u00e7\u00e3o de \u00c9vora como Patrim\u00f3nio Cultural da Humanidade, desde 1986. Al\u00e9m deste patrim\u00f3nio \u00fanico no pa\u00eds, a regi\u00e3o em torno de \u00c9vora tem muito mais para oferecer ao visitante. \u00c9 o caso da singular paisagem arqueol\u00f3gica megal\u00edtica, uma das mais antigas e monumentais da Europa, perfeitamente integrada na paisagem rural envolvente, de que o recinto megal\u00edtico dos Almendres \u00e9 o expoente m\u00e1ximo. Seja no entretecido das ruas medievais, na exuber\u00e2ncia de pal\u00e1cios, mosteiros e igrejas, nos espa\u00e7os de conv\u00edvio e de degusta\u00e7\u00e3o dos requintados paladares da cozinha tradicional, \u00c9vora esconde o encanto pr\u00f3prio das cidades antigas. Mas sobre essa matriz hist\u00f3rica ela reassume-se, novamente, como polo de desenvolvimento regional face aos grandes desafios do futuro atrav\u00e9s da cria\u00e7\u00e3o de grandes equipamentos, da aposta na qualifica\u00e7\u00e3o de produtos e servi\u00e7os de excel\u00eancia na \u00e1rea do Turismo, da intensa oferta cultural, a par da cria\u00e7\u00e3o de infraestruturas urbanas que d\u00e3o prioridade ao bem-estar dos seus habitantes. Por todas estas raz\u00f5es o turista e visitante encontrar\u00e1 em \u00c9vora um excecional patrim\u00f3nio cultural, coexistindo, em harmonia, com os melhores padr\u00f5es de qualidade de vida do pa\u00eds. Motivos sobejos para n\u00e3o deixar de a conhecer, descobrir e, seguramente, desejar voltar.<\/p>\n<p>&nbsp;<\/p>\n<p style=\"text-align: center\"><a href=\"https:\/\/www.cm-evora.pt\/wp-content\/uploads\/2021\/01\/Evora_Henrique-1536x943-1.jpg\" target=\"_blank\" rel=\"noopener\"><img loading=\"lazy\" decoding=\"async\" class=\"alignnone wp-image-18592 size-full\" src=\"https:\/\/www.cm-evora.pt\/wp-content\/uploads\/2021\/01\/Evora_Henrique-1536x943-1.jpg\" alt=\"\" width=\"1536\" height=\"943\" srcset=\"https:\/\/www.cm-evora.pt\/wp-content\/uploads\/2021\/01\/Evora_Henrique-1536x943-1.jpg 1536w, https:\/\/www.cm-evora.pt\/wp-content\/uploads\/2021\/01\/Evora_Henrique-1536x943-1-300x184.jpg 300w, https:\/\/www.cm-evora.pt\/wp-content\/uploads\/2021\/01\/Evora_Henrique-1536x943-1-1024x629.jpg 1024w, https:\/\/www.cm-evora.pt\/wp-content\/uploads\/2021\/01\/Evora_Henrique-1536x943-1-768x472.jpg 768w, https:\/\/www.cm-evora.pt\/wp-content\/uploads\/2021\/01\/Evora_Henrique-1536x943-1-1320x810.jpg 1320w\" sizes=\"auto, (max-width: 1536px) 100vw, 1536px\" \/><\/a><\/p>\n<p><\/p>","protected":false},"excerpt":{"rendered":"<p>Sorry, this entry is only available in Portugu\u00eas. Acerca de \u00c9vora &nbsp; \u00c9VORA, cidade hist\u00f3rica no cora\u00e7\u00e3o do Alentejo, \u00e9 herdeira de um rico e variado patrim\u00f3nio cultural, constru\u00eddo e preservado ao longo do tempo. Fundada (ou refundada) pelo povo romano e por este denominada Ebora Liberalitas Iulia, a cidade foi a pra\u00e7a-forte que alicer\u00e7ou, [&hellip;]<\/p>\n","protected":false},"author":45,"featured_media":0,"parent":1272,"menu_order":0,"comment_status":"closed","ping_status":"closed","template":"templates-map\/component-related-content-layout1.php","meta":{"_acf_changed":false,"footnotes":""},"categories":[],"class_list":["post-18591","page","type-page","status-publish","hentry"],"acf":[],"_links":{"self":[{"href":"https:\/\/www.cm-evora.pt\/en\/wp-json\/wp\/v2\/pages\/18591","targetHints":{"allow":["GET"]}}],"collection":[{"href":"https:\/\/www.cm-evora.pt\/en\/wp-json\/wp\/v2\/pages"}],"about":[{"href":"https:\/\/www.cm-evora.pt\/en\/wp-json\/wp\/v2\/types\/page"}],"author":[{"embeddable":true,"href":"https:\/\/www.cm-evora.pt\/en\/wp-json\/wp\/v2\/users\/45"}],"replies":[{"embeddable":true,"href":"https:\/\/www.cm-evora.pt\/en\/wp-json\/wp\/v2\/comments?post=18591"}],"version-history":[{"count":14,"href":"https:\/\/www.cm-evora.pt\/en\/wp-json\/wp\/v2\/pages\/18591\/revisions"}],"predecessor-version":[{"id":82833,"href":"https:\/\/www.cm-evora.pt\/en\/wp-json\/wp\/v2\/pages\/18591\/revisions\/82833"}],"up":[{"embeddable":true,"href":"https:\/\/www.cm-evora.pt\/en\/wp-json\/wp\/v2\/pages\/1272"}],"wp:attachment":[{"href":"https:\/\/www.cm-evora.pt\/en\/wp-json\/wp\/v2\/media?parent=18591"}],"wp:term":[{"taxonomy":"category","embeddable":true,"href":"https:\/\/www.cm-evora.pt\/en\/wp-json\/wp\/v2\/categories?post=18591"}],"curies":[{"name":"wp","href":"https:\/\/api.w.org\/{rel}","templated":true}]}}