{"id":18637,"date":"2021-01-11T13:57:14","date_gmt":"2021-01-11T13:57:14","guid":{"rendered":"https:\/\/www.cm-evora.pt\/?page_id=18637"},"modified":"2024-05-08T11:07:34","modified_gmt":"2024-05-08T10:07:34","slug":"apresentacao","status":"publish","type":"page","link":"https:\/\/www.cm-evora.pt\/en\/investidor\/infraestruturas\/evoratech\/apresentacao\/","title":{"rendered":"Apresenta\u00e7\u00e3o"},"content":{"rendered":"<p class=\"qtranxs-available-languages-message qtranxs-available-languages-message-en\">Sorry, this entry is only available in <a href=\"https:\/\/www.cm-evora.pt\/pt\/wp-json\/wp\/v2\/pages\/18637\" class=\"qtranxs-available-language-link qtranxs-available-language-link-pt\" title=\"Portugu\u00eas\">Portugu\u00eas<\/a>.<\/p><p><\/p>\n<div style=\"text-align: center\"><a href=\"https:\/\/www.cm-evora.pt\/wp-content\/uploads\/2021\/01\/evoratech.jpg\" target=\"_blank\" rel=\"noopener\"><img loading=\"lazy\" decoding=\"async\" class=\"alignnone wp-image-18638 size-full\" src=\"https:\/\/www.cm-evora.pt\/wp-content\/uploads\/2021\/01\/evoratech.jpg\" alt=\"\" width=\"333\" height=\"263\" srcset=\"https:\/\/www.cm-evora.pt\/wp-content\/uploads\/2021\/01\/evoratech.jpg 333w, https:\/\/www.cm-evora.pt\/wp-content\/uploads\/2021\/01\/evoratech-300x237.jpg 300w\" sizes=\"auto, (max-width: 333px) 100vw, 333px\" \/><\/a><\/div>\n<p style=\"text-align: center\"><strong>INCUBADORA DE BASE TECNOL\u00d3GICA<\/strong><\/p>\n<p>&nbsp;<\/p>\n<p>A \u00c9voraTech \u2013 Incubadora de Empresas de Base Tecnol\u00f3gica de \u00c9vora, infraestrutura do Munic\u00edpio de \u00c9vora, cuja gest\u00e3o est\u00e1 cedida \u00e0 ADRAL atrav\u00e9s de protocolo estabelecido entre estas entidades, est\u00e1 localizada no Parque do Alentejo de Ci\u00eancia e Tecnologia. Constitui-se como uma infraestrutura de incuba\u00e7\u00e3o de empresas destinada a estimular a capacidade criativa e empreendedora e a modernizar o tecido empresarial no concelho e na Regi\u00e3o.<\/p>\n<p>Com uma \u00e1rea de 705 m<sup>2<\/sup>, disponibiliza neste espa\u00e7o \u00e1reas individualizadas e um conjunto de servi\u00e7os comuns com o objetivo de promover e acolher ideias, projetos e empresas, especialmente os que revelem natureza inovadora, de base tecnol\u00f3gica e elevado potencial de crescimento.<\/p>\n<p>Na \u00c9voraTech est\u00e3o dispon\u00edveis equipamentos de apoio t\u00e9cnico, e materiais direcionados para o apoio \u00e0 constitui\u00e7\u00e3o, instala\u00e7\u00e3o e desenvolvimento de micro, pequenas e m\u00e9dias empresas na sua fase embrion\u00e1ria, de arranque e consolida\u00e7\u00e3o, proporcionando-lhes condi\u00e7\u00f5es para o seu crescimento e posicionamento no mercado.<\/p>\n<p>A \u00c9voraTech tem como miss\u00e3o a dinamiza\u00e7\u00e3o da atividade econ\u00f3mica de base tecnol\u00f3gica atrav\u00e9s do apoio \u00e0 constitui\u00e7\u00e3o, instala\u00e7\u00e3o e desenvolvimento de ideias de empreendedores, micro e pequenas empresas na sua fase embrion\u00e1ria e de consolida\u00e7\u00e3o, proporcionando-lhes condi\u00e7\u00f5es f\u00edsicas e t\u00e9cnicas para o seu crescimento e reafirma\u00e7\u00e3o no territ\u00f3rio.<\/p>\n<p>&nbsp;<\/p>\n<div>\n<p style=\"text-align: center\"><a href=\"https:\/\/www.cm-evora.pt\/wp-content\/uploads\/2021\/01\/evoratech2-1.jpg\" target=\"_blank\" rel=\"noopener\"><img loading=\"lazy\" decoding=\"async\" class=\"alignnone wp-image-20189 size-full\" src=\"https:\/\/www.cm-evora.pt\/wp-content\/uploads\/2021\/01\/evoratech2-1.jpg\" alt=\"\" width=\"639\" height=\"362\" srcset=\"https:\/\/www.cm-evora.pt\/wp-content\/uploads\/2021\/01\/evoratech2-1.jpg 639w, https:\/\/www.cm-evora.pt\/wp-content\/uploads\/2021\/01\/evoratech2-1-300x170.jpg 300w\" sizes=\"auto, (max-width: 639px) 100vw, 639px\" \/><\/a><\/p>\n<p>Constituem-se como objetivos transversais da \u00c9voraTech:<\/p>\n<ul>\n<li style=\"list-style-type: none\">\n<ul>\n<li>Fomentar o empreendedorismo, nomeadamente, inovador, de base tecnol\u00f3gica e com elevado potencial de crescimento na cidade e na regi\u00e3o;<\/li>\n<li>Estimular o apoio \u00e0 transfer\u00eancia de inova\u00e7\u00e3o e tecnologia;<\/li>\n<li>Contribuir para fixar popula\u00e7\u00e3o ativa qualificada na regi\u00e3o nomeadamente atrav\u00e9s da cria\u00e7\u00e3o do autoemprego;<\/li>\n<li>Incentivar e apoiar a cria\u00e7\u00e3o de empresas, principalmente de car\u00e1cter inovador, tecnol\u00f3gico e com elevado potencial de crescimento;<\/li>\n<li>Contribuir para o desenvolvimento socioecon\u00f3mico da cidade e da regi\u00e3o Alentejo;<\/li>\n<li>Complementar a atividade desenvolvida pelo Parque do Alentejo de Ci\u00eancia e Tecnologia no \u00e2mbito do Programa Estrat\u00e9gico &#8211; Sistema Regional de Transfer\u00eancia de Tecnologia;<\/li>\n<li>Refor\u00e7ar a j\u00e1 existente coopera\u00e7\u00e3o com outros espa\u00e7os de incuba\u00e7\u00e3o e de acolhimento de empresas localizados no Concelho e na Regi\u00e3o, fortalecendo o ecossistema empreendedor e permitindo realizar a\u00e7\u00f5es que tragam mais valias para as empresas locais;<\/li>\n<li>Incentivar empresas j\u00e1 constitu\u00eddas para desenvolvimento de novos produtos ou servi\u00e7os;<\/li>\n<li>Promover a educa\u00e7\u00e3o cient\u00edfica e tecnol\u00f3gica junto dos jovens e comunidade em geral;<\/li>\n<li>Promover a coopera\u00e7\u00e3o empresarial;<\/li>\n<li>Reduzir a mortalidade de empresas no seu per\u00edodo de arranque;<\/li>\n<li>Capta\u00e7\u00e3o de novos associados para o Fablab \u00c9voraTech para imprimir uma maior din\u00e2mica e desenvolvimento de sinergias entre todos;<\/li>\n<li>Apoio na forma\u00e7\u00e3o de empreendedores e de novas unidades de neg\u00f3cio;<\/li>\n<li>Associa\u00e7\u00e3o a entidades cong\u00e9neres atrav\u00e9s do estabelecimento de protocolos de colabora\u00e7\u00e3o, de coopera\u00e7\u00e3o ou parcerias com Associa\u00e7\u00f5es locais ou nacionais;<\/li>\n<li>Promo\u00e7\u00e3o de eventos potenciando a marca \u00c9voraTech e o desenvolvimento dos agentes econ\u00f3micos do Concelho;<\/li>\n<li>Aumentar o reconhecimento internacional da \u00c9voraTech e da Rede de Incubadoras do Alentejo enquanto recurso e ativo regional;<\/li>\n<li>Potenciar a internacionaliza\u00e7\u00e3o da rede de incubadoras do Alentejo e indiretamente das suas startups;<\/li>\n<li>Aumentar o conhecimento sobre os potenciais mercados para atra\u00e7\u00e3o de startups e de novos talentos para a regi\u00e3o Alentejo;<\/li>\n<li>Aumentar o n\u00famero de startups estrangeiras;<\/li>\n<li>Contribuir para a melhoria do desempenho do Alentejo em mat\u00e9ria de competitividade, inova\u00e7\u00e3o e gera\u00e7\u00e3o de valor, a n\u00edvel local e regional;<\/li>\n<li>Acelerar projetos de base tecnologia no dom\u00ednio das Tecnologias Cr\u00edticas, Energia e Mobilidade Inteligente;<\/li>\n<li>Refor\u00e7ar a aposta no dom\u00ednio priorit\u00e1rio &#8220;Tecnologias Cr\u00edticas, Energia e Mobilidade Inteligente&#8221;;<\/li>\n<li>Fomentar o desenvolvimento de projetos em \u00e1reas consumidoras de tecnologias, energia e log\u00edstica.<\/li>\n<\/ul>\n<\/li>\n<\/ul>\n<p style=\"text-align: center\"><a href=\"https:\/\/www.cm-evora.pt\/wp-content\/uploads\/2021\/01\/evoratech10-1.jpg\" target=\"_blank\" rel=\"noopener\"><img loading=\"lazy\" decoding=\"async\" class=\"alignnone wp-image-20190 size-full\" src=\"https:\/\/www.cm-evora.pt\/wp-content\/uploads\/2021\/01\/evoratech10-1.jpg\" alt=\"\" width=\"639\" height=\"362\" srcset=\"https:\/\/www.cm-evora.pt\/wp-content\/uploads\/2021\/01\/evoratech10-1.jpg 639w, https:\/\/www.cm-evora.pt\/wp-content\/uploads\/2021\/01\/evoratech10-1-300x170.jpg 300w\" sizes=\"auto, (max-width: 639px) 100vw, 639px\" \/><\/a><\/p>\n<p>A \u00c9vorach \u00e9 incubadora que est\u00e1 acreditada pelo IAPMEI para a presta\u00e7\u00e3o de servi\u00e7os no \u00e2mbito dos seguintes programas:<\/p>\n<ul>\n<li style=\"list-style-type: none\">\n<ul>\n<li><strong>StartUP Voucher<\/strong>: \u00e9 uma das medidas da StartUP Portugal &#8211; Estrat\u00e9gia Nacional para o Empreendedorismo e tem como objetivo promover a dinamiza\u00e7\u00e3o do esp\u00edrito empreendedor e o aparecimento de novas ideias, novos projetos e novos talentos. Destina-se a jovens com idade entre os 18 e os 35 anos e os apoios incluem uma bolsa mensal durante um ano e pr\u00e9mios monet\u00e1rios mediante a concretiza\u00e7\u00e3o dos objetivos do projeto.<\/li>\n<\/ul>\n<\/li>\n<\/ul>\n<p>Mais informa\u00e7\u00e3o em <a href=\"https:\/\/www.iapmei.pt\/PRODUTOS-E-SERVICOS\/Empreendedorismo-Inovacao\/Empreendedorismo-(1)\/StartUP-Voucher-2019-2022.aspx\" target=\"_blank\" rel=\"noopener\">https:\/\/www.iapmei.pt\/PRODUTOS-E-SERVICOS\/Empreendedorismo-Inovacao\/Empreendedorismo-(1)\/StartUP-Voucher-2019-2022.aspx<\/a><\/p>\n<p>&nbsp;<\/p>\n<ul>\n<li style=\"list-style-type: none\">\n<ul>\n<li><strong>Vale Incuba\u00e7\u00e3o<\/strong>: faz parte do sistema de incentivos do Portugal 2020, que visa conceder apoios a projetos simplificados de empresas com menos de um ano na \u00e1rea do empreendedorismo, atrav\u00e9s da contrata\u00e7\u00e3o de servi\u00e7os de incuba\u00e7\u00e3o prestados por incubadoras previamente acreditadas. O pagamento destes servi\u00e7os \u00e9, ao abrigo deste vale, cofinanciado com um incentivo de 40% a 70%, n\u00e3o reembols\u00e1vel, relativamente ao valor total das despesas eleg\u00edveis.<\/li>\n<\/ul>\n<\/li>\n<\/ul>\n<p>Mais informa\u00e7\u00e3o em <a href=\"https:\/\/www.iapmei.pt\/PRODUTOS-E-SERVICOS\/Incentivos-Financiamento\/Sistemas-de-Incentivos\/Incentivos-Portugal-2020\/Vale-Incubacao.aspx\" target=\"_blank\" rel=\"noopener\">https:\/\/www.iapmei.pt\/PRODUTOS-E-SERVICOS\/Incentivos-Financiamento\/Sistemas-de-Incentivos\/Incentivos-Portugal-2020\/Vale-Incubacao.aspx<\/a><\/p>\n<p>&nbsp;<\/p>\n<ul>\n<li style=\"list-style-type: none\">\n<ul>\n<li><strong>StartUP Visa<\/strong>: \u00e9 um programa de acolhimento de empreendedores estrangeiros que pretendam desenvolver um projeto de empreendedorismo e\/ou inova\u00e7\u00e3o em Portugal, com vista \u00e0 concess\u00e3o de visto de resid\u00eancia ou autoriza\u00e7\u00e3o de resid\u00eancia para imigrantes empreendedores, o qual se rege por regulamento pr\u00f3prio (Despacho Normativo n.\u00ba 4\/2018).<\/li>\n<\/ul>\n<\/li>\n<\/ul>\n<p>Mais informa\u00e7\u00e3o em <a href=\"https:\/\/www.iapmei.pt\/Paginas\/StartUP-Visa-pt.aspx\" target=\"_blank\" rel=\"noopener\">https:\/\/www.iapmei.pt\/Paginas\/StartUP-Visa-pt.aspx<\/a><\/p>\n<p>&nbsp;<\/p>\n<p><\/p>\n<\/div>","protected":false},"excerpt":{"rendered":"<p>Sorry, this entry is only available in Portugu\u00eas. INCUBADORA DE BASE TECNOL\u00d3GICA &nbsp; A \u00c9voraTech \u2013 Incubadora de Empresas de Base Tecnol\u00f3gica de \u00c9vora, infraestrutura do Munic\u00edpio de \u00c9vora, cuja gest\u00e3o est\u00e1 cedida \u00e0 ADRAL atrav\u00e9s de protocolo estabelecido entre estas entidades, est\u00e1 localizada no Parque do Alentejo de Ci\u00eancia e Tecnologia. Constitui-se como uma [&hellip;]<\/p>\n","protected":false},"author":45,"featured_media":0,"parent":2869,"menu_order":0,"comment_status":"closed","ping_status":"closed","template":"templates-map\/component-text-layout1.php","meta":{"_acf_changed":false,"footnotes":""},"categories":[],"class_list":["post-18637","page","type-page","status-publish","hentry"],"acf":{"imagens":"","titulo_docs_seccao":"","documentos":""},"_links":{"self":[{"href":"https:\/\/www.cm-evora.pt\/en\/wp-json\/wp\/v2\/pages\/18637","targetHints":{"allow":["GET"]}}],"collection":[{"href":"https:\/\/www.cm-evora.pt\/en\/wp-json\/wp\/v2\/pages"}],"about":[{"href":"https:\/\/www.cm-evora.pt\/en\/wp-json\/wp\/v2\/types\/page"}],"author":[{"embeddable":true,"href":"https:\/\/www.cm-evora.pt\/en\/wp-json\/wp\/v2\/users\/45"}],"replies":[{"embeddable":true,"href":"https:\/\/www.cm-evora.pt\/en\/wp-json\/wp\/v2\/comments?post=18637"}],"version-history":[{"count":5,"href":"https:\/\/www.cm-evora.pt\/en\/wp-json\/wp\/v2\/pages\/18637\/revisions"}],"predecessor-version":[{"id":61435,"href":"https:\/\/www.cm-evora.pt\/en\/wp-json\/wp\/v2\/pages\/18637\/revisions\/61435"}],"up":[{"embeddable":true,"href":"https:\/\/www.cm-evora.pt\/en\/wp-json\/wp\/v2\/pages\/2869"}],"wp:attachment":[{"href":"https:\/\/www.cm-evora.pt\/en\/wp-json\/wp\/v2\/media?parent=18637"}],"wp:term":[{"taxonomy":"category","embeddable":true,"href":"https:\/\/www.cm-evora.pt\/en\/wp-json\/wp\/v2\/categories?post=18637"}],"curies":[{"name":"wp","href":"https:\/\/api.w.org\/{rel}","templated":true}]}}