{"id":18807,"date":"2021-01-12T16:18:30","date_gmt":"2021-01-12T16:18:30","guid":{"rendered":"https:\/\/www.cm-evora.pt\/?page_id=18807"},"modified":"2021-01-15T17:14:32","modified_gmt":"2021-01-15T17:14:32","slug":"declaracao-do-presidente-da-cme","status":"publish","type":"page","link":"https:\/\/www.cm-evora.pt\/en\/municipe\/areas-de-acao\/covid-19-informacao-municipal\/declaracao-do-presidente-da-cme\/","title":{"rendered":"(Portugu\u00eas) Mensagem \u00e0 popula\u00e7\u00e3o de Carlos Pinto de S\u00e1, Presidente do Munic\u00edpio de \u00c9vora"},"content":{"rendered":"<p class=\"qtranxs-available-languages-message qtranxs-available-languages-message-en\">Sorry, this entry is only available in <a href=\"https:\/\/www.cm-evora.pt\/pt\/wp-json\/wp\/v2\/pages\/18807\" class=\"qtranxs-available-language-link qtranxs-available-language-link-pt\" title=\"Portugu\u00eas\">Portugu\u00eas<\/a>.<\/p><p><\/p>\n<div>\n<p style=\"text-align: center\">\n<p><span class=\"ms-rteThemeForeColor-4-5\">Caras Concidad\u00e3s\/os:<\/span><\/p>\n<p><span class=\"ms-rteThemeForeColor-4-5\">\u00c9 importante deixar uma palavra sobre esta crise. Desde o in\u00edcio deste flagelo que o Munic\u00edpio de \u00c9vora decidiu, como orienta\u00e7\u00e3o, seguir as indica\u00e7\u00f5es da Dire\u00e7\u00e3o-Geral da Sa\u00fade. Decidimos, tamb\u00e9m, articular a nossa atividade com as institui\u00e7\u00f5es regionais, a come\u00e7ar pelos outros munic\u00edpios, no \u00e2mbito da CIMAC \u2013 Comunidade Intermunicipal do Alentejo Central, que junta os 14 munic\u00edpios do Distrito de \u00c9vora.<\/span><\/p>\n<p><span class=\"ms-rteThemeForeColor-4-5\">Fizemos uma primeira reuni\u00e3o, para a qual convid\u00e1mos a Administra\u00e7\u00e3o Regional de Sa\u00fade, onde ouvimos os esclarecimentos desta. Na sequ\u00eancia, decidimos elaborar planos de conting\u00eancia para todos os munic\u00edpios e reunir com os t\u00e9cnicos de sa\u00fade e seguran\u00e7a dos munic\u00edpios para elaborar os planos de conting\u00eancia e para saber as medidas a adotar do ponto de vista da sa\u00fade e da seguran\u00e7a, quer nos munic\u00edpios, quer nos concelhos do Alentejo Central.<\/span><\/p>\n<p>Essa reuni\u00e3o foi realizada dois dias depois e participaram todos os munic\u00edpios. Na sequ\u00eancia, foram elaborados todos os planos de conting\u00eancia para os v\u00e1rios munic\u00edpios. No Munic\u00edpio de \u00c9vora, o Plano de Conting\u00eancia foi aprovado no dia 16 de Mar\u00e7o e come\u00e7ou a ser implementado imediatamente.<\/p>\n<p><span class=\"ms-rteThemeForeColor-4-5\">Ainda ao n\u00edvel regional, realiz\u00e1mos, na CIMAC, uma reuni\u00e3o onde junt\u00e1mos as institui\u00e7\u00f5es com impacto e atividade na \u00e1rea da sa\u00fade no distrito de \u00c9vora. Nomeadamente, a Administra\u00e7\u00e3o Regional de Sa\u00fade, o Hospital do Esp\u00edrito Santo, a Seguran\u00e7a Social, a Prote\u00e7\u00e3o Civil, as for\u00e7as de seguran\u00e7a (PSP e GNR) e os munic\u00edpios pertencentes \u00e0 CIMAC, onde estivemos a articular esfor\u00e7os, a coordenar as nossas a\u00e7\u00f5es e a perspetivar a evolu\u00e7\u00e3o da doen\u00e7a.<\/span><\/p>\n<p><span class=\"ms-rteThemeForeColor-4-5\">Constat\u00e1mos que esta doen\u00e7a vai prolongar-se &#8211; n\u00e3o \u00e9 uma doen\u00e7a que se resolva num espa\u00e7o curto de tempo \u2013 e, para isso, \u00e9 necess\u00e1rio, naturalmente, olhar o prazo em que \u00e9 previs\u00edvel que a doen\u00e7a continue a acontecer para, a cada momento, nos podermos adaptar \u00e0 sua evolu\u00e7\u00e3o.<\/span><\/p>\n<p><span class=\"ms-rteThemeForeColor-4-5\">Em termos do Munic\u00edpio de \u00c9vora, aprovado o Plano de Conting\u00eancia, cri\u00e1mos uma equipa de coordena\u00e7\u00e3o constitu\u00edda pelos principais dirigentes e pelos eleitos com Pelouros na C\u00e2mara Municipal e, ainda, uma equipa de sa\u00fade e seguran\u00e7a, constitu\u00edda pelo m\u00e9dico, pelo enfermeiro e pelo t\u00e9cnico de sa\u00fade e seguran\u00e7a do Munic\u00edpio.<\/span><\/p>\n<p><span class=\"ms-rteThemeForeColor-4-5\">Esta equipa tem como fun\u00e7\u00e3o dar respostas t\u00e9cnicas, quer aos trabalhadores do Munic\u00edpio, quer de an\u00e1lise de medidas a adotar em cada servi\u00e7o para responder a esta situa\u00e7\u00e3o e ao que tem sido feito.<\/span><\/p>\n<p><span class=\"ms-rteThemeForeColor-4-5\">Quer a Equipa de Coordena\u00e7\u00e3o, quer a Equipa de Sa\u00fade e Seguran\u00e7a t\u00eam reunido sempre que necess\u00e1rio para decidir, em cada momento, e de acordo com as orienta\u00e7\u00f5es da Dire\u00e7\u00e3o-Geral da Sa\u00fade, quais as medidas adequadas, quer internamente, quer para o Munic\u00edpio, quer para o exterior.<\/span><\/p>\n<p><span class=\"ms-rteThemeForeColor-4-5\">As medidas que temos vindo a tomar t\u00eam exatamente essas caracter\u00edsticas. S\u00e3o analisadas uma a uma, com base nas orienta\u00e7\u00f5es da Dire\u00e7\u00e3o-Geral da Sa\u00fade. Estamos agora a analisar o que vai acontecer com a declara\u00e7\u00e3o do estado de emerg\u00eancia e com as medidas que o Governo est\u00e1 a adotar.<\/span><\/p>\n<p><span class=\"ms-rteThemeForeColor-4-5\">A partir daqui, a nossa Equipa de Coordena\u00e7\u00e3o e a nossa Equipa de Sa\u00fade e Seguran\u00e7a v\u00e3o reunir e adaptar as orienta\u00e7\u00f5es do Governo \u00e0s situa\u00e7\u00f5es que temos em termos do Munic\u00edpio e do Concelho de \u00c9vora.<\/span><\/p>\n<p><span class=\"ms-rteThemeForeColor-4-5\">Quero garantir que estamos a tomar todas as medidas necess\u00e1rias com a serenidade e a conten\u00e7\u00e3o que esta situa\u00e7\u00e3o exige, mas tamb\u00e9m com a preocupa\u00e7\u00e3o que temos face a uma doen\u00e7a grave que nos est\u00e1 a afetar a todos. Para a ultrapassarmos, temos que perceber que estamos perante um combate de longa dura\u00e7\u00e3o, em que precisamos de ir usando as armas \u00e0 medida que essa evolu\u00e7\u00e3o se verificar, de forma a conseguirmos n\u00e3o apenas combater a doen\u00e7a, mas derrot\u00e1-la. Temos confian\u00e7a que \u00e9 poss\u00edvel derrot\u00e1-la. Para isso, \u00e9 necess\u00e1rio que haja a colabora\u00e7\u00e3o de todos e isso significa que cada um pode dar o seu contributo para que esta doen\u00e7a possa ser destru\u00edda dentro do prazo mais curto poss\u00edvel.\u200b<\/span><\/p>\n<p><span class=\"ms-rteThemeForeColor-4-5\">Quero ainda aqui deixar um reconhecimento: em primeiro lugar, a todos os trabalhadores do Munic\u00edpio que t\u00eam manifestado a sua disponibilidade para poderem trabalhar em \u00e1reas diferentes relativamente \u00e0s suas fun\u00e7\u00f5es habituais, no sentido de responderem \u00e0s situa\u00e7\u00f5es que estamos a viver.<\/span><\/p>\n<p>&nbsp;<\/p>\n<p><span class=\"ms-rteThemeForeColor-4-5\">Tamb\u00e9m um agradecimento e reconhecimento a todos aqueles &#8211; empresas, particulares &#8211; que se t\u00eam dirigido \u00e0 C\u00e2mara Municipal manifestando a sua disponibilidade para colaborarem connosco, no sentido de encontrarmos as melhores solu\u00e7\u00f5es para responder \u00e0s necessidades do Concelho, do Distrito e da Regi\u00e3o. A todos, n\u00f3s deixamos aqui esse reconhecimento.<\/span><\/p>\n<p><span class=\"ms-rteThemeForeColor-4-5\">\u00c0 popula\u00e7\u00e3o, quero deixar uma palavra de confian\u00e7a no sentido de que, em conjunto, podemos e estamos em condi\u00e7\u00f5es de ultrapassar esta crise e de vencer esta doen\u00e7a.\u200b<\/span><\/p>\n<p><span class=\"ms-rteThemeForeColor-4-5\">Mas, como disse, \u00e9 algo que vai durar semanas e, porventura, meses. Para isso, temos de ter a consci\u00eancia que, sendo uma longa luta, \u00e9 tamb\u00e9m uma luta que temos condi\u00e7\u00f5es para ultrapassar com a colabora\u00e7\u00e3o de todos, naturalmente, garantido que as quest\u00f5es essenciais do funcionamento da autarquia est\u00e3o asseguradas e que h\u00e1, aqui, um conjunto de servi\u00e7os que garantimos que ser\u00e3o assegurados, aconte\u00e7a o que acontecer. Nomeadamente, os servi\u00e7os de \u00e1gua, saneamento, higiene e limpeza p\u00fablica, prote\u00e7\u00e3o civil, veterin\u00e1ria e cemit\u00e9rio. S\u00e3o servi\u00e7os que temos garantidos atrav\u00e9s de v\u00e1rias medidas e que v\u00e3o continuar a ser prestados \u00e0 popula\u00e7\u00e3o. A popula\u00e7\u00e3o pode contar com a C\u00e2mara para garantir esses servi\u00e7os essenciais de forma a ultrapassarmos esta crise. Com a colabora\u00e7\u00e3o de todos, estamos em condi\u00e7\u00f5es de vencer esta doen\u00e7a e de retomar, esperamos com vigor, aquilo que precisamos: a nossa vida social e econ\u00f3mica para que o Concelho possa retomar os caminhos do desenvolvimento. Muito obrigado a todos!\u200b<\/span><\/p>\n<\/div>\n<div><\/div>\n<p><\/p>","protected":false},"excerpt":{"rendered":"<p>Sorry, this entry is only available in Portugu\u00eas. Caras Concidad\u00e3s\/os: \u00c9 importante deixar uma palavra sobre esta crise. Desde o in\u00edcio deste flagelo que o Munic\u00edpio de \u00c9vora decidiu, como orienta\u00e7\u00e3o, seguir as indica\u00e7\u00f5es da Dire\u00e7\u00e3o-Geral da Sa\u00fade. Decidimos, tamb\u00e9m, articular a nossa atividade com as institui\u00e7\u00f5es regionais, a come\u00e7ar pelos outros munic\u00edpios, no \u00e2mbito [&hellip;]<\/p>\n","protected":false},"author":45,"featured_media":0,"parent":18804,"menu_order":2,"comment_status":"closed","ping_status":"closed","template":"templates-map\/component-text-layout1.php","meta":{"_acf_changed":false,"footnotes":""},"categories":[],"class_list":["post-18807","page","type-page","status-publish","hentry"],"acf":{"imagens":"","titulo_docs_seccao":"","documentos":""},"_links":{"self":[{"href":"https:\/\/www.cm-evora.pt\/en\/wp-json\/wp\/v2\/pages\/18807","targetHints":{"allow":["GET"]}}],"collection":[{"href":"https:\/\/www.cm-evora.pt\/en\/wp-json\/wp\/v2\/pages"}],"about":[{"href":"https:\/\/www.cm-evora.pt\/en\/wp-json\/wp\/v2\/types\/page"}],"author":[{"embeddable":true,"href":"https:\/\/www.cm-evora.pt\/en\/wp-json\/wp\/v2\/users\/45"}],"replies":[{"embeddable":true,"href":"https:\/\/www.cm-evora.pt\/en\/wp-json\/wp\/v2\/comments?post=18807"}],"version-history":[{"count":8,"href":"https:\/\/www.cm-evora.pt\/en\/wp-json\/wp\/v2\/pages\/18807\/revisions"}],"predecessor-version":[{"id":19425,"href":"https:\/\/www.cm-evora.pt\/en\/wp-json\/wp\/v2\/pages\/18807\/revisions\/19425"}],"up":[{"embeddable":true,"href":"https:\/\/www.cm-evora.pt\/en\/wp-json\/wp\/v2\/pages\/18804"}],"wp:attachment":[{"href":"https:\/\/www.cm-evora.pt\/en\/wp-json\/wp\/v2\/media?parent=18807"}],"wp:term":[{"taxonomy":"category","embeddable":true,"href":"https:\/\/www.cm-evora.pt\/en\/wp-json\/wp\/v2\/categories?post=18807"}],"curies":[{"name":"wp","href":"https:\/\/api.w.org\/{rel}","templated":true}]}}