{"id":18809,"date":"2021-01-12T16:20:46","date_gmt":"2021-01-12T16:20:46","guid":{"rendered":"https:\/\/www.cm-evora.pt\/?page_id=18809"},"modified":"2021-01-14T13:52:03","modified_gmt":"2021-01-14T13:52:03","slug":"plano-de-contingencia-do-municipio-de-evora-para-o-covid-19","status":"publish","type":"page","link":"https:\/\/www.cm-evora.pt\/en\/municipe\/areas-de-acao\/covid-19-informacao-municipal\/plano-de-contingencia-do-municipio-de-evora-para-o-covid-19\/","title":{"rendered":"(Portugu\u00eas) Plano de Conting\u00eancia do Munic\u00edpio de \u00c9vora para o COVID-19"},"content":{"rendered":"<p class=\"qtranxs-available-languages-message qtranxs-available-languages-message-en\">Sorry, this entry is only available in <a href=\"https:\/\/www.cm-evora.pt\/pt\/wp-json\/wp\/v2\/pages\/18809\" class=\"qtranxs-available-language-link qtranxs-available-language-link-pt\" title=\"Portugu\u00eas\">Portugu\u00eas<\/a>.<\/p><p><\/p>\n<p style=\"text-align: center\"><a href=\"https:\/\/www.cm-evora.pt\/wp-content\/uploads\/2021\/01\/COVID19-banners-INFORMACAO-PlanoContingencia-639.jpg\"><img loading=\"lazy\" decoding=\"async\" class=\"alignnone  wp-image-19160\" src=\"https:\/\/www.cm-evora.pt\/wp-content\/uploads\/2021\/01\/COVID19-banners-INFORMACAO-PlanoContingencia-639.jpg\" alt=\"\" width=\"840\" height=\"476\" srcset=\"https:\/\/www.cm-evora.pt\/wp-content\/uploads\/2021\/01\/COVID19-banners-INFORMACAO-PlanoContingencia-639.jpg 639w, https:\/\/www.cm-evora.pt\/wp-content\/uploads\/2021\/01\/COVID19-banners-INFORMACAO-PlanoContingencia-639-300x170.jpg 300w\" sizes=\"auto, (max-width: 840px) 100vw, 840px\" \/><\/a><\/p>\n<p>A C\u00e2mara Municipal de \u00c9vora j\u00e1 tem em vigor um Plano de Conting\u00eancia para o COVID-19.<\/p>\n<p><span class=\"ms-rteThemeForeColor-4-5\">\u00c9 importante que todos os trabalhadores do Munic\u00edpio tomem conhecimento das medidas j\u00e1 tomadas e das que foram previstas de acordo com a evolu\u00e7\u00e3o do processo de contamina\u00e7\u00e3o que se vier a verificar.<\/span><\/p>\n<p><span class=\"ms-rteThemeForeColor-4-5\">Aconselha-se por isso a leitura atenta do\u00a0seguinte\u00a0documento:<\/span><\/p>","protected":false},"excerpt":{"rendered":"<p>Sorry, this entry is only available in Portugu\u00eas. A C\u00e2mara Municipal de \u00c9vora j\u00e1 tem em vigor um Plano de Conting\u00eancia para o COVID-19. \u00c9 importante que todos os trabalhadores do Munic\u00edpio tomem conhecimento das medidas j\u00e1 tomadas e das que foram previstas de acordo com a evolu\u00e7\u00e3o do processo de contamina\u00e7\u00e3o que se vier [&hellip;]<\/p>\n","protected":false},"author":45,"featured_media":0,"parent":18804,"menu_order":3,"comment_status":"closed","ping_status":"closed","template":"templates-map\/component-file-gallery-layout1.php","meta":{"_acf_changed":false,"footnotes":""},"categories":[],"class_list":["post-18809","page","type-page","status-publish","hentry"],"acf":[],"_links":{"self":[{"href":"https:\/\/www.cm-evora.pt\/en\/wp-json\/wp\/v2\/pages\/18809","targetHints":{"allow":["GET"]}}],"collection":[{"href":"https:\/\/www.cm-evora.pt\/en\/wp-json\/wp\/v2\/pages"}],"about":[{"href":"https:\/\/www.cm-evora.pt\/en\/wp-json\/wp\/v2\/types\/page"}],"author":[{"embeddable":true,"href":"https:\/\/www.cm-evora.pt\/en\/wp-json\/wp\/v2\/users\/45"}],"replies":[{"embeddable":true,"href":"https:\/\/www.cm-evora.pt\/en\/wp-json\/wp\/v2\/comments?post=18809"}],"version-history":[{"count":4,"href":"https:\/\/www.cm-evora.pt\/en\/wp-json\/wp\/v2\/pages\/18809\/revisions"}],"predecessor-version":[{"id":19182,"href":"https:\/\/www.cm-evora.pt\/en\/wp-json\/wp\/v2\/pages\/18809\/revisions\/19182"}],"up":[{"embeddable":true,"href":"https:\/\/www.cm-evora.pt\/en\/wp-json\/wp\/v2\/pages\/18804"}],"wp:attachment":[{"href":"https:\/\/www.cm-evora.pt\/en\/wp-json\/wp\/v2\/media?parent=18809"}],"wp:term":[{"taxonomy":"category","embeddable":true,"href":"https:\/\/www.cm-evora.pt\/en\/wp-json\/wp\/v2\/categories?post=18809"}],"curies":[{"name":"wp","href":"https:\/\/api.w.org\/{rel}","templated":true}]}}