{"id":18817,"date":"2021-01-12T21:04:25","date_gmt":"2021-01-12T21:04:25","guid":{"rendered":"https:\/\/www.cm-evora.pt\/?page_id=18817"},"modified":"2021-01-14T16:02:05","modified_gmt":"2021-01-14T16:02:05","slug":"medidas-preventivas-e-de-contencao","status":"publish","type":"page","link":"https:\/\/www.cm-evora.pt\/en\/municipe\/areas-de-acao\/covid-19-informacao-municipal\/medidas-preventivas-e-de-contencao\/","title":{"rendered":"(Portugu\u00eas) Medidas Preventivas e de Conten\u00e7\u00e3o"},"content":{"rendered":"","protected":false},"excerpt":{"rendered":"","protected":false},"author":45,"featured_media":0,"parent":18804,"menu_order":4,"comment_status":"closed","ping_status":"closed","template":"templates-map\/component-text-list-layout1.php","meta":{"_acf_changed":false,"footnotes":""},"categories":[],"class_list":["post-18817","page","type-page","status-publish","hentry"],"acf":[],"_links":{"self":[{"href":"https:\/\/www.cm-evora.pt\/en\/wp-json\/wp\/v2\/pages\/18817","targetHints":{"allow":["GET"]}}],"collection":[{"href":"https:\/\/www.cm-evora.pt\/en\/wp-json\/wp\/v2\/pages"}],"about":[{"href":"https:\/\/www.cm-evora.pt\/en\/wp-json\/wp\/v2\/types\/page"}],"author":[{"embeddable":true,"href":"https:\/\/www.cm-evora.pt\/en\/wp-json\/wp\/v2\/users\/45"}],"replies":[{"embeddable":true,"href":"https:\/\/www.cm-evora.pt\/en\/wp-json\/wp\/v2\/comments?post=18817"}],"version-history":[{"count":4,"href":"https:\/\/www.cm-evora.pt\/en\/wp-json\/wp\/v2\/pages\/18817\/revisions"}],"predecessor-version":[{"id":19231,"href":"https:\/\/www.cm-evora.pt\/en\/wp-json\/wp\/v2\/pages\/18817\/revisions\/19231"}],"up":[{"embeddable":true,"href":"https:\/\/www.cm-evora.pt\/en\/wp-json\/wp\/v2\/pages\/18804"}],"wp:attachment":[{"href":"https:\/\/www.cm-evora.pt\/en\/wp-json\/wp\/v2\/media?parent=18817"}],"wp:term":[{"taxonomy":"category","embeddable":true,"href":"https:\/\/www.cm-evora.pt\/en\/wp-json\/wp\/v2\/categories?post=18817"}],"curies":[{"name":"wp","href":"https:\/\/api.w.org\/{rel}","templated":true}]}}