{"id":18819,"date":"2021-01-12T21:05:38","date_gmt":"2021-01-12T21:05:38","guid":{"rendered":"https:\/\/www.cm-evora.pt\/?page_id=18819"},"modified":"2022-12-21T14:36:41","modified_gmt":"2022-12-21T14:36:41","slug":"evolucao-da-situacao-pandemica-covid19-no-concelho-de-evora","status":"publish","type":"page","link":"https:\/\/www.cm-evora.pt\/en\/municipe\/areas-de-acao\/covid-19-informacao-municipal\/evolucao-da-situacao-pandemica-covid19-no-concelho-de-evora\/","title":{"rendered":"(Portugu\u00eas) Evolu\u00e7\u00e3o da situa\u00e7\u00e3o pand\u00e9mica COVID-19 no Concelho de \u00c9vora"},"content":{"rendered":"<p class=\"qtranxs-available-languages-message qtranxs-available-languages-message-en\">Sorry, this entry is only available in <a href=\"https:\/\/www.cm-evora.pt\/pt\/wp-json\/wp\/v2\/pages\/18819\" class=\"qtranxs-available-language-link qtranxs-available-language-link-pt\" title=\"Portugu\u00eas\">Portugu\u00eas<\/a>.<\/p><p><\/p>\n<div style=\"text-align: center\">\n<p><strong>RELAT\u00d3RIO DA SITUA\u00c7\u00c3O EPIDEMIOL\u00d3GICA NO CONCELHO DE \u00c9VORA<\/strong><\/p>\n<p>&nbsp;<\/p>\n<p><a href=\"https:\/\/www.cm-evora.pt\/wp-content\/uploads\/2021\/01\/Site_Covid_InformacaoMunicipal-1.png\" target=\"_blank\" rel=\"noopener noreferrer\"><img loading=\"lazy\" decoding=\"async\" class=\"alignnone wp-image-20060 size-full\" src=\"https:\/\/www.cm-evora.pt\/wp-content\/uploads\/2021\/01\/Site_Covid_InformacaoMunicipal-1.png\" alt=\"\" width=\"1081\" height=\"613\" srcset=\"https:\/\/www.cm-evora.pt\/wp-content\/uploads\/2021\/01\/Site_Covid_InformacaoMunicipal-1.png 1081w, https:\/\/www.cm-evora.pt\/wp-content\/uploads\/2021\/01\/Site_Covid_InformacaoMunicipal-1-300x170.png 300w, https:\/\/www.cm-evora.pt\/wp-content\/uploads\/2021\/01\/Site_Covid_InformacaoMunicipal-1-1024x581.png 1024w, https:\/\/www.cm-evora.pt\/wp-content\/uploads\/2021\/01\/Site_Covid_InformacaoMunicipal-1-768x436.png 768w\" sizes=\"auto, (max-width: 1081px) 100vw, 1081px\" \/><\/a><\/div>\n<div><\/div>\n<div>\n<p><strong>Fonte: A informa\u00e7\u00e3o transmitida tem origem no Departamento de Sa\u00fade P\u00fablica da ARS Alentejo, sendo divulgada ap\u00f3s o respetivo conhecimento.<\/strong><\/p>\n<p>&nbsp;<\/p>\n<p>&nbsp;<\/p>\n<p>A C\u00e2mara Municipal de \u00c9vora informa que desde o passado dia 08 de janeiro de 2022 deixou de receber informa\u00e7\u00e3o do Departamento de Sa\u00fade P\u00fablica da Administra\u00e7\u00e3o Regional de Sa\u00fade do Alentejo (ARS Alentejo) sobre os novos casos de COVID-19 no Concelho de \u00c9vora, tendo sido, por este motivo, suspensa a publica\u00e7\u00e3o di\u00e1ria desta informa\u00e7\u00e3o.<\/p>\n<p>O Relat\u00f3rio da Situa\u00e7\u00e3o Epidemiol\u00f3gica no Concelho de \u00c9vora voltar\u00e1 a ser publicado assim que o Departamento de Sa\u00fade P\u00fablica da ARS Alentejo retome o envio dos respetivos dados.<\/p>\n<p>&nbsp;<\/p>\n<\/div>\n<div style=\"text-align: center\"><a href=\"https:\/\/www.cm-evora.pt\/wp-content\/uploads\/2022\/01\/SitEp20220125.jpg\"><img loading=\"lazy\" decoding=\"async\" class=\"alignnone size-full wp-image-31146\" src=\"https:\/\/www.cm-evora.pt\/wp-content\/uploads\/2022\/01\/SitEp20220125.jpg\" alt=\"\" width=\"1511\" height=\"1511\" srcset=\"https:\/\/www.cm-evora.pt\/wp-content\/uploads\/2022\/01\/SitEp20220125.jpg 1511w, https:\/\/www.cm-evora.pt\/wp-content\/uploads\/2022\/01\/SitEp20220125-300x300.jpg 300w, https:\/\/www.cm-evora.pt\/wp-content\/uploads\/2022\/01\/SitEp20220125-1024x1024.jpg 1024w, https:\/\/www.cm-evora.pt\/wp-content\/uploads\/2022\/01\/SitEp20220125-150x150.jpg 150w, https:\/\/www.cm-evora.pt\/wp-content\/uploads\/2022\/01\/SitEp20220125-768x768.jpg 768w, https:\/\/www.cm-evora.pt\/wp-content\/uploads\/2022\/01\/SitEp20220125-1320x1320.jpg 1320w\" sizes=\"auto, (max-width: 1511px) 100vw, 1511px\" \/><\/a><\/div>\n<p><\/p>","protected":false},"excerpt":{"rendered":"<p>Sorry, this entry is only available in Portugu\u00eas. RELAT\u00d3RIO DA SITUA\u00c7\u00c3O EPIDEMIOL\u00d3GICA NO CONCELHO DE \u00c9VORA &nbsp; Fonte: A informa\u00e7\u00e3o transmitida tem origem no Departamento de Sa\u00fade P\u00fablica da ARS Alentejo, sendo divulgada ap\u00f3s o respetivo conhecimento. &nbsp; &nbsp; A C\u00e2mara Municipal de \u00c9vora informa que desde o passado dia 08 de janeiro de 2022 [&hellip;]<\/p>\n","protected":false},"author":45,"featured_media":0,"parent":18804,"menu_order":0,"comment_status":"closed","ping_status":"closed","template":"templates-map\/component-photo-gallery-list-layout1.php","meta":{"_acf_changed":false,"footnotes":""},"categories":[],"class_list":["post-18819","page","type-page","status-publish","hentry"],"acf":[],"_links":{"self":[{"href":"https:\/\/www.cm-evora.pt\/en\/wp-json\/wp\/v2\/pages\/18819","targetHints":{"allow":["GET"]}}],"collection":[{"href":"https:\/\/www.cm-evora.pt\/en\/wp-json\/wp\/v2\/pages"}],"about":[{"href":"https:\/\/www.cm-evora.pt\/en\/wp-json\/wp\/v2\/types\/page"}],"author":[{"embeddable":true,"href":"https:\/\/www.cm-evora.pt\/en\/wp-json\/wp\/v2\/users\/45"}],"replies":[{"embeddable":true,"href":"https:\/\/www.cm-evora.pt\/en\/wp-json\/wp\/v2\/comments?post=18819"}],"version-history":[{"count":50,"href":"https:\/\/www.cm-evora.pt\/en\/wp-json\/wp\/v2\/pages\/18819\/revisions"}],"predecessor-version":[{"id":44032,"href":"https:\/\/www.cm-evora.pt\/en\/wp-json\/wp\/v2\/pages\/18819\/revisions\/44032"}],"up":[{"embeddable":true,"href":"https:\/\/www.cm-evora.pt\/en\/wp-json\/wp\/v2\/pages\/18804"}],"wp:attachment":[{"href":"https:\/\/www.cm-evora.pt\/en\/wp-json\/wp\/v2\/media?parent=18819"}],"wp:term":[{"taxonomy":"category","embeddable":true,"href":"https:\/\/www.cm-evora.pt\/en\/wp-json\/wp\/v2\/categories?post=18819"}],"curies":[{"name":"wp","href":"https:\/\/api.w.org\/{rel}","templated":true}]}}