{"id":18830,"date":"2021-01-12T21:24:03","date_gmt":"2021-01-12T21:24:03","guid":{"rendered":"https:\/\/www.cm-evora.pt\/?page_id=18830"},"modified":"2023-04-12T14:51:30","modified_gmt":"2023-04-12T13:51:30","slug":"servicos-online","status":"publish","type":"page","link":"https:\/\/www.cm-evora.pt\/en\/municipe\/areas-de-acao\/covid-19-informacao-municipal\/servicos-online\/","title":{"rendered":"Servi\u00e7os Online"},"content":{"rendered":"<p style=\"text-align: center\"><span class=\"ms-rteThemeForeColor-4-5\"><a href=\"https:\/\/www.cm-evora.pt\/wp-content\/uploads\/2021\/01\/COVID-19-bannerSite-ServicosOnline_03.jpg\"><img loading=\"lazy\" decoding=\"async\" class=\"alignnone size-full wp-image-19406\" src=\"https:\/\/www.cm-evora.pt\/wp-content\/uploads\/2021\/01\/COVID-19-bannerSite-ServicosOnline_03.jpg\" alt=\"\" width=\"639\" height=\"362\" srcset=\"https:\/\/www.cm-evora.pt\/wp-content\/uploads\/2021\/01\/COVID-19-bannerSite-ServicosOnline_03.jpg 639w, https:\/\/www.cm-evora.pt\/wp-content\/uploads\/2021\/01\/COVID-19-bannerSite-ServicosOnline_03-300x170.jpg 300w\" sizes=\"auto, (max-width: 639px) 100vw, 639px\" \/><\/a><\/span><\/p>\n<p><span class=\"ms-rteThemeForeColor-4-5\">A C\u00e2mara Municipal de \u00c9vora disponibiliza v\u00e1rios servi\u00e7os online que o mun\u00edcipe pode utilizar, podendo assim evitar deslocar-se presencialmente aos locais de atendimento:<\/span><\/p>\n<ul>\n<li><span class=\"ms-rteThemeForeColor-4-5\"><strong>Comunica\u00e7\u00e3o de leituras de \u00e1gua<\/strong><\/span><\/li>\n<\/ul>\n<ul>\n<li style=\"list-style-type: none\">\n<ul>\n<li><a href=\"https:\/\/cliente-aguas.cm-evora.pt\/\" target=\"_blank\" rel=\"noopener noreferrer\">https:\/\/cliente-aguas.cm-evora.pt\/<\/a><\/li>\n<li><a href=\"https:\/\/www.cm-evora.pt\/servicos\/comunicacao-de-ocorrencias\/\" target=\"_blank\" rel=\"noopener noreferrer\"><span class=\"ms-rteThemeForeColor-4-5\">APP MUNIC\u00cdPIO DE \u00c9VORA<\/span><\/a><\/li>\n<\/ul>\n<\/li>\n<\/ul>\n<ul>\n<li><span class=\"ms-rteThemeForeColor-4-5\"><strong>Comunica\u00e7\u00e3o de Roturas e Interven\u00e7\u00f5es na Via P\u00fablica<\/strong><\/span>\n<ul>\n<li><a href=\"https:\/\/www.cm-evora.pt\/municipe\/avisos-e-outras-informacoes\/comunicacao-de-roturas\/\" target=\"_blank\" rel=\"noopener noreferrer\">https:\/\/www.cm-evora.pt\/municipe\/avisos-e-outras-informacoes\/comunicacao-de-roturas\/<\/a><\/li>\n<\/ul>\n<\/li>\n<\/ul>\n<ul>\n<li style=\"list-style-type: none\">\n<ul>\n<li><a href=\"https:\/\/www.cm-evora.pt\/servicos\/comunicacao-de-ocorrencias\/\" target=\"_blank\" rel=\"noopener noreferrer\"><span class=\"ms-rteThemeForeColor-4-5\">APP MUNIC\u00cdPIO DE \u00c9VORA<\/span><\/a><\/li>\n<\/ul>\n<\/li>\n<\/ul>\n<ul>\n<li><span class=\"ms-rteThemeForeColor-4-5\"><strong>Comunica\u00e7\u00e3o de Ocorr\u00eancias<\/strong><\/span>\n<ul>\n<li><span class=\"ms-rteForeColor-8\">\u200b<a href=\"https:\/\/www.cm-evora.pt\/municipe\/areas-de-acao\/protecao-civil\/a-protecao-civil\/\" target=\"_blank\" rel=\"noopener noreferrer\">https:\/\/www.cm-evora.pt\/municipe\/areas-de-acao\/protecao-civil\/a-protecao-civil\/<\/a><\/span><\/li>\n<\/ul>\n<\/li>\n<\/ul>\n<ul>\n<li style=\"list-style-type: none\">\n<ul>\n<li><a href=\"https:\/\/www.cm-evora.pt\/servicos\/comunicacao-de-ocorrencias\/\" target=\"_blank\" rel=\"noopener noreferrer\"><span class=\"ms-rteThemeForeColor-4-5\">APP MUNIC\u00cdPIO DE \u00c9VORA<\/span><\/a><\/li>\n<\/ul>\n<\/li>\n<\/ul>\n<ul>\n<li><span class=\"ms-rteThemeForeColor-4-5\"><strong>Ades\u00e3o \u00e0 Fatura Eletr\u00f3nica e D\u00e9bito Direto<\/strong><\/span>\n<ul>\n<li><a href=\"https:\/\/cliente-aguas.cm-evora.pt\/\" target=\"_blank\" rel=\"noopener noreferrer\">https:\/\/cliente-aguas.cm-evora.pt\/<\/a><\/li>\n<\/ul>\n<\/li>\n<\/ul>\n<ul>\n<li><strong>Livro de Reclama\u00e7\u00f5es Online<\/strong>\n<ul>\n<li><a title=\"Livro de Reclama\u00e7\u00f5es Online\" href=\"https:\/\/www.livroreclamacoes.pt\/inicio\" target=\"_blank\" rel=\"noopener\"><span class=\"ms-rteForeColor-8\">https:\/\/www.livroreclamacoes.pt\/inicio<\/span><\/a><\/li>\n<\/ul>\n<\/li>\n<\/ul>\n<p><span class=\"ms-rteThemeForeColor-4-5\">Pode ainda consultar documentos como:<\/span><\/p>\n<ul>\n<li><span class=\"ms-rteThemeForeColor-4-5\"><strong>Covid-19 &#8211; Atualiza\u00e7\u00e3o de Informa\u00e7\u00e3o<\/strong>:<\/span>\n<ul>\n<li><a href=\"https:\/\/www.cm-evora.pt\/municipe\/areas-de-acao\/covid-19-informacao-municipal\/\" target=\"_blank\" rel=\"noopener noreferrer\">https:\/\/www.cm-evora.pt\/municipe\/areas-de-acao\/covid-19-informacao-municipal\/<\/a><\/li>\n<\/ul>\n<\/li>\n<\/ul>\n<ul>\n<li><span class=\"ms-rteThemeForeColor-4-5\"><strong>Informa\u00e7\u00f5es de Tr\u00e2nsito<\/strong>:<\/span>\n<ul>\n<li><a href=\"https:\/\/www.cm-evora.pt\/municipe\/avisos-e-outras-informacoes\/avisos-de-transito-rede-de-agua-e-esgotos-outros-avisos\/\" target=\"_blank\" rel=\"noopener noreferrer\">https:\/\/www.cm-evora.pt\/municipe\/avisos-e-outras-informacoes\/avisos-de-transito-rede-de-agua-e-esgotos-outros-avisos\/<\/a><\/li>\n<\/ul>\n<\/li>\n<\/ul>\n<ul>\n<li><span class=\"ms-rteThemeForeColor-4-5\"><strong>Avisos e Editais<\/strong>:<\/span>\n<ul>\n<li><a href=\"https:\/\/www.cm-evora.pt\/municipe\/camara-municipal\/avisoseditais\/\" target=\"_blank\" rel=\"noopener noreferrer\">https:\/\/www.cm-evora.pt\/municipe\/camara-municipal\/avisoseditais\/<\/a><\/li>\n<\/ul>\n<\/li>\n<\/ul>\n<ul>\n<li><span style=\"color: #181818\"><b>\u200b\u200b<\/b><\/span><strong>Reuni\u00f5es P\u00fablicas de C\u00e2mara<\/strong>:\n<ul>\n<li><a href=\"https:\/\/www.cm-evora.pt\/municipe\/camara-municipal\/reunioes-de-camara\/\" target=\"_blank\" rel=\"noopener noreferrer\">https:\/\/www.cm-evora.pt\/municipe\/camara-municipal\/reunioes-de-camara\/<\/a><\/li>\n<\/ul>\n<\/li>\n<\/ul>\n","protected":false},"excerpt":{"rendered":"<p>A C\u00e2mara Municipal de \u00c9vora disponibiliza v\u00e1rios servi\u00e7os online que o mun\u00edcipe pode utilizar, podendo assim evitar deslocar-se presencialmente aos locais de atendimento: Comunica\u00e7\u00e3o de leituras de \u00e1gua https:\/\/cliente-aguas.cm-evora.pt\/ APP MUNIC\u00cdPIO DE \u00c9VORA Comunica\u00e7\u00e3o de Roturas e Interven\u00e7\u00f5es na Via P\u00fablica https:\/\/www.cm-evora.pt\/municipe\/avisos-e-outras-informacoes\/comunicacao-de-roturas\/ APP MUNIC\u00cdPIO DE \u00c9VORA Comunica\u00e7\u00e3o de Ocorr\u00eancias \u200bhttps:\/\/www.cm-evora.pt\/municipe\/areas-de-acao\/protecao-civil\/a-protecao-civil\/ APP MUNIC\u00cdPIO DE \u00c9VORA Ades\u00e3o [&hellip;]<\/p>\n","protected":false},"author":45,"featured_media":0,"parent":18804,"menu_order":7,"comment_status":"closed","ping_status":"closed","template":"templates-map\/component-text-layout1.php","meta":{"_acf_changed":false,"footnotes":""},"categories":[],"class_list":["post-18830","page","type-page","status-publish","hentry"],"acf":{"imagens":"","titulo_docs_seccao":"","documentos":""},"_links":{"self":[{"href":"https:\/\/www.cm-evora.pt\/en\/wp-json\/wp\/v2\/pages\/18830","targetHints":{"allow":["GET"]}}],"collection":[{"href":"https:\/\/www.cm-evora.pt\/en\/wp-json\/wp\/v2\/pages"}],"about":[{"href":"https:\/\/www.cm-evora.pt\/en\/wp-json\/wp\/v2\/types\/page"}],"author":[{"embeddable":true,"href":"https:\/\/www.cm-evora.pt\/en\/wp-json\/wp\/v2\/users\/45"}],"replies":[{"embeddable":true,"href":"https:\/\/www.cm-evora.pt\/en\/wp-json\/wp\/v2\/comments?post=18830"}],"version-history":[{"count":8,"href":"https:\/\/www.cm-evora.pt\/en\/wp-json\/wp\/v2\/pages\/18830\/revisions"}],"predecessor-version":[{"id":47860,"href":"https:\/\/www.cm-evora.pt\/en\/wp-json\/wp\/v2\/pages\/18830\/revisions\/47860"}],"up":[{"embeddable":true,"href":"https:\/\/www.cm-evora.pt\/en\/wp-json\/wp\/v2\/pages\/18804"}],"wp:attachment":[{"href":"https:\/\/www.cm-evora.pt\/en\/wp-json\/wp\/v2\/media?parent=18830"}],"wp:term":[{"taxonomy":"category","embeddable":true,"href":"https:\/\/www.cm-evora.pt\/en\/wp-json\/wp\/v2\/categories?post=18830"}],"curies":[{"name":"wp","href":"https:\/\/api.w.org\/{rel}","templated":true}]}}