{"id":18840,"date":"2021-01-12T21:27:35","date_gmt":"2021-01-12T21:27:35","guid":{"rendered":"https:\/\/www.cm-evora.pt\/?page_id=18840"},"modified":"2021-01-15T16:52:58","modified_gmt":"2021-01-15T16:52:58","slug":"informacao-do-centro-nacional-de-ciberseguranca-boas-praticas","status":"publish","type":"page","link":"https:\/\/www.cm-evora.pt\/en\/municipe\/areas-de-acao\/covid-19-informacao-municipal\/informacao-do-centro-nacional-de-ciberseguranca-boas-praticas\/","title":{"rendered":"(Portugu\u00eas) Informa\u00e7\u00e3o do Centro Nacional de Ciberseguran\u00e7a &#8211; Boas Pr\u00e1ticas"},"content":{"rendered":"<p class=\"qtranxs-available-languages-message qtranxs-available-languages-message-en\">Sorry, this entry is only available in <a href=\"https:\/\/www.cm-evora.pt\/pt\/wp-json\/wp\/v2\/pages\/18840\" class=\"qtranxs-available-language-link qtranxs-available-language-link-pt\" title=\"Portugu\u00eas\">Portugu\u00eas<\/a>.<\/p><p><\/p>\n<div style=\"text-align: center\"><span class=\"ms-rteThemeForeColor-4-5\"><strong>Boas Pr\u00e1ticas<\/strong><\/span><\/div>\n<div style=\"text-align: center\"><span class=\"ms-rteThemeForeColor-4-5\">\u00a0<\/span><\/div>\n<div style=\"text-align: center\"><span class=\"ms-rteForeColor-8\"><a title=\"https:\/\/www.cncs.gov.pt\/recursos\/boas-praticas\/\" href=\"https:\/\/www.cncs.gov.pt\/recursos\/boas-praticas\/\" target=\"_blank\" rel=\"noopener noreferrer\">https:\/\/www.cncs.gov.pt\/recursos\/boas-praticas\/<\/a><\/span><\/div>\n<p><\/p>","protected":false},"excerpt":{"rendered":"<p>Sorry, this entry is only available in Portugu\u00eas. Boas Pr\u00e1ticas \u00a0 https:\/\/www.cncs.gov.pt\/recursos\/boas-praticas\/<\/p>\n","protected":false},"author":45,"featured_media":0,"parent":18804,"menu_order":12,"comment_status":"closed","ping_status":"closed","template":"templates-map\/component-text-layout1.php","meta":{"_acf_changed":false,"footnotes":""},"categories":[],"class_list":["post-18840","page","type-page","status-publish","hentry"],"acf":{"imagens":"","titulo_docs_seccao":"","documentos":""},"_links":{"self":[{"href":"https:\/\/www.cm-evora.pt\/en\/wp-json\/wp\/v2\/pages\/18840","targetHints":{"allow":["GET"]}}],"collection":[{"href":"https:\/\/www.cm-evora.pt\/en\/wp-json\/wp\/v2\/pages"}],"about":[{"href":"https:\/\/www.cm-evora.pt\/en\/wp-json\/wp\/v2\/types\/page"}],"author":[{"embeddable":true,"href":"https:\/\/www.cm-evora.pt\/en\/wp-json\/wp\/v2\/users\/45"}],"replies":[{"embeddable":true,"href":"https:\/\/www.cm-evora.pt\/en\/wp-json\/wp\/v2\/comments?post=18840"}],"version-history":[{"count":2,"href":"https:\/\/www.cm-evora.pt\/en\/wp-json\/wp\/v2\/pages\/18840\/revisions"}],"predecessor-version":[{"id":19418,"href":"https:\/\/www.cm-evora.pt\/en\/wp-json\/wp\/v2\/pages\/18840\/revisions\/19418"}],"up":[{"embeddable":true,"href":"https:\/\/www.cm-evora.pt\/en\/wp-json\/wp\/v2\/pages\/18804"}],"wp:attachment":[{"href":"https:\/\/www.cm-evora.pt\/en\/wp-json\/wp\/v2\/media?parent=18840"}],"wp:term":[{"taxonomy":"category","embeddable":true,"href":"https:\/\/www.cm-evora.pt\/en\/wp-json\/wp\/v2\/categories?post=18840"}],"curies":[{"name":"wp","href":"https:\/\/api.w.org\/{rel}","templated":true}]}}