{"id":18842,"date":"2021-01-12T21:28:11","date_gmt":"2021-01-12T21:28:11","guid":{"rendered":"https:\/\/www.cm-evora.pt\/?page_id=18842"},"modified":"2021-01-19T11:25:50","modified_gmt":"2021-01-19T11:25:50","slug":"plano-de-contingencia-do-mercado-temporario-rossio-de-s-bras-para-o-covid-19","status":"publish","type":"page","link":"https:\/\/www.cm-evora.pt\/en\/municipe\/areas-de-acao\/covid-19-informacao-municipal\/plano-de-contingencia-do-mercado-temporario-rossio-de-s-bras-para-o-covid-19\/","title":{"rendered":"(Portugu\u00eas) Plano de Conting\u00eancia do Mercado tempor\u00e1rio &#8211; Rossio de S. Br\u00e1s para o COVID-19"},"content":{"rendered":"<p class=\"qtranxs-available-languages-message qtranxs-available-languages-message-en\">Sorry, this entry is only available in <a href=\"https:\/\/www.cm-evora.pt\/pt\/wp-json\/wp\/v2\/pages\/18842\" class=\"qtranxs-available-language-link qtranxs-available-language-link-pt\" title=\"Portugu\u00eas\">Portugu\u00eas<\/a>.<\/p><p><\/p>\n<p style=\"text-align: center\"><a href=\"https:\/\/www.cm-evora.pt\/wp-content\/uploads\/2021\/01\/COVID19-banners-INFORMACAO-PlanoContingencia-639-1.jpg\"><img loading=\"lazy\" decoding=\"async\" class=\"alignnone size-full wp-image-19543\" src=\"https:\/\/www.cm-evora.pt\/wp-content\/uploads\/2021\/01\/COVID19-banners-INFORMACAO-PlanoContingencia-639-1.jpg\" alt=\"\" width=\"639\" height=\"362\" srcset=\"https:\/\/www.cm-evora.pt\/wp-content\/uploads\/2021\/01\/COVID19-banners-INFORMACAO-PlanoContingencia-639-1.jpg 639w, https:\/\/www.cm-evora.pt\/wp-content\/uploads\/2021\/01\/COVID19-banners-INFORMACAO-PlanoContingencia-639-1-300x170.jpg 300w\" sizes=\"auto, (max-width: 639px) 100vw, 639px\" \/><\/a><\/p>\n<h2 style=\"text-align: center\"><span style=\"text-decoration: underline\"><strong><span style=\"color: #ff0000;text-decoration: underline\">TEMPORARIAMENTE SUSPENSO<\/span><\/strong><\/span><\/h2>\n<p>O Mercado tempor\u00e1rio (Rossio de S. Br\u00e1s) tem em vigor o seguinte Plano de Conting\u00eancia:<\/p>","protected":false},"excerpt":{"rendered":"<p>Sorry, this entry is only available in Portugu\u00eas. TEMPORARIAMENTE SUSPENSO O Mercado tempor\u00e1rio (Rossio de S. Br\u00e1s) tem em vigor o seguinte Plano de Conting\u00eancia:<\/p>\n","protected":false},"author":45,"featured_media":0,"parent":18804,"menu_order":13,"comment_status":"closed","ping_status":"closed","template":"templates-map\/component-text-layout1.php","meta":{"_acf_changed":false,"footnotes":""},"categories":[],"class_list":["post-18842","page","type-page","status-publish","hentry"],"acf":{"imagens":"","titulo_docs_seccao":"","documentos":[19544]},"_links":{"self":[{"href":"https:\/\/www.cm-evora.pt\/en\/wp-json\/wp\/v2\/pages\/18842","targetHints":{"allow":["GET"]}}],"collection":[{"href":"https:\/\/www.cm-evora.pt\/en\/wp-json\/wp\/v2\/pages"}],"about":[{"href":"https:\/\/www.cm-evora.pt\/en\/wp-json\/wp\/v2\/types\/page"}],"author":[{"embeddable":true,"href":"https:\/\/www.cm-evora.pt\/en\/wp-json\/wp\/v2\/users\/45"}],"replies":[{"embeddable":true,"href":"https:\/\/www.cm-evora.pt\/en\/wp-json\/wp\/v2\/comments?post=18842"}],"version-history":[{"count":3,"href":"https:\/\/www.cm-evora.pt\/en\/wp-json\/wp\/v2\/pages\/18842\/revisions"}],"predecessor-version":[{"id":19648,"href":"https:\/\/www.cm-evora.pt\/en\/wp-json\/wp\/v2\/pages\/18842\/revisions\/19648"}],"up":[{"embeddable":true,"href":"https:\/\/www.cm-evora.pt\/en\/wp-json\/wp\/v2\/pages\/18804"}],"acf:post":[{"embeddable":true,"href":"https:\/\/www.cm-evora.pt\/en\/wp-json\/wp\/v2\/listas_ficheiros\/19544"}],"wp:attachment":[{"href":"https:\/\/www.cm-evora.pt\/en\/wp-json\/wp\/v2\/media?parent=18842"}],"wp:term":[{"taxonomy":"category","embeddable":true,"href":"https:\/\/www.cm-evora.pt\/en\/wp-json\/wp\/v2\/categories?post=18842"}],"curies":[{"name":"wp","href":"https:\/\/api.w.org\/{rel}","templated":true}]}}