{"id":19195,"date":"2021-01-14T14:42:06","date_gmt":"2021-01-14T14:42:06","guid":{"rendered":"https:\/\/www.cm-evora.pt\/?page_id=19195"},"modified":"2021-09-14T11:49:52","modified_gmt":"2021-09-14T10:49:52","slug":"ligue-contactos-diretos-dos-servicos-do-municipio","status":"publish","type":"page","link":"https:\/\/www.cm-evora.pt\/en\/municipe\/areas-de-acao\/covid-19-informacao-municipal\/informacao-servicos-do-municipio\/ligue-contactos-diretos-dos-servicos-do-municipio\/","title":{"rendered":"(Portugu\u00eas) Ligue! Contactos diretos dos Servi\u00e7os do Munic\u00edpio"},"content":{"rendered":"<p class=\"qtranxs-available-languages-message qtranxs-available-languages-message-en\">Sorry, this entry is only available in <a href=\"https:\/\/www.cm-evora.pt\/pt\/wp-json\/wp\/v2\/pages\/19195\" class=\"qtranxs-available-language-link qtranxs-available-language-link-pt\" title=\"Portugu\u00eas\">Portugu\u00eas<\/a>.<\/p><p><\/p>\n<p style=\"text-align: center\"><a href=\"https:\/\/www.cm-evora.pt\/wp-content\/uploads\/2021\/09\/Servic\u0327osContactosCME_page-0001.jpeg\"><img loading=\"lazy\" decoding=\"async\" class=\"alignnone size-full wp-image-26526\" src=\"https:\/\/www.cm-evora.pt\/wp-content\/uploads\/2021\/09\/Servic\u0327osContactosCME_page-0001.jpeg\" alt=\"\" width=\"1754\" height=\"2481\" srcset=\"https:\/\/www.cm-evora.pt\/wp-content\/uploads\/2021\/09\/Servic\u0327osContactosCME_page-0001.jpeg 1754w, https:\/\/www.cm-evora.pt\/wp-content\/uploads\/2021\/09\/Servic\u0327osContactosCME_page-0001-212x300.jpeg 212w, https:\/\/www.cm-evora.pt\/wp-content\/uploads\/2021\/09\/Servic\u0327osContactosCME_page-0001-724x1024.jpeg 724w, https:\/\/www.cm-evora.pt\/wp-content\/uploads\/2021\/09\/Servic\u0327osContactosCME_page-0001-768x1086.jpeg 768w, https:\/\/www.cm-evora.pt\/wp-content\/uploads\/2021\/09\/Servic\u0327osContactosCME_page-0001-1086x1536.jpeg 1086w, https:\/\/www.cm-evora.pt\/wp-content\/uploads\/2021\/09\/Servic\u0327osContactosCME_page-0001-1448x2048.jpeg 1448w, https:\/\/www.cm-evora.pt\/wp-content\/uploads\/2021\/09\/Servic\u0327osContactosCME_page-0001-1320x1867.jpeg 1320w\" sizes=\"auto, (max-width: 1754px) 100vw, 1754px\" \/><\/a><\/p>\n<p><\/p>","protected":false},"excerpt":{"rendered":"<p>Sorry, this entry is only available in Portugu\u00eas.<\/p>\n","protected":false},"author":45,"featured_media":0,"parent":18828,"menu_order":1,"comment_status":"closed","ping_status":"closed","template":"templates-map\/component-text-layout1.php","meta":{"_acf_changed":false,"footnotes":""},"categories":[],"class_list":["post-19195","page","type-page","status-publish","hentry"],"acf":{"imagens":"","titulo_docs_seccao":"","documentos":[19374]},"_links":{"self":[{"href":"https:\/\/www.cm-evora.pt\/en\/wp-json\/wp\/v2\/pages\/19195","targetHints":{"allow":["GET"]}}],"collection":[{"href":"https:\/\/www.cm-evora.pt\/en\/wp-json\/wp\/v2\/pages"}],"about":[{"href":"https:\/\/www.cm-evora.pt\/en\/wp-json\/wp\/v2\/types\/page"}],"author":[{"embeddable":true,"href":"https:\/\/www.cm-evora.pt\/en\/wp-json\/wp\/v2\/users\/45"}],"replies":[{"embeddable":true,"href":"https:\/\/www.cm-evora.pt\/en\/wp-json\/wp\/v2\/comments?post=19195"}],"version-history":[{"count":5,"href":"https:\/\/www.cm-evora.pt\/en\/wp-json\/wp\/v2\/pages\/19195\/revisions"}],"predecessor-version":[{"id":26527,"href":"https:\/\/www.cm-evora.pt\/en\/wp-json\/wp\/v2\/pages\/19195\/revisions\/26527"}],"up":[{"embeddable":true,"href":"https:\/\/www.cm-evora.pt\/en\/wp-json\/wp\/v2\/pages\/18828"}],"acf:post":[{"embeddable":true,"href":"https:\/\/www.cm-evora.pt\/en\/wp-json\/wp\/v2\/listas_ficheiros\/19374"}],"wp:attachment":[{"href":"https:\/\/www.cm-evora.pt\/en\/wp-json\/wp\/v2\/media?parent=19195"}],"wp:term":[{"taxonomy":"category","embeddable":true,"href":"https:\/\/www.cm-evora.pt\/en\/wp-json\/wp\/v2\/categories?post=19195"}],"curies":[{"name":"wp","href":"https:\/\/api.w.org\/{rel}","templated":true}]}}