{"id":19367,"date":"2021-01-15T15:47:59","date_gmt":"2021-01-15T15:47:59","guid":{"rendered":"https:\/\/www.cm-evora.pt\/?page_id=19367"},"modified":"2023-02-23T09:13:02","modified_gmt":"2023-02-23T09:13:02","slug":"app-municipio-de-evora","status":"publish","type":"page","link":"https:\/\/www.cm-evora.pt\/en\/municipe\/areas-de-acao\/covid-19-informacao-municipal\/informacao-servicos-do-municipio\/app-municipio-de-evora\/","title":{"rendered":"(Portugu\u00eas) App Munic\u00edpio de \u00c9vora"},"content":{"rendered":"<p class=\"qtranxs-available-languages-message qtranxs-available-languages-message-en\">Sorry, this entry is only available in <a href=\"https:\/\/www.cm-evora.pt\/pt\/wp-json\/wp\/v2\/pages\/19367\" class=\"qtranxs-available-language-link qtranxs-available-language-link-pt\" title=\"Portugu\u00eas\">Portugu\u00eas<\/a>.<\/p><p><\/p>\n<h3>Comunique ocorr\u00eancias, submeta leituras de \u00e1gua e receba not\u00edcias e alertas<\/h3>\n<p style=\"text-align: center\"><a href=\"https:\/\/www.cm-evora.pt\/wp-content\/uploads\/2023\/02\/BannerCME_APPMunicipio-03.png\"><img loading=\"lazy\" decoding=\"async\" class=\"alignnone size-full wp-image-45838\" src=\"https:\/\/www.cm-evora.pt\/wp-content\/uploads\/2023\/02\/BannerCME_APPMunicipio-03.png\" alt=\"\" width=\"3779\" height=\"1764\" srcset=\"https:\/\/www.cm-evora.pt\/wp-content\/uploads\/2023\/02\/BannerCME_APPMunicipio-03.png 3779w, https:\/\/www.cm-evora.pt\/wp-content\/uploads\/2023\/02\/BannerCME_APPMunicipio-03-300x140.png 300w, https:\/\/www.cm-evora.pt\/wp-content\/uploads\/2023\/02\/BannerCME_APPMunicipio-03-1024x478.png 1024w, https:\/\/www.cm-evora.pt\/wp-content\/uploads\/2023\/02\/BannerCME_APPMunicipio-03-768x358.png 768w, https:\/\/www.cm-evora.pt\/wp-content\/uploads\/2023\/02\/BannerCME_APPMunicipio-03-1536x717.png 1536w, https:\/\/www.cm-evora.pt\/wp-content\/uploads\/2023\/02\/BannerCME_APPMunicipio-03-2048x956.png 2048w, https:\/\/www.cm-evora.pt\/wp-content\/uploads\/2023\/02\/BannerCME_APPMunicipio-03-1320x616.png 1320w\" sizes=\"auto, (max-width: 3779px) 100vw, 3779px\" \/><\/a><\/p>\n<div><span class=\"ms-rteThemeForeColor-4-5\">Esta aplica\u00e7\u00e3o permite ao mun\u00edcipe, \u00e0 dist\u00e2ncia de um toque e em tempo real, comunicar ocorr\u00eancias (roturas de \u00e1gua, queda de sinaliza\u00e7\u00e3o, entre outros), submeter leituras de \u00e1gua ou simplesmente receber as not\u00edcias e alertas emitidos pela autarquia.<\/span><\/div>\n<div><span class=\"ms-rteThemeForeColor-4-5\">\u00a0<\/span><\/div>\n<div><span class=\"ms-rteThemeForeColor-4-5\">Com esta ferramenta, todos aqueles que vivem, trabalham e visitam \u00c9vora, disp\u00f5em de uma forma instant\u00e2nea e intuitiva de intera\u00e7\u00e3o com o Munic\u00edpio.\u00a0<\/span><\/div>\n<div><span class=\"ms-rteThemeForeColor-4-5\">\u00a0<\/span><\/div>\n<div><span class=\"ms-rteThemeForeColor-4-5\">Aplica\u00e7\u00e3o gratuita para smartphone, compat\u00edvel com todos os sistemas operativos: Android e iOS.<\/span><\/div>\n<div><span class=\"ms-rteThemeForeColor-4-5\">\u00a0<\/span><\/div>\n<div><span class=\"ms-rteThemeForeColor-4-5\">Para fazer a instala\u00e7\u00e3o basta aceder \u00e0 loja do seu smartphone, pesquisar por \u00c9vora e descarregar o ficheiro.<\/span><\/div>\n<div><span class=\"ms-rteThemeForeColor-4-5\">\u00a0<\/span><\/div>\n<div><span class=\"ms-rteThemeForeColor-4-5\">A aplica\u00e7\u00e3o pode ser descarregada aqui:\u200b <a href=\"https:\/\/www.cm-evora.pt\/municipe\/agenda-e-noticias\/media-center\/app-do-municipio\/\" target=\"_blank\" rel=\"noopener noreferrer\">https:\/\/www.cm-evora.pt\/municipe\/agenda-e-noticias\/media-center\/app-do-municipio\/<\/a><\/span><\/div>\n<p><\/p>","protected":false},"excerpt":{"rendered":"<p>Sorry, this entry is only available in Portugu\u00eas. Comunique ocorr\u00eancias, submeta leituras de \u00e1gua e receba not\u00edcias e alertas Esta aplica\u00e7\u00e3o permite ao mun\u00edcipe, \u00e0 dist\u00e2ncia de um toque e em tempo real, comunicar ocorr\u00eancias (roturas de \u00e1gua, queda de sinaliza\u00e7\u00e3o, entre outros), submeter leituras de \u00e1gua ou simplesmente receber as not\u00edcias e alertas emitidos [&hellip;]<\/p>\n","protected":false},"author":45,"featured_media":0,"parent":18828,"menu_order":0,"comment_status":"closed","ping_status":"closed","template":"templates-map\/component-text-layout1.php","meta":{"_acf_changed":false,"footnotes":""},"categories":[],"class_list":["post-19367","page","type-page","status-publish","hentry"],"acf":{"imagens":"","titulo_docs_seccao":"","documentos":""},"_links":{"self":[{"href":"https:\/\/www.cm-evora.pt\/en\/wp-json\/wp\/v2\/pages\/19367","targetHints":{"allow":["GET"]}}],"collection":[{"href":"https:\/\/www.cm-evora.pt\/en\/wp-json\/wp\/v2\/pages"}],"about":[{"href":"https:\/\/www.cm-evora.pt\/en\/wp-json\/wp\/v2\/types\/page"}],"author":[{"embeddable":true,"href":"https:\/\/www.cm-evora.pt\/en\/wp-json\/wp\/v2\/users\/45"}],"replies":[{"embeddable":true,"href":"https:\/\/www.cm-evora.pt\/en\/wp-json\/wp\/v2\/comments?post=19367"}],"version-history":[{"count":3,"href":"https:\/\/www.cm-evora.pt\/en\/wp-json\/wp\/v2\/pages\/19367\/revisions"}],"predecessor-version":[{"id":45840,"href":"https:\/\/www.cm-evora.pt\/en\/wp-json\/wp\/v2\/pages\/19367\/revisions\/45840"}],"up":[{"embeddable":true,"href":"https:\/\/www.cm-evora.pt\/en\/wp-json\/wp\/v2\/pages\/18828"}],"wp:attachment":[{"href":"https:\/\/www.cm-evora.pt\/en\/wp-json\/wp\/v2\/media?parent=19367"}],"wp:term":[{"taxonomy":"category","embeddable":true,"href":"https:\/\/www.cm-evora.pt\/en\/wp-json\/wp\/v2\/categories?post=19367"}],"curies":[{"name":"wp","href":"https:\/\/api.w.org\/{rel}","templated":true}]}}