{"id":19381,"date":"2021-01-15T16:05:43","date_gmt":"2021-01-15T16:05:43","guid":{"rendered":"https:\/\/www.cm-evora.pt\/?page_id=19381"},"modified":"2021-01-15T16:24:30","modified_gmt":"2021-01-15T16:24:30","slug":"sobre-a-desinfecao-de-espacos-publicos","status":"publish","type":"page","link":"https:\/\/www.cm-evora.pt\/en\/municipe\/areas-de-acao\/covid-19-informacao-municipal\/informacao-servicos-do-municipio\/sobre-a-desinfecao-de-espacos-publicos\/","title":{"rendered":"(Portugu\u00eas) Sobre a desinfe\u00e7\u00e3o de espa\u00e7os p\u00fablicos"},"content":{"rendered":"<p class=\"qtranxs-available-languages-message qtranxs-available-languages-message-en\">Sorry, this entry is only available in <a href=\"https:\/\/www.cm-evora.pt\/pt\/wp-json\/wp\/v2\/pages\/19381\" class=\"qtranxs-available-language-link qtranxs-available-language-link-pt\" title=\"Portugu\u00eas\">Portugu\u00eas<\/a>.<\/p><p><\/p>\n<p style=\"text-align: center\"><a href=\"https:\/\/www.cm-evora.pt\/wp-content\/uploads\/2021\/01\/COVID19-banners-INFORMACAO-DesinfecaoEspacosPublicos-639_02.jpg\"><img loading=\"lazy\" decoding=\"async\" class=\"alignnone size-full wp-image-19388\" src=\"https:\/\/www.cm-evora.pt\/wp-content\/uploads\/2021\/01\/COVID19-banners-INFORMACAO-DesinfecaoEspacosPublicos-639_02.jpg\" alt=\"\" width=\"639\" height=\"362\" srcset=\"https:\/\/www.cm-evora.pt\/wp-content\/uploads\/2021\/01\/COVID19-banners-INFORMACAO-DesinfecaoEspacosPublicos-639_02.jpg 639w, https:\/\/www.cm-evora.pt\/wp-content\/uploads\/2021\/01\/COVID19-banners-INFORMACAO-DesinfecaoEspacosPublicos-639_02-300x170.jpg 300w\" sizes=\"auto, (max-width: 639px) 100vw, 639px\" \/><\/a><\/p>\n<p>\u200b\u200bRelativamente \u00e0 desinfe\u00e7\u00e3o de espa\u00e7os p\u00fablicos e ap\u00f3s contacto com a Autoridade de Sa\u00fade Distrital, a mesma informou que aguarda orienta\u00e7\u00f5es da Dire\u00e7\u00e3o-geral de Sa\u00fade, embora se considere que nesta fase a limpeza de espa\u00e7os urbanos n\u00e3o constitui uma prioridade. Refor\u00e7ou a necessidade de limpeza de locais e superf\u00edcies onde possam permanecer pessoas, nomeadamente espa\u00e7os internos, superf\u00edcies, puxadores de portas, entre outros, de acordo com as orienta\u00e7\u00f5es da DGS em vigor, medidas implementadas no Munic\u00edpio desde o momento em\u00a0 que foram determinadas. A C\u00e2mara Municipal continuar\u00e1 a acompanhar a evolu\u00e7\u00e3o da situa\u00e7\u00e3o em perman\u00eancia e adotar as medidas necess\u00e1rias, n\u00e3o poupando esfor\u00e7os quanto ao que tiver que ser feito para combater esta doen\u00e7a.<\/p>","protected":false},"excerpt":{"rendered":"<p>Sorry, this entry is only available in Portugu\u00eas. \u200b\u200bRelativamente \u00e0 desinfe\u00e7\u00e3o de espa\u00e7os p\u00fablicos e ap\u00f3s contacto com a Autoridade de Sa\u00fade Distrital, a mesma informou que aguarda orienta\u00e7\u00f5es da Dire\u00e7\u00e3o-geral de Sa\u00fade, embora se considere que nesta fase a limpeza de espa\u00e7os urbanos n\u00e3o constitui uma prioridade. Refor\u00e7ou a necessidade de limpeza de locais [&hellip;]<\/p>\n","protected":false},"author":45,"featured_media":0,"parent":18828,"menu_order":2,"comment_status":"closed","ping_status":"closed","template":"templates-map\/component-text-layout1.php","meta":{"_acf_changed":false,"footnotes":""},"categories":[],"class_list":["post-19381","page","type-page","status-publish","hentry"],"acf":{"imagens":"","titulo_docs_seccao":"","documentos":""},"_links":{"self":[{"href":"https:\/\/www.cm-evora.pt\/en\/wp-json\/wp\/v2\/pages\/19381","targetHints":{"allow":["GET"]}}],"collection":[{"href":"https:\/\/www.cm-evora.pt\/en\/wp-json\/wp\/v2\/pages"}],"about":[{"href":"https:\/\/www.cm-evora.pt\/en\/wp-json\/wp\/v2\/types\/page"}],"author":[{"embeddable":true,"href":"https:\/\/www.cm-evora.pt\/en\/wp-json\/wp\/v2\/users\/45"}],"replies":[{"embeddable":true,"href":"https:\/\/www.cm-evora.pt\/en\/wp-json\/wp\/v2\/comments?post=19381"}],"version-history":[{"count":4,"href":"https:\/\/www.cm-evora.pt\/en\/wp-json\/wp\/v2\/pages\/19381\/revisions"}],"predecessor-version":[{"id":19397,"href":"https:\/\/www.cm-evora.pt\/en\/wp-json\/wp\/v2\/pages\/19381\/revisions\/19397"}],"up":[{"embeddable":true,"href":"https:\/\/www.cm-evora.pt\/en\/wp-json\/wp\/v2\/pages\/18828"}],"wp:attachment":[{"href":"https:\/\/www.cm-evora.pt\/en\/wp-json\/wp\/v2\/media?parent=19381"}],"wp:term":[{"taxonomy":"category","embeddable":true,"href":"https:\/\/www.cm-evora.pt\/en\/wp-json\/wp\/v2\/categories?post=19381"}],"curies":[{"name":"wp","href":"https:\/\/api.w.org\/{rel}","templated":true}]}}