{"id":19383,"date":"2021-01-15T16:05:57","date_gmt":"2021-01-15T16:05:57","guid":{"rendered":"https:\/\/www.cm-evora.pt\/?page_id=19383"},"modified":"2021-01-15T16:23:27","modified_gmt":"2021-01-15T16:23:27","slug":"protecao-civil-municipal-cria-subcomissao-permanente-de-saude","status":"publish","type":"page","link":"https:\/\/www.cm-evora.pt\/en\/municipe\/areas-de-acao\/covid-19-informacao-municipal\/informacao-servicos-do-municipio\/protecao-civil-municipal-cria-subcomissao-permanente-de-saude\/","title":{"rendered":"(Portugu\u00eas) Prote\u00e7\u00e3o Civil Municipal cria subcomiss\u00e3o permanente de sa\u00fade"},"content":{"rendered":"<p class=\"qtranxs-available-languages-message qtranxs-available-languages-message-en\">Sorry, this entry is only available in <a href=\"https:\/\/www.cm-evora.pt\/pt\/wp-json\/wp\/v2\/pages\/19383\" class=\"qtranxs-available-language-link qtranxs-available-language-link-pt\" title=\"Portugu\u00eas\">Portugu\u00eas<\/a>.<\/p><p><\/p>\n<p style=\"text-align: center\"><a href=\"https:\/\/www.cm-evora.pt\/wp-content\/uploads\/2021\/01\/COVID19-banners-INFORMACAO-SMPCSubcomissaoSaude-639.jpg\"><img loading=\"lazy\" decoding=\"async\" class=\"alignnone size-full wp-image-19395\" src=\"https:\/\/www.cm-evora.pt\/wp-content\/uploads\/2021\/01\/COVID19-banners-INFORMACAO-SMPCSubcomissaoSaude-639.jpg\" alt=\"\" width=\"639\" height=\"362\" srcset=\"https:\/\/www.cm-evora.pt\/wp-content\/uploads\/2021\/01\/COVID19-banners-INFORMACAO-SMPCSubcomissaoSaude-639.jpg 639w, https:\/\/www.cm-evora.pt\/wp-content\/uploads\/2021\/01\/COVID19-banners-INFORMACAO-SMPCSubcomissaoSaude-639-300x170.jpg 300w\" sizes=\"auto, (max-width: 639px) 100vw, 639px\" \/><\/a><\/p>\n<p>\u200bA Comiss\u00e3o Municipal de Prote\u00e7\u00e3o Civil decidiu criar uma subcomiss\u00e3o permanente de sa\u00fade para o acompanhamento da situa\u00e7\u00e3o do COVID-19 no Concelho de \u00c9vora. Esta subcomiss\u00e3o procurar\u00e1 agilizar contactos entre todas entidades envolvidas, proporcionando assim uma resposta r\u00e1pida a todas as situa\u00e7\u00f5es relacionadas com a pandemia do novo coronav\u00edrus.\u200b<\/p>\n<p>&nbsp;<\/p>","protected":false},"excerpt":{"rendered":"<p>Sorry, this entry is only available in Portugu\u00eas. \u200bA Comiss\u00e3o Municipal de Prote\u00e7\u00e3o Civil decidiu criar uma subcomiss\u00e3o permanente de sa\u00fade para o acompanhamento da situa\u00e7\u00e3o do COVID-19 no Concelho de \u00c9vora. Esta subcomiss\u00e3o procurar\u00e1 agilizar contactos entre todas entidades envolvidas, proporcionando assim uma resposta r\u00e1pida a todas as situa\u00e7\u00f5es relacionadas com a pandemia do [&hellip;]<\/p>\n","protected":false},"author":45,"featured_media":0,"parent":18828,"menu_order":3,"comment_status":"closed","ping_status":"closed","template":"templates-map\/component-text-layout1.php","meta":{"_acf_changed":false,"footnotes":""},"categories":[],"class_list":["post-19383","page","type-page","status-publish","hentry"],"acf":{"imagens":"","titulo_docs_seccao":"","documentos":""},"_links":{"self":[{"href":"https:\/\/www.cm-evora.pt\/en\/wp-json\/wp\/v2\/pages\/19383","targetHints":{"allow":["GET"]}}],"collection":[{"href":"https:\/\/www.cm-evora.pt\/en\/wp-json\/wp\/v2\/pages"}],"about":[{"href":"https:\/\/www.cm-evora.pt\/en\/wp-json\/wp\/v2\/types\/page"}],"author":[{"embeddable":true,"href":"https:\/\/www.cm-evora.pt\/en\/wp-json\/wp\/v2\/users\/45"}],"replies":[{"embeddable":true,"href":"https:\/\/www.cm-evora.pt\/en\/wp-json\/wp\/v2\/comments?post=19383"}],"version-history":[{"count":2,"href":"https:\/\/www.cm-evora.pt\/en\/wp-json\/wp\/v2\/pages\/19383\/revisions"}],"predecessor-version":[{"id":19396,"href":"https:\/\/www.cm-evora.pt\/en\/wp-json\/wp\/v2\/pages\/19383\/revisions\/19396"}],"up":[{"embeddable":true,"href":"https:\/\/www.cm-evora.pt\/en\/wp-json\/wp\/v2\/pages\/18828"}],"wp:attachment":[{"href":"https:\/\/www.cm-evora.pt\/en\/wp-json\/wp\/v2\/media?parent=19383"}],"wp:term":[{"taxonomy":"category","embeddable":true,"href":"https:\/\/www.cm-evora.pt\/en\/wp-json\/wp\/v2\/categories?post=19383"}],"curies":[{"name":"wp","href":"https:\/\/api.w.org\/{rel}","templated":true}]}}