{"id":19384,"date":"2021-01-15T16:06:28","date_gmt":"2021-01-15T16:06:28","guid":{"rendered":"https:\/\/www.cm-evora.pt\/?page_id=19384"},"modified":"2022-01-06T09:35:37","modified_gmt":"2022-01-06T09:35:37","slug":"banco-de-solidariedade","status":"publish","type":"page","link":"https:\/\/www.cm-evora.pt\/en\/municipe\/areas-de-acao\/covid-19-informacao-municipal\/informacao-servicos-do-municipio\/banco-de-solidariedade\/","title":{"rendered":"(Portugu\u00eas) Banco de Solidariedade"},"content":{"rendered":"<p class=\"qtranxs-available-languages-message qtranxs-available-languages-message-en\">Sorry, this entry is only available in <a href=\"https:\/\/www.cm-evora.pt\/pt\/wp-json\/wp\/v2\/pages\/19384\" class=\"qtranxs-available-language-link qtranxs-available-language-link-pt\" title=\"Portugu\u00eas\">Portugu\u00eas<\/a>.<\/p><p><\/p>\n<h3 style=\"text-align: center\"><a href=\"mailto:gapv@cm-evora.pt\" target=\"_blank\" rel=\"noopener noreferrer\">gapv@cm-evora.pt<\/a> | <a href=\"tel:+351266777081\" target=\"_blank\" rel=\"noopener\">+351 266 777 081<\/a><\/h3>\n<p style=\"text-align: center\"><a href=\"https:\/\/www.cm-evora.pt\/wp-content\/uploads\/2021\/01\/COVID19-banners-INFORMACAO-BancoSolidariedade-639.jpg\"><img loading=\"lazy\" decoding=\"async\" class=\"alignnone size-full wp-image-19398\" src=\"https:\/\/www.cm-evora.pt\/wp-content\/uploads\/2021\/01\/COVID19-banners-INFORMACAO-BancoSolidariedade-639.jpg\" alt=\"\" width=\"639\" height=\"362\" srcset=\"https:\/\/www.cm-evora.pt\/wp-content\/uploads\/2021\/01\/COVID19-banners-INFORMACAO-BancoSolidariedade-639.jpg 639w, https:\/\/www.cm-evora.pt\/wp-content\/uploads\/2021\/01\/COVID19-banners-INFORMACAO-BancoSolidariedade-639-300x170.jpg 300w\" sizes=\"auto, (max-width: 639px) 100vw, 639px\" \/><\/a><\/p>\n<div><span class=\"ms-rteThemeForeColor-4-5\"><strong>CME cria equipa em contacto permanente com o Servi\u00e7o Municipal de Prote\u00e7\u00e3o Civil\u200b<\/strong><\/span><\/div>\n<div><span class=\"ms-rteThemeForeColor-4-5\">Neste momento de emerg\u00eancia de sa\u00fade p\u00fablica, relacionada com o surto do novo Coronav\u00edrus &#8211; COVID-19, \u00e9 de assinalar o grande n\u00famero de contactos que t\u00eam existido com a C\u00e2mara Municipal de \u00c9vora por parte de particulares e empresas disponibilizando os mais variados tipos de apoio.<\/span><\/div>\n<div><span class=\"ms-rteThemeForeColor-4-5\">\u00a0<\/span><\/div>\n<div><span class=\"ms-rteThemeForeColor-4-5\">Agradece-se a todos aqueles que se t\u00eam vindo a disponibilizar para mitigar os impactos sociais e econ\u00f3micos relacionados com esta pandemia e informa-se que, para este efeito, e de forma a racionalizar e otimizar recursos, a C\u00e2mara Municipal de \u00c9vora constituiu uma equipa que estar\u00e1 em contacto permanente com o Servi\u00e7o Municipal de Prote\u00e7\u00e3o Civil, tendo criado um endere\u00e7o de correio eletr\u00f3nico (<a title=\"gapv@cm-evora.pt\" href=\"mailto:gapv@cm-evora.pt\" target=\"_blank\" rel=\"noopener noreferrer\"><span class=\"ms-rteForeColor-8\">gapv@cm-evora.pt<\/span>\u200b<\/a>) e disponibilizando a linha telef\u00f3nica (<a href=\"tel:+351266777081\" target=\"_blank\" rel=\"noopener\">+351 266 777 081<\/a>), que funcionar\u00e1, nos dias \u00fateis, entre as 9h00 e as 17h30.<\/span><\/div>\n<div><span class=\"ms-rteThemeForeColor-4-5\">\u00a0<\/span><\/div>\n<div><span class=\"ms-rteThemeForeColor-4-5\">Os referidos contactos n\u00e3o servir\u00e3o para o esclarecimento de quest\u00f5es de sa\u00fade p\u00fablica, tais como sintomas e medidas gerais de prote\u00e7\u00e3o, as quais devem seguir os canais pr\u00f3prios e j\u00e1 existentes, nomeadamente\u00a0<a title=\"https:\/\/covid19.min-saude.pt\/\" href=\"https:\/\/covid19.min-saude.pt\/\" target=\"_blank\" rel=\"noopener noreferrer\"><span class=\"ms-rteForeColor-8\">https:\/\/covid19.min-saude.pt\/\u200b<\/span><\/a>\u00a0e linha telef\u00f3nica 808 24 24 24.\u200b<\/span><\/div>\n<p><\/p>","protected":false},"excerpt":{"rendered":"<p>Sorry, this entry is only available in Portugu\u00eas. gapv@cm-evora.pt | +351 266 777 081 CME cria equipa em contacto permanente com o Servi\u00e7o Municipal de Prote\u00e7\u00e3o Civil\u200b Neste momento de emerg\u00eancia de sa\u00fade p\u00fablica, relacionada com o surto do novo Coronav\u00edrus &#8211; COVID-19, \u00e9 de assinalar o grande n\u00famero de contactos que t\u00eam existido com [&hellip;]<\/p>\n","protected":false},"author":45,"featured_media":0,"parent":18828,"menu_order":4,"comment_status":"closed","ping_status":"closed","template":"templates-map\/component-text-layout1.php","meta":{"_acf_changed":false,"footnotes":""},"categories":[],"class_list":["post-19384","page","type-page","status-publish","hentry"],"acf":{"imagens":"","titulo_docs_seccao":"","documentos":""},"_links":{"self":[{"href":"https:\/\/www.cm-evora.pt\/en\/wp-json\/wp\/v2\/pages\/19384","targetHints":{"allow":["GET"]}}],"collection":[{"href":"https:\/\/www.cm-evora.pt\/en\/wp-json\/wp\/v2\/pages"}],"about":[{"href":"https:\/\/www.cm-evora.pt\/en\/wp-json\/wp\/v2\/types\/page"}],"author":[{"embeddable":true,"href":"https:\/\/www.cm-evora.pt\/en\/wp-json\/wp\/v2\/users\/45"}],"replies":[{"embeddable":true,"href":"https:\/\/www.cm-evora.pt\/en\/wp-json\/wp\/v2\/comments?post=19384"}],"version-history":[{"count":3,"href":"https:\/\/www.cm-evora.pt\/en\/wp-json\/wp\/v2\/pages\/19384\/revisions"}],"predecessor-version":[{"id":30631,"href":"https:\/\/www.cm-evora.pt\/en\/wp-json\/wp\/v2\/pages\/19384\/revisions\/30631"}],"up":[{"embeddable":true,"href":"https:\/\/www.cm-evora.pt\/en\/wp-json\/wp\/v2\/pages\/18828"}],"wp:attachment":[{"href":"https:\/\/www.cm-evora.pt\/en\/wp-json\/wp\/v2\/media?parent=19384"}],"wp:term":[{"taxonomy":"category","embeddable":true,"href":"https:\/\/www.cm-evora.pt\/en\/wp-json\/wp\/v2\/categories?post=19384"}],"curies":[{"name":"wp","href":"https:\/\/api.w.org\/{rel}","templated":true}]}}